{"id":61949,"date":"2025-09-13T12:34:54","date_gmt":"2025-09-13T18:34:54","guid":{"rendered":"https:\/\/iselamendez.mx\/farmacia\/?post_type=product&#038;p=61949"},"modified":"2026-04-01T03:24:06","modified_gmt":"2026-04-01T09:24:06","slug":"isdin-ureadin-manos-plus-crema-50ml","status":"publish","type":"product","link":"https:\/\/iselamendez.mx\/farmacia\/tienda\/funcion\/tratamiento\/hidratacion\/isdin-ureadin-manos-plus-crema-50ml\/","title":{"rendered":"ISDIN Ureadin Manos Plus Crema 50ml"},"content":{"rendered":"<h5 data-start=\"1643\" data-end=\"1656\"><strong data-start=\"464\" data-end=\"492\">Tipo de piel recomendado <\/strong>Piel seca, \u00e1spera, agrietada, manos muy secas; tambi\u00e9n indicada para usarla varias veces al d\u00eda; apto para uso frecuente y diario.<\/h5>\n<h2 data-start=\"1643\" data-end=\"1656\">Beneficios<\/h2>\n<ul data-start=\"1658\" data-end=\"2327\">\n<li data-start=\"1658\" data-end=\"1814\">\n<p data-start=\"1660\" data-end=\"1814\">Hidrata intensamente la piel de las manos, ayudando a retener agua y restaurar los niveles \u00f3ptimos de hidrataci\u00f3n.<\/p>\n<\/li>\n<li data-start=\"1815\" data-end=\"1891\">\n<p data-start=\"1817\" data-end=\"1891\">Repara grietas y zonas agrietadas.<\/p>\n<\/li>\n<li data-start=\"1892\" data-end=\"2019\">\n<p data-start=\"1894\" data-end=\"2019\">Mejora la textura: suaviza la piel, la deja m\u00e1s el\u00e1stica y con tacto m\u00e1s confortable.<\/p>\n<\/li>\n<li data-start=\"2020\" data-end=\"2197\">\n<p data-start=\"2022\" data-end=\"2197\">Ayuda a prevenir signos de envejecimiento de manos, gracias a los antioxidantes (como la Coenzima Q10) que combaten radicales libres.<\/p>\n<\/li>\n<li data-start=\"2198\" data-end=\"2327\">\n<p data-start=\"2200\" data-end=\"2327\">F\u00f3rmula de r\u00e1pida absorci\u00f3n, lo que evita que quede una sensaci\u00f3n grasosa o pegajosa.<\/p>\n<\/li>\n<\/ul>\n<h2 data-start=\"2334\" data-end=\"2348\">Modo de uso<\/h2>\n<ol data-start=\"2350\" data-end=\"2747\">\n<li data-start=\"2350\" data-end=\"2478\">\n<p data-start=\"2353\" data-end=\"2478\">Aplicar <strong data-start=\"2361\" data-end=\"2385\">una peque\u00f1a cantidad<\/strong> de crema sobre la piel limpia y seca de las manos. <span class=\"\" data-state=\"closed\"><span class=\"ms-1 inline-flex max-w-full items-center relative top-[-0.094rem] animate-[show_150ms_ease-in]\" data-testid=\"webpage-citation-pill\"><a class=\"flex h-4.5 overflow-hidden rounded-xl px-2 text-[9px] font-medium text-token-text-secondary! bg-[#F4F4F4]! dark:bg-[#303030]! transition-colors duration-150 ease-in-out\" href=\"https:\/\/www.isdin.com\/es-MX\/producto\/ureadin\/crema-de-manos-reparadora%20%20?utm_source=chatgpt.com\" target=\"_blank\" rel=\"noopener\"><span class=\"relative start-0 bottom-0 flex h-full w-full items-center\"><span class=\"flex h-4 w-full items-center justify-between\"><span class=\"max-w-[15ch] grow truncate overflow-hidden text-center\">Isdin<\/span><span class=\"-me-1 flex h-full items-center rounded-full px-1 text-[#8F8F8F]\">+2<\/span><\/span><span class=\"flex h-4 w-full items-center justify-between absolute\"><span class=\"max-w-[15ch] grow truncate overflow-hidden text-center\">Farmacias Tr\u00e9bol<\/span><span class=\"-me-1 flex h-full items-center rounded-full px-1 text-[#8F8F8F]\">+2<\/span><\/span><\/span><\/a><\/span><\/span><\/p>\n<\/li>\n<li data-start=\"2479\" data-end=\"2588\">\n<p data-start=\"2482\" data-end=\"2588\">Masajear suavemente hasta que la crema se absorba completamente. <span class=\"\" data-state=\"closed\"><span class=\"ms-1 inline-flex max-w-full items-center relative top-[-0.094rem] animate-[show_150ms_ease-in]\" data-testid=\"webpage-citation-pill\"><a class=\"flex h-4.5 overflow-hidden rounded-xl px-2 text-[9px] font-medium text-token-text-secondary! bg-[#F4F4F4]! dark:bg-[#303030]! transition-colors duration-150 ease-in-out\" href=\"https:\/\/www.idermo.com\/es\/mujer\/item\/ureadin-crema-manos-reparadora-plus?utm_source=chatgpt.com\" target=\"_blank\" rel=\"noopener\"><span class=\"relative start-0 bottom-0 flex h-full w-full items-center\"><span class=\"flex h-4 w-full items-center justify-between\"><span class=\"max-w-[15ch] grow truncate overflow-hidden text-center\">idermo.com<\/span><span class=\"-me-1 flex h-full items-center rounded-full px-1 text-[#8F8F8F]\">+2<\/span><\/span><span class=\"flex h-4 w-full items-center justify-between absolute\"><span class=\"max-w-[15ch] grow truncate overflow-hidden text-center\">Isdin<\/span><span class=\"-me-1 flex h-full items-center rounded-full px-1 text-[#8F8F8F]\">+2<\/span><\/span><\/span><\/a><\/span><\/span><\/p>\n<\/li>\n<li data-start=\"2589\" data-end=\"2747\">\n<p data-start=\"2592\" data-end=\"2747\">Usar <strong data-start=\"2597\" data-end=\"2632\">tantas veces como sea necesario<\/strong>, especialmente despu\u00e9s de lavarse las manos o cuando se sienta sequedad. <span class=\"\" data-state=\"closed\"><span class=\"ms-1 inline-flex max-w-full items-center relative top-[-0.094rem] animate-[show_150ms_ease-in]\" data-testid=\"webpage-citation-pill\"><a class=\"flex h-4.5 overflow-hidden rounded-xl px-2 text-[9px] font-medium text-token-text-secondary! bg-[#F4F4F4]! dark:bg-[#303030]! transition-colors duration-150 ease-in-out\" href=\"https:\/\/www.isdin.com\/es-MX\/producto\/ureadin\/crema-de-manos-reparadora%20%20?utm_source=chatgpt.com\" target=\"_blank\" rel=\"noopener\"><span class=\"relative start-0 bottom-0 flex h-full w-full items-center\"><span class=\"flex h-4 w-full items-center justify-between\"><span class=\"max-w-[15ch] grow truncate overflow-hidden text-center\">Isdin<\/span><span class=\"-me-1 flex h-full items-center rounded-full px-1 text-[#8F8F8F]\">+2<\/span><\/span><span class=\"flex h-4 w-full items-center justify-between absolute\"><span class=\"max-w-[15ch] grow truncate overflow-hidden text-center\">Farmacias Tr\u00e9bol<\/span><span class=\"-me-1 flex h-full items-center rounded-full px-1 text-[#8F8F8F]\">+2<\/span><\/span><\/span><\/a><\/span><\/span><\/p>\n<\/li>\n<\/ol>\n","protected":false},"excerpt":{"rendered":"<p>Tipo de piel recomendado Piel seca, \u00e1spera, agrietada, manos muy secas; tambi\u00e9n indicada para usarla varias veces al d\u00eda; apto para uso frecuente y diario. Beneficios Hidrata intensamente la piel de las manos, ayudando a retener agua y restaurar los [&hellip;]<\/p>\n","protected":false},"featured_media":62217,"comment_status":"open","ping_status":"closed","template":"","meta":[],"product_brand":[436],"product_cat":[490,210,157,519,45,110,272,113,590],"product_tag":[],"class_list":{"0":"post-61949","1":"product","2":"type-product","3":"status-publish","4":"has-post-thumbnail","6":"product_brand-isdin","7":"product_cat-crema-para-manos","8":"product_cat-hidratante","9":"product_cat-hidratacion","10":"product_cat-invierno","11":"product_cat-isdin","12":"product_cat-manos","13":"product_cat-piel-seca","14":"product_cat-piel-sensible","15":"product_cat-semana-santa","17":"first","18":"outofstock","19":"shipping-taxable","20":"purchasable","21":"product-type-simple"},"aioseo_notices":[],"_links":{"self":[{"href":"https:\/\/iselamendez.mx\/farmacia\/wp-json\/wp\/v2\/product\/61949","targetHints":{"allow":["GET"]}}],"collection":[{"href":"https:\/\/iselamendez.mx\/farmacia\/wp-json\/wp\/v2\/product"}],"about":[{"href":"https:\/\/iselamendez.mx\/farmacia\/wp-json\/wp\/v2\/types\/product"}],"replies":[{"embeddable":true,"href":"https:\/\/iselamendez.mx\/farmacia\/wp-json\/wp\/v2\/comments?post=61949"}],"wp:featuredmedia":[{"embeddable":true,"href":"https:\/\/iselamendez.mx\/farmacia\/wp-json\/wp\/v2\/media\/62217"}],"wp:attachment":[{"href":"https:\/\/iselamendez.mx\/farmacia\/wp-json\/wp\/v2\/media?parent=61949"}],"wp:term":[{"taxonomy":"product_brand","embeddable":true,"href":"https:\/\/iselamendez.mx\/farmacia\/wp-json\/wp\/v2\/product_brand?post=61949"},{"taxonomy":"product_cat","embeddable":true,"href":"https:\/\/iselamendez.mx\/farmacia\/wp-json\/wp\/v2\/product_cat?post=61949"},{"taxonomy":"product_tag","embeddable":true,"href":"https:\/\/iselamendez.mx\/farmacia\/wp-json\/wp\/v2\/product_tag?post=61949"}],"curies":[{"name":"wp","href":"https:\/\/api.w.org\/{rel}","templated":true}]}}