{"id":62581,"date":"2025-09-23T12:15:26","date_gmt":"2025-09-23T18:15:26","guid":{"rendered":"https:\/\/iselamendez.mx\/farmacia\/?post_type=product&#038;p=62581"},"modified":"2026-04-15T10:43:00","modified_gmt":"2026-04-15T16:43:00","slug":"medik8-advanced-day-ultimate-protect-50ml","status":"publish","type":"product","link":"https:\/\/iselamendez.mx\/farmacia\/tienda\/funcion\/tratamiento\/anti-edad\/medik8-advanced-day-ultimate-protect-50ml\/","title":{"rendered":"Medik8 Advanced Day Ultimate Protect 50ml"},"content":{"rendered":"<h2><strong>Medik8 Advanced Day Ultimate Protect 50ml<\/strong><\/h2>\n<p>&nbsp;<\/p>\n<table style=\"height: 33px;\" width=\"1151\">\n<tbody>\n<tr data-start=\"388\" data-end=\"537\">\n<td data-start=\"388\" data-end=\"407\" data-col-size=\"sm\"><strong>Tipo de producto<\/strong><\/td>\n<td data-start=\"407\" data-end=\"537\" data-col-size=\"xl\">Crema solar d\u00eda anti\u2011edad + hidratante con protecci\u00f3n amplia contra factores ambientales<\/td>\n<\/tr>\n<\/tbody>\n<\/table>\n<table style=\"height: 36px;\" width=\"1153\">\n<tbody>\n<tr data-start=\"538\" data-end=\"618\">\n<td data-start=\"538\" data-end=\"560\" data-col-size=\"sm\"><strong>FPS \/ Protecci\u00f3n UV<\/strong><\/td>\n<td data-start=\"560\" data-end=\"618\" data-col-size=\"xl\">SPF 50+ \/ PA++++<\/td>\n<\/tr>\n<\/tbody>\n<\/table>\n<table style=\"height: 36px;\" width=\"1153\">\n<tbody>\n<tr data-start=\"619\" data-end=\"797\">\n<td data-start=\"619\" data-end=\"655\" data-col-size=\"sm\"><strong>Filtros UV \/ protecci\u00f3n adicional<\/strong><\/td>\n<td data-col-size=\"xl\" data-start=\"655\" data-end=\"797\">Filtros modernos foto\u2010estables, defensa frente a UVA, UVB, luz azul, infrarrojo, poluci\u00f3n, glicaci\u00f3n<\/td>\n<\/tr>\n<\/tbody>\n<\/table>\n<table>\n<tbody>\n<tr data-start=\"798\" data-end=\"1372\">\n<td data-start=\"798\" data-end=\"819\" data-col-size=\"sm\"><strong>Activos destacados<\/strong><\/td>\n<td data-col-size=\"xl\" data-start=\"819\" data-end=\"1372\">\u2022 Photolyase (enzima reparadora de ADN activada por luz)<br \/>\n\u2022 Escualano (squalane) como l\u00edpido que nutre y refuerza la barrera cut\u00e1nea<br \/>\n\u2022 \u00c1cido hialur\u00f3nico de m\u00faltiples pesos moleculares para hidrataci\u00f3n en diferentes capas de la piel<br \/>\n\u2022 Extracto de semilla de ar\u00e1ndano (blueberry seed oil), extracto de Marrubium vulgare y carnosina para defensa ambiental, anti\u2010glicaci\u00f3n, anti poluci\u00f3n<\/td>\n<\/tr>\n<\/tbody>\n<\/table>\n<table style=\"height: 36px;\" width=\"1157\">\n<tbody>\n<tr data-start=\"1373\" data-end=\"1533\">\n<td data-start=\"1373\" data-end=\"1393\" data-col-size=\"sm\"><strong>Textura \/ acabado<\/strong><\/td>\n<td data-col-size=\"xl\" data-start=\"1393\" data-end=\"1533\">No graso, acabado invisible incluso en tonos de piel variados, se puede usar debajo del maquillaje<\/td>\n<\/tr>\n<\/tbody>\n<\/table>\n<table style=\"height: 31px;\" width=\"1156\">\n<tbody>\n<tr data-start=\"1534\" data-end=\"1704\">\n<td data-start=\"1534\" data-end=\"1542\" data-col-size=\"sm\"><strong>Otros<\/strong><\/td>\n<td data-start=\"1542\" data-end=\"1704\" data-col-size=\"xl\">Libre de parabenos, sin colores sint\u00e9ticos, sin fragancia artificial, no comedog\u00e9nico, apto para uso diario todo el a\u00f1o.<\/td>\n<\/tr>\n<\/tbody>\n<\/table>\n<h2 data-start=\"1711\" data-end=\"1724\">Beneficios<\/h2>\n<ul data-start=\"1726\" data-end=\"2776\">\n<li data-start=\"1726\" data-end=\"1860\">\n<p data-start=\"1728\" data-end=\"1860\">Proporciona <strong data-start=\"1740\" data-end=\"1765\">protecci\u00f3n solar alta<\/strong> contra rayos UVB (que queman) y UVA (que envejecen).<\/p>\n<\/li>\n<li data-start=\"1861\" data-end=\"2006\">\n<p data-start=\"1863\" data-end=\"2006\">Ayuda a <strong data-start=\"1871\" data-end=\"1898\">reparar el da\u00f1o del ADN<\/strong> producido por la exposici\u00f3n solar gracias a la enzima photolyase.<\/p>\n<\/li>\n<li data-start=\"2007\" data-end=\"2179\">\n<p data-start=\"2009\" data-end=\"2179\">Defensa contra otros agresores ambientales: luz azul de pantallas o luz natural, contaminaci\u00f3n, da\u00f1o por infrarrojo y glicaci\u00f3n.<\/p>\n<\/li>\n<li data-start=\"2180\" data-end=\"2389\">\n<p data-start=\"2182\" data-end=\"2389\">Hidrataci\u00f3n duradera: gracias al escualano y al \u00e1cido hialur\u00f3nico de distintos pesos moleculares. Contribuyen a mantener la piel flexible, suave y con buena barrera.<\/p>\n<\/li>\n<li data-start=\"2390\" data-end=\"2566\">\n<p data-start=\"2392\" data-end=\"2566\">Acabado est\u00e9tico agradable: acabado invisible (\u201cno white cast\u201d), se puede aplicar debajo del maquillaje sin dejar residuos visibles.<\/p>\n<\/li>\n<li data-start=\"2567\" data-end=\"2776\">\n<p data-start=\"2569\" data-end=\"2776\">Beneficio anti\u2011edad: reducen la apariencia de l\u00edneas finas y arrugas con uso continuado; tambi\u00e9n ayuda a prevenir manchas, decoloraciones y envejecimiento prematuro.<\/p>\n<\/li>\n<\/ul>\n<hr data-start=\"2778\" data-end=\"2781\" \/>\n<h2 data-start=\"2783\" data-end=\"2797\">Modo de uso<\/h2>\n<ol data-start=\"2799\" data-end=\"3713\">\n<li data-start=\"2799\" data-end=\"2967\">\n<p data-start=\"2802\" data-end=\"2967\"><strong data-start=\"2802\" data-end=\"2835\">Limpieza y resto de la rutina<\/strong>: usar como \u00faltimo paso de tu rutina matutina (despu\u00e9s de limpieza, t\u00f3nicos, s\u00e9rums, etc.)<\/p>\n<\/li>\n<li data-start=\"2968\" data-end=\"3168\">\n<p data-start=\"2971\" data-end=\"3168\"><strong data-start=\"2971\" data-end=\"2983\">Cantidad<\/strong>: aplicar 5 \u201cpumps\u201d (bombitas) que equivalen aproximadamente a <strong data-start=\"3046\" data-end=\"3066\">\u00bc de cucharadita<\/strong> para rostro, y otros 5 para cuello y escote si lo incluyes.<\/p>\n<\/li>\n<li data-start=\"3169\" data-end=\"3348\">\n<p data-start=\"3172\" data-end=\"3348\"><strong data-start=\"3172\" data-end=\"3194\">Modo de aplicaci\u00f3n<\/strong>: extender con movimientos suaves ascendentes, evitando el \u00e1rea de los ojos. Dejar que se absorba completamente.<\/p>\n<\/li>\n<li data-start=\"3349\" data-end=\"3556\">\n<p data-start=\"3352\" data-end=\"3556\"><strong data-start=\"3352\" data-end=\"3368\">Reaplicaci\u00f3n<\/strong>: si est\u00e1s expuesto al sol directo, reaplicar cada <strong data-start=\"3419\" data-end=\"3430\">2 horas<\/strong>. En circunstancias normales, volver a aplicar durante el d\u00eda si lo crees necesario.<\/p>\n<\/li>\n<li data-start=\"3557\" data-end=\"3713\">\n<p data-start=\"3560\" data-end=\"3713\"><strong data-start=\"3560\" data-end=\"3574\">Uso diario<\/strong>: ideal para todos los d\u00edas, todas las estaciones; tambi\u00e9n se puede aplicar antes del maquillaje.<\/p>\n<\/li>\n<\/ol>\n","protected":false},"excerpt":{"rendered":"<p>Medik8 Advanced Day Ultimate Protect 50ml &nbsp; Tipo de producto Crema solar d\u00eda anti\u2011edad + hidratante con protecci\u00f3n amplia contra factores ambientales FPS \/ Protecci\u00f3n UV SPF 50+ \/ PA++++ Filtros UV \/ protecci\u00f3n adicional Filtros modernos foto\u2010estables, defensa frente [&hellip;]<\/p>\n","protected":false},"featured_media":63034,"comment_status":"open","ping_status":"closed","template":"","meta":[],"product_brand":[381],"product_cat":[152,161,210,157,519,299,486,83,79,590],"product_tag":[],"class_list":{"0":"post-62581","1":"product","2":"type-product","3":"status-publish","4":"has-post-thumbnail","6":"product_brand-medik8","7":"product_cat-anti-edad","8":"product_cat-crema-facial-tipo-de-producto","9":"product_cat-hidratante","10":"product_cat-hidratacion","11":"product_cat-invierno","12":"product_cat-medik8","13":"product_cat-promociones-2026","14":"product_cat-protector-solar","15":"product_cat-rostro","16":"product_cat-semana-santa","18":"first","19":"instock","20":"shipping-taxable","21":"purchasable","22":"product-type-simple"},"aioseo_notices":[],"_links":{"self":[{"href":"https:\/\/iselamendez.mx\/farmacia\/wp-json\/wp\/v2\/product\/62581","targetHints":{"allow":["GET"]}}],"collection":[{"href":"https:\/\/iselamendez.mx\/farmacia\/wp-json\/wp\/v2\/product"}],"about":[{"href":"https:\/\/iselamendez.mx\/farmacia\/wp-json\/wp\/v2\/types\/product"}],"replies":[{"embeddable":true,"href":"https:\/\/iselamendez.mx\/farmacia\/wp-json\/wp\/v2\/comments?post=62581"}],"wp:featuredmedia":[{"embeddable":true,"href":"https:\/\/iselamendez.mx\/farmacia\/wp-json\/wp\/v2\/media\/63034"}],"wp:attachment":[{"href":"https:\/\/iselamendez.mx\/farmacia\/wp-json\/wp\/v2\/media?parent=62581"}],"wp:term":[{"taxonomy":"product_brand","embeddable":true,"href":"https:\/\/iselamendez.mx\/farmacia\/wp-json\/wp\/v2\/product_brand?post=62581"},{"taxonomy":"product_cat","embeddable":true,"href":"https:\/\/iselamendez.mx\/farmacia\/wp-json\/wp\/v2\/product_cat?post=62581"},{"taxonomy":"product_tag","embeddable":true,"href":"https:\/\/iselamendez.mx\/farmacia\/wp-json\/wp\/v2\/product_tag?post=62581"}],"curies":[{"name":"wp","href":"https:\/\/api.w.org\/{rel}","templated":true}]}}