{"id":62584,"date":"2025-09-23T12:51:47","date_gmt":"2025-09-23T18:51:47","guid":{"rendered":"https:\/\/iselamendez.mx\/farmacia\/?post_type=product&#038;p=62584"},"modified":"2026-04-15T10:43:01","modified_gmt":"2026-04-15T16:43:01","slug":"isispharma-neotone-serum-30ml","status":"publish","type":"product","link":"https:\/\/iselamendez.mx\/farmacia\/tienda\/funcion\/tratamiento\/despigmentantes\/isispharma-neotone-serum-30ml\/","title":{"rendered":"Isispharma Neotone Serum 30ml"},"content":{"rendered":"<h2><strong>Isispharma Neotone Serum 30ml<\/strong><\/h2>\n<p>Suero intensivo despigmentante de noche<\/p>\n<h2 data-start=\"1442\" data-end=\"1455\">Beneficios<\/h2>\n<ul data-start=\"1457\" data-end=\"2282\">\n<li data-start=\"1457\" data-end=\"1577\">\n<p data-start=\"1459\" data-end=\"1577\">Ayuda a <strong data-start=\"1467\" data-end=\"1499\">reducir manchas pigmentarias<\/strong> visibles en rostro, escote y manos.<\/p>\n<\/li>\n<li data-start=\"1578\" data-end=\"1675\">\n<p data-start=\"1580\" data-end=\"1675\">Mejora la claridad y uniformidad del tono de la piel.<\/p>\n<\/li>\n<li data-start=\"1676\" data-end=\"1912\">\n<p data-start=\"1678\" data-end=\"1912\">Aclara la intensidad de las manchas: en estudios se reporta una disminuci\u00f3n aproximada del <strong data-start=\"1769\" data-end=\"1777\">43\u202f%<\/strong> en la intensidad del color de las manchas<\/p>\n<\/li>\n<li data-start=\"1913\" data-end=\"2058\">\n<p data-start=\"1915\" data-end=\"2058\">Mejora la luminosidad general de la piel (piel m\u00e1s \u201cclara\u201d, menos opaca) y visiblemente m\u00e1s uniforme.<\/p>\n<\/li>\n<li data-start=\"2059\" data-end=\"2282\">\n<p data-start=\"2061\" data-end=\"2282\">Estimula la renovaci\u00f3n celular, gracias a los \u00e1cidos glic\u00f3lico y salic\u00edlico, lo que ayuda a exfoliar superficies pigmentadas y favorecer renovaci\u00f3n de la capa superior de la piel.<\/p>\n<\/li>\n<\/ul>\n<hr data-start=\"2284\" data-end=\"2287\" \/>\n<h2 data-start=\"2289\" data-end=\"2303\">Modo de uso<\/h2>\n<ol data-start=\"2305\" data-end=\"3396\">\n<li data-start=\"2305\" data-end=\"2523\">\n<p data-start=\"2308\" data-end=\"2523\"><strong data-start=\"2308\" data-end=\"2327\">Limpieza previa<\/strong>: usar un limpiador suave para dejar la piel limpia. Evitar cremas pesadas antes de aplicar. (Impl\u00edcito en indicaciones: aplicar sobre piel limpia y seca)<\/p>\n<\/li>\n<li data-start=\"2524\" data-end=\"2672\">\n<p data-start=\"2527\" data-end=\"2672\"><strong data-start=\"2527\" data-end=\"2550\">Aplicaci\u00f3n nocturna<\/strong>: aplicar <strong data-start=\"2560\" data-end=\"2574\">cada noche<\/strong>, sobre las manchas visibles, en rostro, escote y manos.<\/p>\n<\/li>\n<li data-start=\"2673\" data-end=\"2791\">\n<p data-start=\"2676\" data-end=\"2791\"><strong data-start=\"2676\" data-end=\"2708\">Evitar contacto con los ojos<\/strong>: no aplicar cerca de los ojos y mucosas.<\/p>\n<\/li>\n<li data-start=\"2792\" data-end=\"3100\">\n<p data-start=\"2795\" data-end=\"3100\"><strong data-start=\"2795\" data-end=\"2834\">Protecci\u00f3n solar obligatoria de d\u00eda<\/strong>: usar un protector solar adecuado durante el d\u00eda, como Neotone Radiance SPF\u202f50+ o alg\u00fan producto de la gama Uveblock con FPS 50+. Esto es esencial para evitar que las manchas se oscurezcan de nuevo con la exposici\u00f3n al sol.<\/p>\n<\/li>\n<li data-start=\"3101\" data-end=\"3396\">\n<p data-start=\"3104\" data-end=\"3396\"><strong data-start=\"3104\" data-end=\"3145\">Duraci\u00f3n del tratamiento \/ constancia<\/strong>: para ver resultados visibles es necesario usarlo de manera continua durante un per\u00edodo (por lo general varias semanas) \u2014 los resultados cl\u00ednicos se midieron a los 84 d\u00edas en combinaci\u00f3n con protecci\u00f3n solar.<\/p>\n<\/li>\n<\/ol>\n<hr data-start=\"3398\" data-end=\"3401\" \/>\n<h2 data-start=\"3403\" data-end=\"3440\">Precauciones \/ puntos a considerar<\/h2>\n<ul data-start=\"3442\" data-end=\"4042\">\n<li data-start=\"3442\" data-end=\"3619\">\n<p data-start=\"3444\" data-end=\"3619\">Puede generar algo de irritaci\u00f3n al inicio, especialmente en piel sensible, por la combinaci\u00f3n de \u00e1cidos exfoliantes (glic\u00f3lico, salic\u00edlico) y otros activos despigmentantes.<\/p>\n<\/li>\n<li data-start=\"3620\" data-end=\"3757\">\n<p data-start=\"3622\" data-end=\"3757\">Evitar usarlo simult\u00e1neamente con otros productos muy agresivos (otros peelings fuertes, retinoides potentes), al menos al principio.<\/p>\n<\/li>\n<li data-start=\"3758\" data-end=\"3873\">\n<p data-start=\"3760\" data-end=\"3873\">Siempre hacer prueba de tolerancia (patch test) si no has usado muchos activos exfoliantes\/clarificantes antes.<\/p>\n<\/li>\n<li data-start=\"3874\" data-end=\"4042\">\n<p data-start=\"3876\" data-end=\"4042\">Importante evitar la exposici\u00f3n solar directa sin protecci\u00f3n durante el tratamiento, pues el sol puede contrarrestar los efectos del s\u00e9rum o empeorar la pigmentaci\u00f3n.<\/p>\n<\/li>\n<\/ul>\n","protected":false},"excerpt":{"rendered":"<p>Isispharma Neotone Serum 30ml Suero intensivo despigmentante de noche Beneficios Ayuda a reducir manchas pigmentarias visibles en rostro, escote y manos. Mejora la claridad y uniformidad del tono de la piel. Aclara la intensidad de las manchas: en estudios se [&hellip;]<\/p>\n","protected":false},"featured_media":63039,"comment_status":"open","ping_status":"closed","template":"","meta":[],"product_brand":[439],"product_cat":[154,519,126,79,69],"product_tag":[],"class_list":{"0":"post-62584","1":"product","2":"type-product","3":"status-publish","4":"has-post-thumbnail","6":"product_brand-isispharma","7":"product_cat-despigmentantes","8":"product_cat-invierno","9":"product_cat-isis-pharma","10":"product_cat-rostro","11":"product_cat-suero","13":"first","14":"instock","15":"shipping-taxable","16":"purchasable","17":"product-type-simple"},"aioseo_notices":[],"_links":{"self":[{"href":"https:\/\/iselamendez.mx\/farmacia\/wp-json\/wp\/v2\/product\/62584","targetHints":{"allow":["GET"]}}],"collection":[{"href":"https:\/\/iselamendez.mx\/farmacia\/wp-json\/wp\/v2\/product"}],"about":[{"href":"https:\/\/iselamendez.mx\/farmacia\/wp-json\/wp\/v2\/types\/product"}],"replies":[{"embeddable":true,"href":"https:\/\/iselamendez.mx\/farmacia\/wp-json\/wp\/v2\/comments?post=62584"}],"wp:featuredmedia":[{"embeddable":true,"href":"https:\/\/iselamendez.mx\/farmacia\/wp-json\/wp\/v2\/media\/63039"}],"wp:attachment":[{"href":"https:\/\/iselamendez.mx\/farmacia\/wp-json\/wp\/v2\/media?parent=62584"}],"wp:term":[{"taxonomy":"product_brand","embeddable":true,"href":"https:\/\/iselamendez.mx\/farmacia\/wp-json\/wp\/v2\/product_brand?post=62584"},{"taxonomy":"product_cat","embeddable":true,"href":"https:\/\/iselamendez.mx\/farmacia\/wp-json\/wp\/v2\/product_cat?post=62584"},{"taxonomy":"product_tag","embeddable":true,"href":"https:\/\/iselamendez.mx\/farmacia\/wp-json\/wp\/v2\/product_tag?post=62584"}],"curies":[{"name":"wp","href":"https:\/\/api.w.org\/{rel}","templated":true}]}}