{"id":62586,"date":"2025-09-23T13:08:12","date_gmt":"2025-09-23T19:08:12","guid":{"rendered":"https:\/\/iselamendez.mx\/farmacia\/?post_type=product&#038;p=62586"},"modified":"2026-04-13T10:32:05","modified_gmt":"2026-04-13T16:32:05","slug":"la-roche-posay-cicaplast-b5-spray-100ml","status":"publish","type":"product","link":"https:\/\/iselamendez.mx\/farmacia\/tienda\/funcion\/tratamiento\/piel-alergica\/la-roche-posay-cicaplast-b5-spray-100ml\/","title":{"rendered":"La Roche-Posay Cicaplast B5 Spray 100ml"},"content":{"rendered":"<h2><strong>La Roche-Posay Cicaplast B5 Spray 100ml<\/strong><\/h2>\n<p><strong>Concentrado reparador calmante<\/strong><\/p>\n<div class=\"_tableContainer_1rjym_1\">\n<div class=\"group _tableWrapper_1rjym_13 flex w-fit flex-col-reverse\" tabindex=\"-1\">\n<table class=\"w-fit min-w-(--thread-content-width)\" data-start=\"146\" data-end=\"1039\">\n<tbody data-start=\"186\" data-end=\"1039\">\n<tr data-start=\"347\" data-end=\"479\">\n<td data-start=\"347\" data-end=\"365\" data-col-size=\"sm\"><strong>Tipo de f\u00f3rmula<\/strong><\/td>\n<td data-start=\"365\" data-end=\"479\" data-col-size=\"lg\">Spray pulverizador tipo \u201cniebla\u201d, textura invisible, de absorci\u00f3n r\u00e1pida<\/td>\n<\/tr>\n<tr data-start=\"480\" data-end=\"676\">\n<td data-start=\"480\" data-end=\"499\" data-col-size=\"sm\"><strong>Piel recomendada<\/strong><\/td>\n<td data-start=\"499\" data-end=\"676\" data-col-size=\"lg\">Piel fr\u00e1gil, irritada, con molestias, piel sensibilizada, cuerpo y rostro; apto para adultos y ni\u00f1os desde beb\u00e9 (seg\u00fan puntos de venta)<\/td>\n<\/tr>\n<tr data-start=\"677\" data-end=\"748\">\n<td data-start=\"677\" data-end=\"688\" data-col-size=\"sm\"><strong>Libre de<\/strong><\/td>\n<td data-start=\"688\" data-end=\"748\" data-col-size=\"lg\">Alcohol, fragancia<\/td>\n<\/tr>\n<tr data-start=\"749\" data-end=\"835\">\n<td data-start=\"749\" data-end=\"759\" data-col-size=\"sm\"><strong>Probado<\/strong><\/td>\n<td data-start=\"759\" data-end=\"835\" data-col-size=\"lg\">Dermatol\u00f3gica y oftalmol\u00f3gicamente<\/td>\n<\/tr>\n<tr data-start=\"836\" data-end=\"1039\">\n<td data-start=\"836\" data-end=\"862\" data-col-size=\"sm\"><strong>Ingredientes destacados<\/strong><\/td>\n<td data-start=\"862\" data-end=\"1039\" data-col-size=\"lg\">Madecassoside, cobre\u2011manganeso, pantenol (vitamina B5), manosa; base de f\u00f3rmula suave con pH fisiol\u00f3gico; agua termal de La Roche\u2011Posay<\/td>\n<\/tr>\n<\/tbody>\n<\/table>\n<\/div>\n<\/div>\n<hr data-start=\"1041\" data-end=\"1044\" \/>\n<h2 data-start=\"1046\" data-end=\"1059\">Beneficios<\/h2>\n<ul data-start=\"1061\" data-end=\"1884\">\n<li data-start=\"1061\" data-end=\"1232\">\n<p data-start=\"1063\" data-end=\"1232\"><strong data-start=\"1063\" data-end=\"1099\">Reparaci\u00f3n de la barrera cut\u00e1nea<\/strong>: el madecassoside y el complejo cobre\u2011manganeso favorecen la recuperaci\u00f3n de la piel da\u00f1ada.<\/p>\n<\/li>\n<li data-start=\"1233\" data-end=\"1379\">\n<p data-start=\"1235\" data-end=\"1379\"><strong data-start=\"1235\" data-end=\"1281\">Alivio de irritaci\u00f3n, sequedad o molestias<\/strong>: la vitamina B5 (pantenol) calma la piel irritada o seca.<\/p>\n<\/li>\n<li data-start=\"1380\" data-end=\"1568\">\n<p data-start=\"1382\" data-end=\"1568\"><strong data-start=\"1382\" data-end=\"1416\">Textura c\u00f3moda y uso higi\u00e9nico<\/strong>: al ser spray, permite aplicaci\u00f3n sin contacto y distribuir el producto f\u00e1cilmente, incluso en zonas dif\u00edciles.<\/p>\n<\/li>\n<li data-start=\"1569\" data-end=\"1714\">\n<p data-start=\"1571\" data-end=\"1714\"><strong data-start=\"1571\" data-end=\"1594\">Sensaci\u00f3n agradable<\/strong>: la piel queda suave, calmada, con sensaci\u00f3n de confort, y sin residuo visible.<\/p>\n<\/li>\n<li data-start=\"1715\" data-end=\"1884\">\n<p data-start=\"1717\" data-end=\"1884\"><strong data-start=\"1717\" data-end=\"1733\">Uso vers\u00e1til<\/strong>: puede usarse en rostro y cuerpo, por adultos y ni\u00f1os; adecuado para situaciones de sobrecalentamiento, etc.<\/p>\n<\/li>\n<\/ul>\n<hr data-start=\"1886\" data-end=\"1889\" \/>\n<h2 data-start=\"1891\" data-end=\"1905\">Modo de uso<\/h2>\n<ol data-start=\"1907\" data-end=\"2870\">\n<li data-start=\"1907\" data-end=\"2028\">\n<p data-start=\"1910\" data-end=\"2028\"><strong data-start=\"1910\" data-end=\"1925\">Preparaci\u00f3n<\/strong>: Aseg\u00farate de que la piel est\u00e9 limpia y lo m\u00e1s seca posible.<\/p>\n<\/li>\n<li data-start=\"2029\" data-end=\"2171\">\n<p data-start=\"2032\" data-end=\"2171\"><strong data-start=\"2032\" data-end=\"2059\">Distancia de aplicaci\u00f3n<\/strong>: Pulverizar desde unos <strong data-start=\"2083\" data-end=\"2092\">15\u202fcm<\/strong> de distancia sobre la zona a tratar.<\/p>\n<\/li>\n<li data-start=\"2172\" data-end=\"2359\">\n<p data-start=\"2175\" data-end=\"2359\"><strong data-start=\"2175\" data-end=\"2218\">Evitar contacto directo con ojos \/ boca<\/strong>: Cerrar los ojos y la boca durante la aplicaci\u00f3n. Si el spray entra en contacto, aclarar con agua.<\/p>\n<\/li>\n<li data-start=\"2360\" data-end=\"2548\">\n<p data-start=\"2363\" data-end=\"2548\"><strong data-start=\"2363\" data-end=\"2395\">No inhalar intencionadamente<\/strong> y mantener alejados inhalaciones fuertes; evitar aplicar sobre piel visiblemente lesionada o heridas abiertas.<\/p>\n<\/li>\n<li data-start=\"2549\" data-end=\"2718\">\n<p data-start=\"2552\" data-end=\"2718\"><strong data-start=\"2552\" data-end=\"2566\">Frecuencia<\/strong>: se puede usar varias veces al d\u00eda o cuando lo necesite la piel, especialmente si hay molestias o irritaci\u00f3n.<\/p>\n<\/li>\n<li data-start=\"2719\" data-end=\"2870\">\n<p data-start=\"2722\" data-end=\"2870\"><strong data-start=\"2722\" data-end=\"2742\">Para uso general<\/strong>: aplicable en rostro y cuerpo, tanto en zonas localizadas como en \u00e1reas m\u00e1s extensas.<\/p>\n<\/li>\n<\/ol>\n","protected":false},"excerpt":{"rendered":"<p>La Roche-Posay Cicaplast B5 Spray 100ml Concentrado reparador calmante Tipo de f\u00f3rmula Spray pulverizador tipo \u201cniebla\u201d, textura invisible, de absorci\u00f3n r\u00e1pida Piel recomendada Piel fr\u00e1gil, irritada, con molestias, piel sensibilizada, cuerpo y rostro; apto para adultos y ni\u00f1os desde beb\u00e9 [&hellip;]<\/p>\n","protected":false},"featured_media":63030,"comment_status":"open","ping_status":"closed","template":"","meta":[],"product_brand":[440],"product_cat":[80,181,340,213,272,113,79,105],"product_tag":[],"class_list":{"0":"post-62586","1":"product","2":"type-product","3":"status-publish","4":"has-post-thumbnail","6":"product_brand-la-roche-posay","7":"product_cat-cuerpo","8":"product_cat-la-roche-posay","9":"product_cat-piel-alergica","10":"product_cat-piel-rojeces","11":"product_cat-piel-seca","12":"product_cat-piel-sensible","13":"product_cat-rostro","14":"product_cat-spray","16":"first","17":"outofstock","18":"shipping-taxable","19":"purchasable","20":"product-type-simple"},"aioseo_notices":[],"_links":{"self":[{"href":"https:\/\/iselamendez.mx\/farmacia\/wp-json\/wp\/v2\/product\/62586","targetHints":{"allow":["GET"]}}],"collection":[{"href":"https:\/\/iselamendez.mx\/farmacia\/wp-json\/wp\/v2\/product"}],"about":[{"href":"https:\/\/iselamendez.mx\/farmacia\/wp-json\/wp\/v2\/types\/product"}],"replies":[{"embeddable":true,"href":"https:\/\/iselamendez.mx\/farmacia\/wp-json\/wp\/v2\/comments?post=62586"}],"wp:featuredmedia":[{"embeddable":true,"href":"https:\/\/iselamendez.mx\/farmacia\/wp-json\/wp\/v2\/media\/63030"}],"wp:attachment":[{"href":"https:\/\/iselamendez.mx\/farmacia\/wp-json\/wp\/v2\/media?parent=62586"}],"wp:term":[{"taxonomy":"product_brand","embeddable":true,"href":"https:\/\/iselamendez.mx\/farmacia\/wp-json\/wp\/v2\/product_brand?post=62586"},{"taxonomy":"product_cat","embeddable":true,"href":"https:\/\/iselamendez.mx\/farmacia\/wp-json\/wp\/v2\/product_cat?post=62586"},{"taxonomy":"product_tag","embeddable":true,"href":"https:\/\/iselamendez.mx\/farmacia\/wp-json\/wp\/v2\/product_tag?post=62586"}],"curies":[{"name":"wp","href":"https:\/\/api.w.org\/{rel}","templated":true}]}}