{"id":62765,"date":"2025-09-26T11:30:01","date_gmt":"2025-09-26T17:30:01","guid":{"rendered":"https:\/\/iselamendez.mx\/farmacia\/?post_type=product&#038;p=62765"},"modified":"2026-04-15T10:43:06","modified_gmt":"2026-04-15T16:43:06","slug":"sensilis-matt-gel-invisible-spf50-40ml","status":"publish","type":"product","link":"https:\/\/iselamendez.mx\/farmacia\/tienda\/funcion\/tratamiento\/piel-sensible\/sensilis-matt-gel-invisible-spf50-40ml\/","title":{"rendered":"Sensilis Matt Gel Invisible SPF50 40ml"},"content":{"rendered":"<h3><strong>Sensilis Matt Gel Invisible SPF50 40ml<\/strong><\/h3>\n<h4><strong>Protector Solar Facial Matificante SPF50<\/strong><\/h4>\n<h4><strong>Beneficios principales<\/strong><\/h4>\n<ul>\n<li><strong>Alta protecci\u00f3n solar (SPF 50)<\/strong> que ayuda a prevenir el fotoenvejecimiento desde la primera aplicaci\u00f3n.<\/li>\n<li><strong>Textura:<\/strong> Gel ligero e invisible, toque seco (\u201cmatificante\u201d), acabado que reduce brillos Sensaci\u00f3n ligera, suave y comodidad al usarlo, sin dejar residuos visibles.<\/li>\n<li><strong>Efecto matificante<\/strong> que reduce los brillos alrededor de 30.7 % en unos 20 minutos tras aplicarlo.<\/li>\n<li><strong>Hidrataci\u00f3n:<\/strong> mejora de la hidrataci\u00f3n en aproximadamente 6 % hasta 8 horas despu\u00e9s de la aplicaci\u00f3n.<\/li>\n<li><strong>Con ingredientes activos calmantes y antioxidantes:<\/strong> Alfa-Bisabolol, Schisandra Chinensis, Vitamina E.<\/li>\n<li><strong>Protecci\u00f3n:<\/strong> Protecci\u00f3n UVA + UVB; incluye filtros solares amplios + protecci\u00f3n frente a luz azul.<\/li>\n<li><strong>Para:<\/strong> Todo tipo de piel, especialmente pieles mixtas y grasas; tambi\u00e9n adecuado para pieles sensibles.<\/li>\n<li><strong>F\u00f3rmula \u201cOcean Respect\u201d<\/strong> (respetuosa con la piel y el medio ambiente); hipoalerg\u00e9nico; no comedog\u00e9nico; resistente al agua y al sudor; dermatol\u00f3gicamente testado; calmante.<\/li>\n<\/ul>\n<h4><strong>Modo de uso<\/strong><\/h4>\n<ul>\n<li>Aplicar sobre la piel limpia y seca.<\/li>\n<li>Usarlo como el \u00faltimo paso en la rutina de cuidado de d\u00eda, antes de exponer la piel al sol.<\/li>\n<li>Aplica de forma generosa y uniforme, asegur\u00e1ndote de cubrir bien rostro, orejas, cuello, sienes.<\/li>\n<li>Aplica al menos 30 minutos antes de la exposici\u00f3n al sol, playa o piscina.<\/li>\n<li>Reaplicar cada 2 horas si contin\u00faas expuesto al sol, especialmente despu\u00e9s de nadar, sudar, secarte con toalla.<\/li>\n<\/ul>\n","protected":false},"excerpt":{"rendered":"<h5><strong>Sensilis Matt Gel Invisible SPF50 40ml<\/strong><\/h5>\n<p>Fotoprotector facial de alta protecci\u00f3n solar (SPF 50). F\u00f3rmula en gel invisible, de acabado mate y tacto seco. Pensado para pieles mixtas a grasas, zonas pilosas, deporte y uso al aire libre.<\/p>\n","protected":false},"featured_media":63184,"comment_status":"open","ping_status":"closed","template":"","meta":[],"product_brand":[386],"product_cat":[203,87,210,519,113,83,79,590,305],"product_tag":[],"class_list":{"0":"post-62765","1":"product","2":"type-product","3":"status-publish","4":"has-post-thumbnail","6":"product_brand-sensilis","7":"product_cat-antioxidante","8":"product_cat-gel","9":"product_cat-hidratante","10":"product_cat-invierno","11":"product_cat-piel-sensible","12":"product_cat-protector-solar","13":"product_cat-rostro","14":"product_cat-semana-santa","15":"product_cat-sensilis","17":"first","18":"instock","19":"shipping-taxable","20":"purchasable","21":"product-type-simple"},"aioseo_notices":[],"_links":{"self":[{"href":"https:\/\/iselamendez.mx\/farmacia\/wp-json\/wp\/v2\/product\/62765","targetHints":{"allow":["GET"]}}],"collection":[{"href":"https:\/\/iselamendez.mx\/farmacia\/wp-json\/wp\/v2\/product"}],"about":[{"href":"https:\/\/iselamendez.mx\/farmacia\/wp-json\/wp\/v2\/types\/product"}],"replies":[{"embeddable":true,"href":"https:\/\/iselamendez.mx\/farmacia\/wp-json\/wp\/v2\/comments?post=62765"}],"wp:featuredmedia":[{"embeddable":true,"href":"https:\/\/iselamendez.mx\/farmacia\/wp-json\/wp\/v2\/media\/63184"}],"wp:attachment":[{"href":"https:\/\/iselamendez.mx\/farmacia\/wp-json\/wp\/v2\/media?parent=62765"}],"wp:term":[{"taxonomy":"product_brand","embeddable":true,"href":"https:\/\/iselamendez.mx\/farmacia\/wp-json\/wp\/v2\/product_brand?post=62765"},{"taxonomy":"product_cat","embeddable":true,"href":"https:\/\/iselamendez.mx\/farmacia\/wp-json\/wp\/v2\/product_cat?post=62765"},{"taxonomy":"product_tag","embeddable":true,"href":"https:\/\/iselamendez.mx\/farmacia\/wp-json\/wp\/v2\/product_tag?post=62765"}],"curies":[{"name":"wp","href":"https:\/\/api.w.org\/{rel}","templated":true}]}}