{"id":63054,"date":"2025-09-30T13:07:09","date_gmt":"2025-09-30T19:07:09","guid":{"rendered":"https:\/\/iselamendez.mx\/farmacia\/?post_type=product&#038;p=63054"},"modified":"2026-04-13T10:32:10","modified_gmt":"2026-04-13T16:32:10","slug":"eucerin-hyaluron-filler-epigenetic-serum-30ml","status":"publish","type":"product","link":"https:\/\/iselamendez.mx\/farmacia\/tienda\/funcion\/tratamiento\/anti-edad\/eucerin-hyaluron-filler-epigenetic-serum-30ml\/","title":{"rendered":"Eucerin Hyaluron-Filler Epigenetic Serum 30ml"},"content":{"rendered":"<h3><strong>Eucerin Hyaluron-Filler Epigenetic Serum 30ml<\/strong><\/h3>\n<p data-start=\"0\" data-end=\"428\"><strong data-start=\"3\" data-end=\"47\">Eucerin Hyaluron-Filler Epigenetic Serum<\/strong> es un suero anti-edad de nueva generaci\u00f3n que combina \u00e1cido hialur\u00f3nico con activos epigen\u00e9ticos para atacar varios signos de envejecimiento no s\u00f3lo de forma cosm\u00e9tica (superficial), sino tambi\u00e9n \u201cdesde el interior\u201d (genes, barrera cut\u00e1nea, degradaci\u00f3n de mol\u00e9culas). Ac\u00e1 te resumo sus beneficios m\u00e1s importantes, c\u00f3mo se usa, y qu\u00e9 tener en cuenta para sacarle el mayor provecho.<\/p>\n<hr data-start=\"430\" data-end=\"433\" \/>\n<h3 data-start=\"435\" data-end=\"448\">Beneficios<\/h3>\n<p data-start=\"450\" data-end=\"546\">Estos son los efectos que promete y lo que muestran los datos cl\u00ednicos \/ de las fichas t\u00e9cnicas:<\/p>\n<ol>\n<li data-start=\"551\" data-end=\"895\"><strong data-start=\"551\" data-end=\"579\">Reactivaci\u00f3n epigen\u00e9tica<\/strong><br data-start=\"579\" data-end=\"582\" \/>Contiene <em data-start=\"594\" data-end=\"607\">Epicelline\u00ae<\/em>, un ingrediente patentado por Eucerin que act\u00faa sobre la memoria gen\u00e9tica de juventud de la piel, intentando \u201cdespertar\u201d genes que se silencian con la edad para que las c\u00e9lulas cut\u00e1neas funcionen m\u00e1s parecidas a como lo hac\u00edan cuando eras m\u00e1s joven.<\/li>\n<li data-start=\"900\" data-end=\"1139\"><strong data-start=\"900\" data-end=\"947\">Altos efectos anti-arrugas y efecto lifting<\/strong><br data-start=\"947\" data-end=\"950\" \/>Gracias al \u00e1cido hialur\u00f3nico (en distintas formas, incluyendo bajo peso molecular) rellena arrugas, l\u00edneas de expresi\u00f3n; mejora firmeza y contornos.<\/li>\n<li data-start=\"1144\" data-end=\"1509\"><strong data-start=\"1144\" data-end=\"1179\">Hidrataci\u00f3n profunda y duradera<\/strong><br data-start=\"1179\" data-end=\"1182\" \/>El \u00e1cido hialur\u00f3nico atrae agua a la piel, mejorando su hidrataci\u00f3n superficial y en capas m\u00e1s profundas. Adem\u00e1s, ingredientes como la <em data-start=\"1320\" data-end=\"1341\">saponina de glicina<\/em> estimulan la producci\u00f3n natural de \u00e1cido hialur\u00f3nico de la piel, y la <em data-start=\"1412\" data-end=\"1423\">enoxolona<\/em> ayuda a evitar que \u00e9ste se degrade r\u00e1pidamente.<\/li>\n<li data-start=\"1514\" data-end=\"1832\"><strong data-start=\"1514\" data-end=\"1555\">Mejoras visibles en varios par\u00e1metros<\/strong><br data-start=\"1555\" data-end=\"1558\" \/>Entre los \u201c10 signos de envejecimiento\u201d que la marca menciona se incluyen firmeza, contornos faciales, arrugas, luminosidad, uniformidad de tono, suavidad, etc. Se reportan cambios visibles en alrededor de 4 semanas con uso continuo.<\/li>\n<li data-start=\"1837\" data-end=\"2123\"><strong data-start=\"1837\" data-end=\"1887\">Textura ligera, apto para varios tipos de piel<\/strong><br data-start=\"1887\" data-end=\"1890\" \/>Aunque nutre e hidrata bastante, se describe como de r\u00e1pida absorci\u00f3n, no grasa, apto para pieles sensibles. No contiene fragancias seg\u00fan algunas fichas, lo que reduce el riesgo de irritaci\u00f3n.<\/li>\n<\/ol>\n<hr data-start=\"2125\" data-end=\"2128\" \/>\n<h3 data-start=\"2130\" data-end=\"2144\">Modo de uso<\/h3>\n<p data-start=\"2146\" data-end=\"2221\">Para sacarle el m\u00e1ximo provecho al suero, as\u00ed es como se recomienda usarlo:<\/p>\n<ol>\n<li data-start=\"2226\" data-end=\"2362\"><strong data-start=\"2226\" data-end=\"2245\">Limpieza previa<\/strong><br data-start=\"2245\" data-end=\"2248\" \/>Comienza con el rostro limpio y seco. Si usas t\u00f3nicos, los aplicas antes.<\/li>\n<li><strong>Aplicaci\u00f3n del suero<br \/>\n<\/strong>Aplica unas gotas (3-4 seg\u00fan instrucciones de algunas tiendas) sobre rostro, cuello y escote. Usa tus dedos para distribuirlo con movimientos ascendentes suaves.<\/li>\n<\/ol>\n<p>&nbsp;<\/p>\n<ul>\n<li data-start=\"2648\" data-end=\"2664\"><strong data-start=\"2648\" data-end=\"2662\">Frecuencia<\/strong><\/li>\n<\/ul>\n<p data-start=\"2670\" data-end=\"2776\">Se usa <strong data-start=\"2677\" data-end=\"2695\">ma\u00f1ana y noche<\/strong> como primer paso despu\u00e9s de la limpieza.<\/p>\n<p data-start=\"2782\" data-end=\"2973\">En la ma\u00f1ana, despu\u00e9s de su absorci\u00f3n, aplicar tu protector solar (FPS) habitual. Esto es clave con cualquier suero que tenga acci\u00f3n anti-envejecimiento.<\/p>\n<ul>\n<li data-start=\"2978\" data-end=\"3029\"><strong data-start=\"2978\" data-end=\"3027\">Complementar con otros productos de la rutina<\/strong><\/li>\n<\/ul>\n<p data-start=\"3035\" data-end=\"3138\">Usar una crema de d\u00eda\/noche adecuada, si tu piel lo requiere.<\/p>\n<p data-start=\"3144\" data-end=\"3249\">Si tienes contorno de ojos, aplicarlo antes de la crema facial.<\/p>\n<ul>\n<li data-start=\"3254\" data-end=\"3273\"><strong data-start=\"3254\" data-end=\"3271\">Uso constante<\/strong><\/li>\n<\/ul>\n<p data-start=\"3279\" data-end=\"3395\">Los efectos m\u00e1s visibles se reportan despu\u00e9s de 4 semanas con uso regular.<\/p>\n<p data-start=\"3401\" data-end=\"3485\">Persistir en la rutina incluso despu\u00e9s de notar mejoras para mantener los efectos.<\/p>\n","protected":false},"excerpt":{"rendered":"<p><strong data-start=\"3\" data-end=\"47\">Eucerin Hyaluron-Filler Epigenetic Serum<\/strong> es un suero anti-edad de nueva generaci\u00f3n que combina \u00e1cido hialur\u00f3nico con activos epigen\u00e9ticos para atacar varios signos de envejecimiento no s\u00f3lo de forma cosm\u00e9tica (superficial), sino tambi\u00e9n \u201cdesde el interior\u201d (genes, barrera cut\u00e1nea, degradaci\u00f3n de mol\u00e9culas). Ac\u00e1 te resumo sus beneficios m\u00e1s importantes, c\u00f3mo se usa, y qu\u00e9 tener en cuenta para sacarle el mayor provecho.<\/p>\n","protected":false},"featured_media":63178,"comment_status":"open","ping_status":"closed","template":"","meta":[],"product_brand":[419],"product_cat":[152,160,341,210,157,519,79,590,69],"product_tag":[],"class_list":{"0":"post-63054","1":"product","2":"type-product","3":"status-publish","4":"has-post-thumbnail","6":"product_brand-eucerin","7":"product_cat-anti-edad","8":"product_cat-efecto-lifting","9":"product_cat-eucerin","10":"product_cat-hidratante","11":"product_cat-hidratacion","12":"product_cat-invierno","13":"product_cat-rostro","14":"product_cat-semana-santa","15":"product_cat-suero","17":"first","18":"outofstock","19":"shipping-taxable","20":"purchasable","21":"product-type-simple"},"aioseo_notices":[],"_links":{"self":[{"href":"https:\/\/iselamendez.mx\/farmacia\/wp-json\/wp\/v2\/product\/63054","targetHints":{"allow":["GET"]}}],"collection":[{"href":"https:\/\/iselamendez.mx\/farmacia\/wp-json\/wp\/v2\/product"}],"about":[{"href":"https:\/\/iselamendez.mx\/farmacia\/wp-json\/wp\/v2\/types\/product"}],"replies":[{"embeddable":true,"href":"https:\/\/iselamendez.mx\/farmacia\/wp-json\/wp\/v2\/comments?post=63054"}],"wp:featuredmedia":[{"embeddable":true,"href":"https:\/\/iselamendez.mx\/farmacia\/wp-json\/wp\/v2\/media\/63178"}],"wp:attachment":[{"href":"https:\/\/iselamendez.mx\/farmacia\/wp-json\/wp\/v2\/media?parent=63054"}],"wp:term":[{"taxonomy":"product_brand","embeddable":true,"href":"https:\/\/iselamendez.mx\/farmacia\/wp-json\/wp\/v2\/product_brand?post=63054"},{"taxonomy":"product_cat","embeddable":true,"href":"https:\/\/iselamendez.mx\/farmacia\/wp-json\/wp\/v2\/product_cat?post=63054"},{"taxonomy":"product_tag","embeddable":true,"href":"https:\/\/iselamendez.mx\/farmacia\/wp-json\/wp\/v2\/product_tag?post=63054"}],"curies":[{"name":"wp","href":"https:\/\/api.w.org\/{rel}","templated":true}]}}