{"id":63589,"date":"2025-10-14T14:00:11","date_gmt":"2025-10-14T20:00:11","guid":{"rendered":"https:\/\/iselamendez.mx\/farmacia\/?post_type=product&#038;p=63589"},"modified":"2026-04-01T03:24:14","modified_gmt":"2026-04-01T09:24:14","slug":"filorga-global-repair-advanced-xmas-coffret-2025","status":"publish","type":"product","link":"https:\/\/iselamendez.mx\/farmacia\/tienda\/funcion\/tratamiento\/anti-edad\/filorga-global-repair-advanced-xmas-coffret-2025\/","title":{"rendered":"Filorga Global Repair Advanced XMAS Coffret 2025"},"content":{"rendered":"<h3><strong>Filorga Global-Repair Advanced XMAS Coffret 2025<\/strong><\/h3>\n<p>Set de edici\u00f3n navide\u00f1a destinado al cuidado antiedad global<\/p>\n<p><strong>Incluye:<\/strong><\/p>\n<ul>\n<li><strong>Global-Repair Advanced Creme<\/strong> (50 ml) \u2014 crema nutritiva reparadora.<\/li>\n<li><strong>Global-Repair Advanced Elixir<\/strong> (miniatura de 5 ml) \u2014 s\u00e9rum \/ aceite antiedad complementario.<\/li>\n<li><strong>Global-Repair Eyes &amp; Lips<\/strong> (miniatura de 4ml ) &#8211; crema \/ antiedad para contorno de ojos<\/li>\n<li><strong>Cosmetiquera Edicion Especial Exclusiva<\/strong><\/li>\n<\/ul>\n<p>&nbsp;<\/p>\n<p><strong>Principales beneficios<\/strong><\/p>\n<p>El set est\u00e1 formulado para actuar intensivamente sobre los 10 signos visibles del envejecimiento.<\/p>\n<p>Algunos de los beneficios que se destacan:<\/p>\n<ul>\n<li>Mejora de arrugas, firmeza, elasticidad y densidad cut\u00e1nea.<\/li>\n<li>Luminosidad y uniformidad del tono.<\/li>\n<li>Nutrici\u00f3n profunda gracias a supernutrientes: omegas (3-6-9), vitaminas, ceramidas.<\/li>\n<li>Acci\u00f3n reparadora a niveles estructural, celular y superficial de la piel desvitalizada.<\/li>\n<li>Acabado confort, textura rica pero no grasa.<\/li>\n<\/ul>\n<p><strong>Ingredientes\u00a0<\/strong><\/p>\n<p>Algunos componentes clave:<\/p>\n<ul>\n<li>Mezcla de aceites vegetales preciosos y omegas para nutrici\u00f3n e hidrataci\u00f3n profunda.<\/li>\n<li>Ceramidas, vitaminas y p\u00e9ptidos (\u201c2 matrikinas\u201d, etc.) para estimular renovaci\u00f3n y reafirmar.<\/li>\n<li>Extractos bot\u00e1nicos: peon\u00eda, \u00e1rbol de la vida, rosa y otros para luminosidad, suavidad y efecto reparador.<\/li>\n<li>Factor reparador patentado que imita l\u00edpidos de una piel \u201cjoven\u201d (22 a\u00f1os) para reponer barrera cut\u00e1nea.<\/li>\n<\/ul>\n<p><strong>\u00bfPara qui\u00e9n es?<\/strong><\/p>\n<ul>\n<li>Personas con piel desvitalizada, apagada, con varios signos visibles de envejecimiento (arrugas, p\u00e9rdida de firmeza, textura irregular).<\/li>\n<li>Si buscas un tratamiento completo, con productos de d\u00eda y noche (crema + s\u00e9rum\/aceite) bajo una misma l\u00ednea antiedad.<\/li>\n<li>Es apto para todo tipo de piel seg\u00fan la marca; pero si tu piel es muy grasa o con tendencia al acn\u00e9, conviene probar la textura del s\u00e9rum \/ aceite para ver si te funciona bien.<\/li>\n<\/ul>\n<p data-start=\"2904\" data-end=\"3074\">\n","protected":false},"excerpt":{"rendered":"<p><strong>Filorga Global-Repair Advanced XMAS Coffret 2025 <\/strong>es un set de edici\u00f3n navide\u00f1a destinado al cuidado antiedad global<\/p>\n","protected":false},"featured_media":63666,"comment_status":"open","ping_status":"closed","template":"","meta":[],"product_brand":[423],"product_cat":[152,517,162,161,81,49,157,519,78,486,79,69],"product_tag":[],"class_list":{"0":"post-63589","1":"product","2":"type-product","3":"status-publish","4":"has-post-thumbnail","6":"product_brand-filorga","7":"product_cat-anti-edad","8":"product_cat-cofres","9":"product_cat-crema-contorno-de-ojos-tipo-de-producto","10":"product_cat-crema-facial-tipo-de-producto","11":"product_cat-cuello-y-escote","12":"product_cat-filorga","13":"product_cat-hidratacion","14":"product_cat-invierno","15":"product_cat-ojos","16":"product_cat-promociones-2026","17":"product_cat-rostro","18":"product_cat-suero","20":"first","21":"outofstock","22":"shipping-taxable","23":"purchasable","24":"product-type-simple"},"aioseo_notices":[],"_links":{"self":[{"href":"https:\/\/iselamendez.mx\/farmacia\/wp-json\/wp\/v2\/product\/63589","targetHints":{"allow":["GET"]}}],"collection":[{"href":"https:\/\/iselamendez.mx\/farmacia\/wp-json\/wp\/v2\/product"}],"about":[{"href":"https:\/\/iselamendez.mx\/farmacia\/wp-json\/wp\/v2\/types\/product"}],"replies":[{"embeddable":true,"href":"https:\/\/iselamendez.mx\/farmacia\/wp-json\/wp\/v2\/comments?post=63589"}],"wp:featuredmedia":[{"embeddable":true,"href":"https:\/\/iselamendez.mx\/farmacia\/wp-json\/wp\/v2\/media\/63666"}],"wp:attachment":[{"href":"https:\/\/iselamendez.mx\/farmacia\/wp-json\/wp\/v2\/media?parent=63589"}],"wp:term":[{"taxonomy":"product_brand","embeddable":true,"href":"https:\/\/iselamendez.mx\/farmacia\/wp-json\/wp\/v2\/product_brand?post=63589"},{"taxonomy":"product_cat","embeddable":true,"href":"https:\/\/iselamendez.mx\/farmacia\/wp-json\/wp\/v2\/product_cat?post=63589"},{"taxonomy":"product_tag","embeddable":true,"href":"https:\/\/iselamendez.mx\/farmacia\/wp-json\/wp\/v2\/product_tag?post=63589"}],"curies":[{"name":"wp","href":"https:\/\/api.w.org\/{rel}","templated":true}]}}