{"id":63590,"date":"2025-10-14T14:12:10","date_gmt":"2025-10-14T20:12:10","guid":{"rendered":"https:\/\/iselamendez.mx\/farmacia\/?post_type=product&#038;p=63590"},"modified":"2026-04-21T22:51:20","modified_gmt":"2026-04-22T04:51:20","slug":"filorga-time-filler-5xp-xmas-coffret-2025","status":"publish","type":"product","link":"https:\/\/iselamendez.mx\/farmacia\/tienda\/funcion\/tratamiento\/anti-edad\/filorga-time-filler-5xp-xmas-coffret-2025\/","title":{"rendered":"Filorga Time Filler 5XP XMAS Coffret 2025"},"content":{"rendered":"<h3><strong>Filorga Time-Filler 5XP XMAS Coffret 2025<\/strong><\/h3>\n<p><strong>Coffret navide\u00f1o de la l\u00ednea Time-Filler 5XP<\/strong> de Filorga, edici\u00f3n 2025.<\/p>\n<p><strong>Incluye:<\/strong><\/p>\n<ul>\n<li>Time-Filler 5XP Crema de D\u00eda (50 ml)<\/li>\n<li>Time-Filler Night 5XP Crema de Noche (14 ml)<\/li>\n<li>Time-Filler Intensive Serum 5XP (5 ml) como regalo dentro del set.<\/li>\n<\/ul>\n<p>&nbsp;<\/p>\n<p><strong>Principales Beneficios<\/strong><\/p>\n<p>La gama Time-Filler 5XP se inspira en cinco t\u00e9cnicas de medicina est\u00e9tica para tratar cinco tipos de arrugas, lo que quiere decir que su enfoque es m\u00faltiple.<\/p>\n<p>Las acciones concretas que promete incluyen:<\/p>\n<ul>\n<li>Relajar arrugas de expresi\u00f3n (inspirado en toxina botul\u00ednica).<\/li>\n<li>Rellenar arrugas profundas con activos similares a los rellenos est\u00e9ticos.<\/li>\n<li>Aumentar firmeza del cuello (activos tipo \u201chilos tensores\u201d) para tratar arrugas del cuello.<\/li>\n<li>Alisar arrugas superficiales (acci\u00f3n tipo peeling) y tratar arrugas por deshidrataci\u00f3n.<\/li>\n<li>Mejorar luminosidad, textura, sensaci\u00f3n de suavidad.<\/li>\n<\/ul>\n<p><strong>Ingredientes<\/strong><\/p>\n<p>Aunque la lista completa es extensa, algunas de las tecnolog\u00edas \/ ingredientes clave:<\/p>\n<ul>\n<li>\u201c5XP\u201d indica que la f\u00f3rmula incorpora elementos inspirados en cinco t\u00e9cnicas est\u00e9ticas distintas.<\/li>\n<li>Activos como p\u00e9ptidos, \u00e1cido hialur\u00f3nico encapsulado, ingredientes regeneradores, complexos que elevan la s\u00edntesis de col\u00e1geno.<\/li>\n<li>Componentes exfoliantes suaves o regeneradores que ayudan a alisar la piel.<\/li>\n<\/ul>\n<p><strong>Para qui\u00e9n es?<\/strong><\/p>\n<ul>\n<li>Personas que buscan un tratamiento antiedad bastante completo: no solo para arrugas espec\u00edficas, sino para varios tipos (expresi\u00f3n, profundas, de deshidrataci\u00f3n, superficiales, cuello).<\/li>\n<li>Adecuado para quienes ya usan cosm\u00e9ticos antiedad y quieren intensificar resultados, especialmente si les importa la textura, luminosidad y firmeza.<\/li>\n<li>Puede ser m\u00e1s \u00fatil para pieles a partir de los 30-35 a\u00f1os, cuando los signos de envejecimiento se vuelven m\u00e1s visibles.<\/li>\n<\/ul>\n","protected":false},"excerpt":{"rendered":"<p><strong>Filorga Time-Filler 5XP XMAS Coffret 2025 <\/strong>coffret navide\u00f1o de la l\u00ednea <em data-start=\"232\" data-end=\"249\">Time-Filler 5XP<\/em> de Filorga, edici\u00f3n 2025.<\/p>\n<p>&nbsp;<\/p>\n","protected":false},"featured_media":63670,"comment_status":"open","ping_status":"closed","template":"","meta":[],"product_brand":[423],"product_cat":[152,517,161,49,157,519,486,79,69],"product_tag":[],"class_list":{"0":"post-63590","1":"product","2":"type-product","3":"status-publish","4":"has-post-thumbnail","6":"product_brand-filorga","7":"product_cat-anti-edad","8":"product_cat-cofres","9":"product_cat-crema-facial-tipo-de-producto","10":"product_cat-filorga","11":"product_cat-hidratacion","12":"product_cat-invierno","13":"product_cat-promociones-2026","14":"product_cat-rostro","15":"product_cat-suero","17":"first","18":"instock","19":"shipping-taxable","20":"purchasable","21":"product-type-simple"},"aioseo_notices":[],"_links":{"self":[{"href":"https:\/\/iselamendez.mx\/farmacia\/wp-json\/wp\/v2\/product\/63590","targetHints":{"allow":["GET"]}}],"collection":[{"href":"https:\/\/iselamendez.mx\/farmacia\/wp-json\/wp\/v2\/product"}],"about":[{"href":"https:\/\/iselamendez.mx\/farmacia\/wp-json\/wp\/v2\/types\/product"}],"replies":[{"embeddable":true,"href":"https:\/\/iselamendez.mx\/farmacia\/wp-json\/wp\/v2\/comments?post=63590"}],"wp:featuredmedia":[{"embeddable":true,"href":"https:\/\/iselamendez.mx\/farmacia\/wp-json\/wp\/v2\/media\/63670"}],"wp:attachment":[{"href":"https:\/\/iselamendez.mx\/farmacia\/wp-json\/wp\/v2\/media?parent=63590"}],"wp:term":[{"taxonomy":"product_brand","embeddable":true,"href":"https:\/\/iselamendez.mx\/farmacia\/wp-json\/wp\/v2\/product_brand?post=63590"},{"taxonomy":"product_cat","embeddable":true,"href":"https:\/\/iselamendez.mx\/farmacia\/wp-json\/wp\/v2\/product_cat?post=63590"},{"taxonomy":"product_tag","embeddable":true,"href":"https:\/\/iselamendez.mx\/farmacia\/wp-json\/wp\/v2\/product_tag?post=63590"}],"curies":[{"name":"wp","href":"https:\/\/api.w.org\/{rel}","templated":true}]}}