{"id":63595,"date":"2025-10-14T14:35:56","date_gmt":"2025-10-14T20:35:56","guid":{"rendered":"https:\/\/iselamendez.mx\/farmacia\/?post_type=product&#038;p=63595"},"modified":"2026-04-21T22:51:21","modified_gmt":"2026-04-22T04:51:21","slug":"filorga-sleep-peel-4-5-expert-coffret","status":"publish","type":"product","link":"https:\/\/iselamendez.mx\/farmacia\/tienda\/funcion\/tratamiento\/anti-edad\/filorga-sleep-peel-4-5-expert-coffret\/","title":{"rendered":"Filorga Sleep &#038; Peel 4.5 Expert Coffret"},"content":{"rendered":"<h3><strong>Filorga Sleep &amp; Peel 4.5 Expert Coffret<\/strong><\/h3>\n<p>Set edicion especial que incluye <strong><em data-start=\"212\" data-end=\"230\">Sleep &amp; Peel 4.5 <\/em><\/strong>crema nocturna micro-peeling y\u00a0productos antiedad <strong>Time-Filler<\/strong> y <strong>NCEF Shot<\/strong> para intensificar los resultados<\/p>\n<p>Incluye:<\/p>\n<ul>\n<li><strong>Sleep &amp; Peel 4.5 Crema 40ml<\/strong>, crema nocturna micro-peeling, formulada para aplicarse por las noches, inspirada en peelings profesionales, pero con una concentraci\u00f3n moderada para uso cosm\u00e9tico en casa<\/li>\n<li><strong>Time-Filler 5XP Crema 30ml <\/strong>crema facial antiarrugas de alta gama dise\u00f1ada para actuar simult\u00e1neamente sobre cinco tipos de arrugas<\/li>\n<li><strong>NCEF-Shot Suero 3ml <\/strong>suero antiedad intensivo\u00a0 dise\u00f1ado como un tratamiento de corta duraci\u00f3n (\u2248 10 d\u00edas) para revitalizar la piel. incluye el complejo \u201cNew Cellular Encapsulated Factors\u201d (NCEF) con una mezcla de activos renovadores tipo mesoterapia<\/li>\n<\/ul>\n<p><strong>Beneficios principales<\/strong><\/p>\n<ul>\n<li>Renovaci\u00f3n celular: exfoliaci\u00f3n suave para eliminar c\u00e9lulas muertas, mejorando la textura de la piel.<\/li>\n<li>Luminosidad: al despertar la piel luce m\u00e1s fresca, con tono m\u00e1s uniforme.<\/li>\n<li>Alisamiento de l\u00edneas finas: mejora de arrugas y l\u00edneas superficiales gracias a la combinaci\u00f3n de \u00e1cidos hidroxi (AHA + BHA) al 4.5 %.<\/li>\n<li>Textura afinada: poros menos visibles, suavidad al tacto, mejora en la sensaci\u00f3n general de la piel.<\/li>\n<li>Adecuado para piel sensible (con ciertas precauciones). La f\u00f3rmula menciona que la crema es &#8220;ultra suave&#8221; y apta para pieles sensibles.<\/li>\n<\/ul>\n<p><strong>Ingredientes destacados<\/strong><\/p>\n<ul>\n<li>Complejo de hidroxi\u00e1cidos: AHA + BHA al 4.5 % que incluye \u00e1cidos como glic\u00f3lico, c\u00edtrico, l\u00e1ctico, m\u00e1lico, pir\u00favico, tart\u00e1rico.<\/li>\n<li>Algas pardas (\u201cbrown alga extracts\u201d) calmantes que complementan la f\u00f3rmula.<\/li>\n<li>Ingredientes emolientes y humectantes: glicerina, aceites suaves, componentes que ayudan a la barrera cut\u00e1nea.<\/li>\n<\/ul>\n<p><strong>Uso recomendado<\/strong><\/p>\n<ul>\n<li>Aplicar por la noche, sobre rostro, cuello y escote limpios. Evitar el contorno de ojos.<\/li>\n<li>Tratamiento de duraci\u00f3n recomendada: un mes. Despu\u00e9s, puede ser necesario descansar la piel o alternar su uso si notas sensibilidad.<\/li>\n<li>Durante el d\u00eda, usar protector solar riguroso, ya que los \u00e1cidos aumentan la sensibilidad al sol.<\/li>\n<\/ul>\n","protected":false},"excerpt":{"rendered":"<p><strong>Filorga Sleep &amp; Peel 4.5 Expert Coffret <\/strong>es un set edicion especial que incluye <strong><em data-start=\"212\" data-end=\"230\">Sleep &amp; Peel 4.5 <\/em><\/strong>crema nocturna micro-peeling y\u00a0productos antiedad <strong>Time-Filler<\/strong> y <strong>NCEF Shot<\/strong> para intensificar los resultados<\/p>\n","protected":false},"featured_media":63661,"comment_status":"open","ping_status":"closed","template":"","meta":[],"product_brand":[423],"product_cat":[152,517,161,176,49,519,486,79,69],"product_tag":[],"class_list":{"0":"post-63595","1":"product","2":"type-product","3":"status-publish","4":"has-post-thumbnail","6":"product_brand-filorga","7":"product_cat-anti-edad","8":"product_cat-cofres","9":"product_cat-crema-facial-tipo-de-producto","10":"product_cat-efecto-peeling","11":"product_cat-filorga","12":"product_cat-invierno","13":"product_cat-promociones-2026","14":"product_cat-rostro","15":"product_cat-suero","17":"first","18":"outofstock","19":"shipping-taxable","20":"purchasable","21":"product-type-simple"},"aioseo_notices":[],"_links":{"self":[{"href":"https:\/\/iselamendez.mx\/farmacia\/wp-json\/wp\/v2\/product\/63595","targetHints":{"allow":["GET"]}}],"collection":[{"href":"https:\/\/iselamendez.mx\/farmacia\/wp-json\/wp\/v2\/product"}],"about":[{"href":"https:\/\/iselamendez.mx\/farmacia\/wp-json\/wp\/v2\/types\/product"}],"replies":[{"embeddable":true,"href":"https:\/\/iselamendez.mx\/farmacia\/wp-json\/wp\/v2\/comments?post=63595"}],"wp:featuredmedia":[{"embeddable":true,"href":"https:\/\/iselamendez.mx\/farmacia\/wp-json\/wp\/v2\/media\/63661"}],"wp:attachment":[{"href":"https:\/\/iselamendez.mx\/farmacia\/wp-json\/wp\/v2\/media?parent=63595"}],"wp:term":[{"taxonomy":"product_brand","embeddable":true,"href":"https:\/\/iselamendez.mx\/farmacia\/wp-json\/wp\/v2\/product_brand?post=63595"},{"taxonomy":"product_cat","embeddable":true,"href":"https:\/\/iselamendez.mx\/farmacia\/wp-json\/wp\/v2\/product_cat?post=63595"},{"taxonomy":"product_tag","embeddable":true,"href":"https:\/\/iselamendez.mx\/farmacia\/wp-json\/wp\/v2\/product_tag?post=63595"}],"curies":[{"name":"wp","href":"https:\/\/api.w.org\/{rel}","templated":true}]}}