{"id":63878,"date":"2025-10-21T17:31:00","date_gmt":"2025-10-21T23:31:00","guid":{"rendered":"https:\/\/iselamendez.mx\/farmacia\/?post_type=product&#038;p=63878"},"modified":"2026-04-11T16:22:44","modified_gmt":"2026-04-11T22:22:44","slug":"filorga-hyalu-filler-serum-30ml","status":"publish","type":"product","link":"https:\/\/iselamendez.mx\/farmacia\/tienda\/funcion\/tratamiento\/anti-edad\/filorga-hyalu-filler-serum-30ml\/","title":{"rendered":"Filorga Hyalu Filler Serum 30ml"},"content":{"rendered":"<h3>Filorga Hyalu Filler Serum 30ml<\/h3>\n<p>Es un s\u00e9rum facial antiedad e intensivo , dise\u00f1ado para <strong>hidratar profundamente, rellenar la piel y alisar arrugas y l\u00edneas finas<\/strong>. Combina tecnolog\u00edas inspiradas en la medicina est\u00e9tica: en concreto la idea de \u201c<strong>Skin Boosters<\/strong>\u201d (hidrataci\u00f3n profunda) y \u201c<strong>Fillers<\/strong>\u201d (relleno de arrugas) adaptadas a cosm\u00e9tica.<\/p>\n<p>&nbsp;<\/p>\n<p><strong>Principales beneficios<\/strong><\/p>\n<ul>\n<li>Hidrata intensamente: se reporta un <strong>aumento de hasta ~80 % en hidrataci\u00f3n<\/strong> 30 minutos tras la aplicaci\u00f3n.<\/li>\n<li><strong>Rellena la piel, alisando arrugas y l\u00edneas finas<\/strong> gracias a la acci\u00f3n de cinco formas diferentes de \u00e1cido hialur\u00f3nico (alto, medio, bajo peso molecular, reticulado y microfragmentado).<\/li>\n<li><strong>Mejora de la textura de la piel<\/strong>: poros menos visibles, piel m\u00e1s lisa, sensaci\u00f3n de \u201crelleno\u201d.<\/li>\n<li><strong>Protecci\u00f3n frente a agresiones externas<\/strong>: incluye extracto de alga roja (Chondrus crispus) para acci\u00f3n antipoluci\u00f3n, y extracto de Sophora japonica rico en polifenoles antioxidantes.<\/li>\n<li><strong>Apto para todo tipo de pieles<\/strong>\u00a0y para cualquier edad.<\/li>\n<\/ul>\n<p>&nbsp;<\/p>\n<p><strong>Ingredientes clave<\/strong><\/p>\n<ul>\n<li>Cinco tipos de \u00e1cido hialur\u00f3nico.<\/li>\n<li>Extracto de alga roja (Chondrus crispus) que forma una barrera protectora contra la contaminaci\u00f3n.<\/li>\n<li>Extracto de Sophora japonica para efecto antioxidante.<\/li>\n<li>Complejo NCEF de Filorga (vitaminas, amino\u00e1cidos, coenzimas) para revitalizar la piel.<\/li>\n<\/ul>\n<p><strong>C\u00f3mo usarlo<\/strong><\/p>\n<ul>\n<li>Aplicar ma\u00f1ana y\/o noche sobre el rostro y cuello limpios y secos.<\/li>\n<li>Usar de 2 a 3 gotas del s\u00e9rum (o la dosis indicada por la pipeta) y distribuir con movimientos suaves de alisado.<\/li>\n<li>Despu\u00e9s del s\u00e9rum, aplicar tu crema habitual (hidratante) y por la ma\u00f1ana no olvidar tu protector solar.<\/li>\n<li>Por su efecto antiedad\/hidratante, se recomienda el uso continuo para optimizar los resultados.<\/li>\n<\/ul>\n","protected":false},"excerpt":{"rendered":"<p><strong>Filorga Hyalu Filler Serum 30ml<\/p>\n<p><\/strong><\/p>\n<p>Es un s\u00e9rum facial antiedad e intensivo , dise\u00f1ado para <strong>hidratar profundamente, rellenar la piel y alisar arrugas y l\u00edneas finas<\/strong>. Combina tecnolog\u00edas inspiradas en la medicina est\u00e9tica: en concreto la idea de \u201c<strong>Skin Boosters<\/strong>\u201d (hidrataci\u00f3n profunda) y \u201c<strong>Fillers<\/strong>\u201d (relleno de arrugas) adaptadas a cosm\u00e9tica.<\/p>\n","protected":false},"featured_media":63514,"comment_status":"open","ping_status":"closed","template":"","meta":[],"product_brand":[423],"product_cat":[152,203,49,157,519,486,200,79,69],"product_tag":[],"class_list":{"0":"post-63878","1":"product","2":"type-product","3":"status-publish","4":"has-post-thumbnail","6":"product_brand-filorga","7":"product_cat-anti-edad","8":"product_cat-antioxidante","9":"product_cat-filorga","10":"product_cat-hidratacion","11":"product_cat-invierno","12":"product_cat-promociones-2026","13":"product_cat-reafirmante","14":"product_cat-rostro","15":"product_cat-suero","17":"first","18":"instock","19":"shipping-taxable","20":"purchasable","21":"product-type-simple"},"aioseo_notices":[],"_links":{"self":[{"href":"https:\/\/iselamendez.mx\/farmacia\/wp-json\/wp\/v2\/product\/63878","targetHints":{"allow":["GET"]}}],"collection":[{"href":"https:\/\/iselamendez.mx\/farmacia\/wp-json\/wp\/v2\/product"}],"about":[{"href":"https:\/\/iselamendez.mx\/farmacia\/wp-json\/wp\/v2\/types\/product"}],"replies":[{"embeddable":true,"href":"https:\/\/iselamendez.mx\/farmacia\/wp-json\/wp\/v2\/comments?post=63878"}],"wp:featuredmedia":[{"embeddable":true,"href":"https:\/\/iselamendez.mx\/farmacia\/wp-json\/wp\/v2\/media\/63514"}],"wp:attachment":[{"href":"https:\/\/iselamendez.mx\/farmacia\/wp-json\/wp\/v2\/media?parent=63878"}],"wp:term":[{"taxonomy":"product_brand","embeddable":true,"href":"https:\/\/iselamendez.mx\/farmacia\/wp-json\/wp\/v2\/product_brand?post=63878"},{"taxonomy":"product_cat","embeddable":true,"href":"https:\/\/iselamendez.mx\/farmacia\/wp-json\/wp\/v2\/product_cat?post=63878"},{"taxonomy":"product_tag","embeddable":true,"href":"https:\/\/iselamendez.mx\/farmacia\/wp-json\/wp\/v2\/product_tag?post=63878"}],"curies":[{"name":"wp","href":"https:\/\/api.w.org\/{rel}","templated":true}]}}