{"id":64470,"date":"2025-11-01T13:44:27","date_gmt":"2025-11-01T19:44:27","guid":{"rendered":"https:\/\/iselamendez.mx\/farmacia\/?post_type=product&#038;p=64470"},"modified":"2026-04-21T22:51:27","modified_gmt":"2026-04-22T04:51:27","slug":"svr-c20-biotic-crema-refill-50ml","status":"publish","type":"product","link":"https:\/\/iselamendez.mx\/farmacia\/tienda\/funcion\/tratamiento\/anti-edad\/svr-c20-biotic-crema-refill-50ml\/","title":{"rendered":"SVR C20 Biotic Crema Refill 50ml"},"content":{"rendered":"<h3><strong>SVR [C20] Biotic Crema Refill 50ml<\/strong><\/h3>\n<p>Crema regeneradora e iluminadora destinada a arrugas, tez apagada e imperfecciones. Combina una alta concentraci\u00f3n de vitamina C optimizada (\u2248 20 %) junto con probi\u00f3ticos y \u00e1cido hialur\u00f3nico Versi\u00f3n Refill<\/p>\n<p>&nbsp;<\/p>\n<p><strong>Principales beneficios<\/strong><\/p>\n<ul>\n<li>Aporta luminosidad a la piel, reduciendo el aspecto de tez cansada o apagada.<\/li>\n<li>Unifica el tono y mejora la textura cut\u00e1nea. despu\u00e9s de 28 d\u00edas de uso se logr\u00f3 +10 % de m\u00e1s homogeneidad del tono, +17 % m\u00e1s luminosidad, +20 % efecto reafirmante.<\/li>\n<li>Acci\u00f3n antiedad ligera: suaviza l\u00edneas finas, arrugas incipientes gracias al \u00e1cido hialur\u00f3nico de bajo peso molecular que hidrata y rellena.<\/li>\n<li>Refuerza la barrera cut\u00e1nea y mejora la resistencia de la piel frente al estr\u00e9s oxidativo gracias a la vitamina C y los probi\u00f3ticos.<\/li>\n<\/ul>\n<p>&nbsp;<\/p>\n<p><strong>Ingredientes clave<\/strong><\/p>\n<ul>\n<li><strong>Vitamina C estabilizada \/ optimizada<\/strong> al ~20 %: act\u00faa como antioxidante potente, ilumina y unifica.<\/li>\n<li><strong>\u00c1cido hialur\u00f3nico de bajo peso molecular:<\/strong> hidrata en profundidad y alisa la piel.<\/li>\n<li><strong>Probi\u00f3ticos pasteurizados:<\/strong> refuerzan la microbiota cut\u00e1nea, mejorando la salud de la piel.<\/li>\n<li>Textura enriquecida con <strong>manteca de karit\u00e9<\/strong> (Butyrospermum parkii) en la lista de ingredientes que aparece en la ficha.<\/li>\n<\/ul>\n<p>&nbsp;<\/p>\n<p><strong>\u00bfPara qui\u00e9n est\u00e1 indicado?<\/strong><\/p>\n<ul>\n<li>Personas con piel que ya presenta signos de cansancio, tez apagada, primeras arrugas o p\u00e9rdida de luminosidad.<\/li>\n<li>Piel normal a seca o mixta que quiera mejorar textura, tono e hidrataci\u00f3n sin f\u00f3rmulas muy densas.<\/li>\n<li>Personas que buscan un producto de rutina diaria con efectos antiedad moderados + luminosidad.<\/li>\n<li>Buena opci\u00f3n tambi\u00e9n para pieles sensibles, ya que la ficha menciona \u201cdermatol\u00f3gicamente probado, para pieles sensibles\u201d.<\/li>\n<\/ul>\n<p>&nbsp;<\/p>\n<p><strong>Modo de uso sugerido<\/strong><\/p>\n<ol>\n<li>Aplicar ma\u00f1ana y\/o noche sobre rostro y cuello limpios.<\/li>\n<li>Para el primer uso o pieles sensibles: aplicar una peque\u00f1a cantidad por la noche y esperar 48 horas antes de la siguiente aplicaci\u00f3n. Luego, seg\u00fan tolerancia, usar diario o dos veces al d\u00eda.<\/li>\n<li>Como todos los productos que contienen vitamina C (y otros activos antiedad), es importante usar protector solar diario para maximizar resultados y proteger la piel.<\/li>\n<li>Continuar con hidratante o crema seg\u00fan tu rutina habitual, y aplicar la crema [C20] Biotic como parte de la rutina de cuidado general.<\/li>\n<\/ol>\n","protected":false},"excerpt":{"rendered":"<p>SVR [C20] Biotic Crema Refill 50ml Crema regeneradora e iluminadora destinada a arrugas, tez apagada e imperfecciones. Combina una alta concentraci\u00f3n de vitamina C optimizada (\u2248 20 %) junto con probi\u00f3ticos y \u00e1cido hialur\u00f3nico Versi\u00f3n Refill &nbsp; Principales beneficios Aporta [&hellip;]<\/p>\n","protected":false},"featured_media":64621,"comment_status":"open","ping_status":"closed","template":"","meta":[],"product_brand":[474],"product_cat":[152,161,157,519,486,79,32],"product_tag":[],"class_list":{"0":"post-64470","1":"product","2":"type-product","3":"status-publish","4":"has-post-thumbnail","6":"product_brand-svr","7":"product_cat-anti-edad","8":"product_cat-crema-facial-tipo-de-producto","9":"product_cat-hidratacion","10":"product_cat-invierno","11":"product_cat-promociones-2026","12":"product_cat-rostro","13":"product_cat-svr","15":"first","16":"instock","17":"shipping-taxable","18":"purchasable","19":"product-type-simple"},"aioseo_notices":[],"_links":{"self":[{"href":"https:\/\/iselamendez.mx\/farmacia\/wp-json\/wp\/v2\/product\/64470","targetHints":{"allow":["GET"]}}],"collection":[{"href":"https:\/\/iselamendez.mx\/farmacia\/wp-json\/wp\/v2\/product"}],"about":[{"href":"https:\/\/iselamendez.mx\/farmacia\/wp-json\/wp\/v2\/types\/product"}],"replies":[{"embeddable":true,"href":"https:\/\/iselamendez.mx\/farmacia\/wp-json\/wp\/v2\/comments?post=64470"}],"wp:featuredmedia":[{"embeddable":true,"href":"https:\/\/iselamendez.mx\/farmacia\/wp-json\/wp\/v2\/media\/64621"}],"wp:attachment":[{"href":"https:\/\/iselamendez.mx\/farmacia\/wp-json\/wp\/v2\/media?parent=64470"}],"wp:term":[{"taxonomy":"product_brand","embeddable":true,"href":"https:\/\/iselamendez.mx\/farmacia\/wp-json\/wp\/v2\/product_brand?post=64470"},{"taxonomy":"product_cat","embeddable":true,"href":"https:\/\/iselamendez.mx\/farmacia\/wp-json\/wp\/v2\/product_cat?post=64470"},{"taxonomy":"product_tag","embeddable":true,"href":"https:\/\/iselamendez.mx\/farmacia\/wp-json\/wp\/v2\/product_tag?post=64470"}],"curies":[{"name":"wp","href":"https:\/\/api.w.org\/{rel}","templated":true}]}}