{"id":6488,"date":"2020-09-14T09:22:08","date_gmt":"2020-09-14T14:22:08","guid":{"rendered":"https:\/\/iselamendez.mx\/farmacia\/producto\/sin%20categor\u00eda\/spectral-rs\/"},"modified":"2026-04-01T03:19:31","modified_gmt":"2026-04-01T09:19:31","slug":"ds-laboratories-spectral-rs","status":"publish","type":"product","link":"https:\/\/iselamendez.mx\/farmacia\/tienda\/funcion\/tratamiento\/crecimiento-capilar\/ds-laboratories-spectral-rs\/","title":{"rendered":"DS Laboratories Spectral.Rs 60ml"},"content":{"rendered":"<p><a href=\"https:\/\/dslaboratories.com.mx\/products\/spectral-rs-tratamiento-para-adelgazamienti-perdida-difusa-cabello\">DS Laboratories Spectral.Rs 60ml<\/a><\/p>\n<h5 class=\"product__title-under\">TRATAMIENTO PARA EL ADELGAZAMIENTO Y P\u00c9RDIDA DIFUSA DEL CABELLO<\/h5>\n<p>&nbsp;<\/p>\n<h5>\u00bfC\u00f3mo act\u00faa?<\/h5>\n<p>Trata las m\u00faltiples causas que conllevan al adelgazamiento del cabello y la p\u00e9rdida difusa tales como: estr\u00e9s, problemas hormonales, menopausia, d\u00e9ficit de vitaminas y minerales. Su potente f\u00f3rmula con aminexil, adenosina, retinol, p\u00e9ptidos y otros ingredientes activos engrosa y fortalece el cabello. Ayuda a que el cabello se vuelva m\u00e1s suave y manejable a la vez que refuerza las fibras capilares y evita su quiebre.<\/p>\n<p>&nbsp;<\/p>\n<h5>\u00bfPara quien es?<\/h5>\n<div class=\"product-info__who-content\">\n<ul>\n<li>Hombres y mujeres preocupados por la p\u00e9rdida difusa y el adelgazamiento del cabello<\/li>\n<li>Hombres y mujeres que sufren de estr\u00e9s<\/li>\n<li>Mujeres que experimentan la p\u00e9rdida y adelgazamiento del cabello asociados con postparto, lactancia, desequilibro hormonal y deficiencias nutrimentales<\/li>\n<\/ul>\n<\/div>\n<p>&nbsp;<\/p>\n<h5>Modo de Uso:<\/h5>\n<p>Aplica 6 atomizaciones de tu\u00a0<a href=\"https:\/\/dslaboratories.com.mx\/products\/spectral-rs-tratamiento-para-adelgazamienti-perdida-difusa-cabello\">Spectral.Rs<\/a> 2 veces al d\u00eda, directamente en el \u00e1rea afectada por la p\u00e9rdida de cabello. <strong>No enjuagues.<\/strong> Utiliza durante un periodo de 3 meses antes de evaluar resultados.<\/p>\n<h5 style=\"text-align: center;\">EL USO CONTINUO Y LA CONSTANCIA son necesarios para obtener \u00f3ptimos resultados.<\/h5>\n<p>&nbsp;<\/p>\n<p>Para obtener mejores resultados, usa <a href=\"https:\/\/iselamendez.mx\/farmacia\/tienda\/marcas\/ds-laboratories\/ds-laboratories-revita-shampoo\/\">Revita Shampoo<\/a>, <a href=\"https:\/\/iselamendez.mx\/farmacia\/tienda\/marcas\/ds-laboratories\/ds-laboratories-revita-acondicionador\/\">Revita Acondicionador<\/a> para aumentar la eficacia de tu tratamiento.<\/p>\n<p>&nbsp;<\/p>\n<p>&nbsp;<\/p>\n<p>&nbsp;<\/p>\n","protected":false},"excerpt":{"rendered":"<p>Salud es belleza<\/p>\n","protected":false},"featured_media":17427,"comment_status":"open","ping_status":"closed","template":"","meta":[],"product_brand":[412],"product_cat":[112,151,115,105,71],"product_tag":[348],"class_list":{"0":"post-6488","1":"product","2":"type-product","3":"status-publish","4":"has-post-thumbnail","6":"product_brand-ds-laboratories","7":"product_cat-cabeza","8":"product_cat-crecimiento-capilar","9":"product_cat-ds-laboratories","10":"product_cat-spray","11":"product_cat-tratamiento","12":"product_tag-ds-laboratories","14":"first","15":"instock","16":"shipping-taxable","17":"purchasable","18":"product-type-simple"},"aioseo_notices":[],"_links":{"self":[{"href":"https:\/\/iselamendez.mx\/farmacia\/wp-json\/wp\/v2\/product\/6488","targetHints":{"allow":["GET"]}}],"collection":[{"href":"https:\/\/iselamendez.mx\/farmacia\/wp-json\/wp\/v2\/product"}],"about":[{"href":"https:\/\/iselamendez.mx\/farmacia\/wp-json\/wp\/v2\/types\/product"}],"replies":[{"embeddable":true,"href":"https:\/\/iselamendez.mx\/farmacia\/wp-json\/wp\/v2\/comments?post=6488"}],"wp:featuredmedia":[{"embeddable":true,"href":"https:\/\/iselamendez.mx\/farmacia\/wp-json\/wp\/v2\/media\/17427"}],"wp:attachment":[{"href":"https:\/\/iselamendez.mx\/farmacia\/wp-json\/wp\/v2\/media?parent=6488"}],"wp:term":[{"taxonomy":"product_brand","embeddable":true,"href":"https:\/\/iselamendez.mx\/farmacia\/wp-json\/wp\/v2\/product_brand?post=6488"},{"taxonomy":"product_cat","embeddable":true,"href":"https:\/\/iselamendez.mx\/farmacia\/wp-json\/wp\/v2\/product_cat?post=6488"},{"taxonomy":"product_tag","embeddable":true,"href":"https:\/\/iselamendez.mx\/farmacia\/wp-json\/wp\/v2\/product_tag?post=6488"}],"curies":[{"name":"wp","href":"https:\/\/api.w.org\/{rel}","templated":true}]}}