{"id":6517,"date":"2020-09-14T09:22:13","date_gmt":"2020-09-14T14:22:13","guid":{"rendered":"https:\/\/iselamendez.mx\/farmacia\/producto\/sin%20categor\u00eda\/si-nails-2-5ml\/"},"modified":"2026-04-01T03:19:39","modified_gmt":"2026-04-01T09:19:39","slug":"isdin-si-nails-fortalecedor-2-5ml","status":"publish","type":"product","link":"https:\/\/iselamendez.mx\/farmacia\/tienda\/tipo-de-producto\/gel\/isdin-si-nails-fortalecedor-2-5ml\/","title":{"rendered":"ISDIN Si-Nails Fortalecedor de U\u00f1as 2.5ml"},"content":{"rendered":"<h4><span data-sheets-value=\"{&quot;1&quot;:2,&quot;2&quot;:&quot;Si-Nails es un fortalecedor de u\u00f1as que aporta una mayor cantidad de queratina aumentando el grosor de ellas y con resultados visibles a los pocos d\u00edas.&quot;}\" data-sheets-userformat=\"{&quot;2&quot;:14979,&quot;3&quot;:{&quot;1&quot;:0},&quot;4&quot;:{&quot;1&quot;:2,&quot;2&quot;:16777215},&quot;10&quot;:2,&quot;12&quot;:0,&quot;14&quot;:{&quot;1&quot;:2,&quot;2&quot;:3355443},&quot;15&quot;:&quot;Calibri, sans-serif&quot;,&quot;16&quot;:8}\">ISDIN Si-Nails Fortalecedor 2.5 ml <\/span><\/h4>\n<h5 class=\"frase_vendedora\">U\u00f1as perfectas. Resultados visibles en 14 d\u00edas.<\/h5>\n<p><span data-sheets-value=\"{&quot;1&quot;:2,&quot;2&quot;:&quot;Si-Nails es un fortalecedor de u\u00f1as que aporta una mayor cantidad de queratina aumentando el grosor de ellas y con resultados visibles a los pocos d\u00edas.&quot;}\" data-sheets-userformat=\"{&quot;2&quot;:14979,&quot;3&quot;:{&quot;1&quot;:0},&quot;4&quot;:{&quot;1&quot;:2,&quot;2&quot;:16777215},&quot;10&quot;:2,&quot;12&quot;:0,&quot;14&quot;:{&quot;1&quot;:2,&quot;2&quot;:3355443},&quot;15&quot;:&quot;Calibri, sans-serif&quot;,&quot;16&quot;:8}\">Fortalecedor de u\u00f1as que aporta una mayor cantidad de queratina aumentando el grosor de ellas y con resultados visibles a los pocos d\u00edas. Tiene un acabado invisible y de f\u00e1cil aplicaci\u00f3n. Gracias a su combinaci\u00f3n de ingredientes aporta a la u\u00f1a m\u00e1s queratina, m\u00e1s hidrataci\u00f3n, m\u00e1s silico, y m\u00e1s protecci\u00f3n. Resultados visibles en 14 d\u00edas.<\/span><\/p>\n<p>&nbsp;<\/p>\n<h5>\u00bfC\u00f3mo act\u00faa?<\/h5>\n<p>Fortalecedor de u\u00f1as desarrolladas espec\u00edficamente para proteger y mejorar el aspecto de las u\u00f1as, devolvi\u00e9ndoles un aspecto natural. Con \u00e1cido hialur\u00f3nico cati\u00f3nico, potencia la hidrataci\u00f3n de las cut\u00edculas. Acabado, invisible y de f\u00e1cil aplicaci\u00f3n. Gracias a su combinaci\u00f3n de ingredientes activos promueve el crecimiento de la u\u00f1a y aumenta su resistencia, ayudando a evitar su rotura a la vez que favorece su remineralizaci\u00f3n y reestructuraci\u00f3n. Resultados visibles en 14 d\u00edas<\/p>\n<p>&nbsp;<\/p>\n<h5>Modo de uso:<\/h5>\n<p>***La primera vez que se utilice el producto habr\u00e1 que pulsar hasta que humedezca el pincel aplicador (25 veces aprox.).<\/p>\n<p>Aplicar\u00a0 todos los d\u00edas sobre las u\u00f1as limpias (sin esmalte) y secas. Pasar la brocha humedecida por todo el borde de la u\u00f1a y cut\u00edcula. Pasar la brocha con movimientos verticales de adentro hacia afuera, cubriendo toda la superficie de la u\u00f1a. En caso de que sea posible pasar la brocha por debajo de la u\u00f1a.<\/p>\n<p>Se recomienda con una exfoliaci\u00f3n para traer unas manos hermosas, te recomendamos <a href=\"https:\/\/iselamendez.mx\/farmacia\/tienda\/marcas\/filorga\/scrub-peel-150-ml\/\">SCRUB &amp; PEEL 150 ML <\/a>y una buena humectaci\u00f3n <a href=\"https:\/\/iselamendez.mx\/farmacia\/tienda\/marcas\/svr\/svr-topialyse-mains-crema\/\">SVR TOPIALYSE MAINS<\/a><\/p>\n<p>&nbsp;<\/p>\n<p>Tienda en l\u00ednea <a href=\"https:\/\/iselamendez.mx\/\">Isela M\u00e9ndez<\/a> tenemos los mejores productos de <strong>SVR<\/strong> consulta algunos de nuestros dermat\u00f3logos para una mejor autoevaluaci\u00f3n.<\/p>\n","protected":false},"excerpt":{"rendered":"<p>Salud es belleza<\/p>\n","protected":false},"featured_media":6811,"comment_status":"open","ping_status":"closed","template":"","meta":[],"product_brand":[436],"product_cat":[87,45,71,175],"product_tag":[355],"class_list":{"0":"post-6517","1":"product","2":"type-product","3":"status-publish","4":"has-post-thumbnail","6":"product_brand-isdin","7":"product_cat-gel","8":"product_cat-isdin","9":"product_cat-tratamiento","10":"product_cat-unas","11":"product_tag-isdin","13":"first","14":"instock","15":"shipping-taxable","16":"purchasable","17":"product-type-simple"},"aioseo_notices":[],"_links":{"self":[{"href":"https:\/\/iselamendez.mx\/farmacia\/wp-json\/wp\/v2\/product\/6517","targetHints":{"allow":["GET"]}}],"collection":[{"href":"https:\/\/iselamendez.mx\/farmacia\/wp-json\/wp\/v2\/product"}],"about":[{"href":"https:\/\/iselamendez.mx\/farmacia\/wp-json\/wp\/v2\/types\/product"}],"replies":[{"embeddable":true,"href":"https:\/\/iselamendez.mx\/farmacia\/wp-json\/wp\/v2\/comments?post=6517"}],"wp:featuredmedia":[{"embeddable":true,"href":"https:\/\/iselamendez.mx\/farmacia\/wp-json\/wp\/v2\/media\/6811"}],"wp:attachment":[{"href":"https:\/\/iselamendez.mx\/farmacia\/wp-json\/wp\/v2\/media?parent=6517"}],"wp:term":[{"taxonomy":"product_brand","embeddable":true,"href":"https:\/\/iselamendez.mx\/farmacia\/wp-json\/wp\/v2\/product_brand?post=6517"},{"taxonomy":"product_cat","embeddable":true,"href":"https:\/\/iselamendez.mx\/farmacia\/wp-json\/wp\/v2\/product_cat?post=6517"},{"taxonomy":"product_tag","embeddable":true,"href":"https:\/\/iselamendez.mx\/farmacia\/wp-json\/wp\/v2\/product_tag?post=6517"}],"curies":[{"name":"wp","href":"https:\/\/api.w.org\/{rel}","templated":true}]}}