{"id":66679,"date":"2025-12-05T13:56:50","date_gmt":"2025-12-05T19:56:50","guid":{"rendered":"https:\/\/iselamendez.mx\/farmacia\/?post_type=product&#038;p=66679"},"modified":"2026-04-15T10:43:30","modified_gmt":"2026-04-15T16:43:30","slug":"stratamed-pelicula-protectora-para-el-cuidado-avanzado-de-heridas-5g","status":"publish","type":"product","link":"https:\/\/iselamendez.mx\/farmacia\/tienda\/funcion\/cuidado-de-heridas\/stratamed-pelicula-protectora-para-el-cuidado-avanzado-de-heridas-5g\/","title":{"rendered":"Stratamed Pelicula Protectora para el Cuidado Avanzado de Heridas 5g"},"content":{"rendered":"<h3 data-start=\"593\" data-end=\"671\"><strong data-start=\"596\" data-end=\"669\">Stratamed Pel\u00edcula Protectora para el Cuidado Avanzado de Heridas 5 g<\/strong><\/h3>\n<p data-start=\"672\" data-end=\"1075\">Stratamed es un <strong data-start=\"688\" data-end=\"714\">gel de silicona m\u00e9dico<\/strong> especialmente formulado para aplicarse directamente sobre <strong data-start=\"773\" data-end=\"813\">heridas abiertas y piel comprometida<\/strong>, ofreciendo un cuidado avanzado desde las primeras etapas de la cicatrizaci\u00f3n. Su f\u00f3rmula crea una <strong data-start=\"913\" data-end=\"973\">pel\u00edcula protectora flexible, transparente y no oclusiva<\/strong>, permitiendo que la piel respire mientras se protege de contaminantes externos, fricci\u00f3n y bacterias.<\/p>\n<p data-start=\"1077\" data-end=\"1258\">Este producto es ideal para mejorar la recuperaci\u00f3n cut\u00e1nea posterior a <strong data-start=\"1149\" data-end=\"1257\">procedimientos dermatol\u00f3gicos, quemaduras superficiales, cortaduras, raspaduras y tratamientos est\u00e9ticos<\/strong>.<\/p>\n<h4 data-start=\"1265\" data-end=\"1296\"><strong data-start=\"1268\" data-end=\"1296\">\u2728 Beneficios principales<\/strong><\/h4>\n<ul data-start=\"1297\" data-end=\"1749\">\n<li data-start=\"1297\" data-end=\"1364\">\n<p data-start=\"1299\" data-end=\"1364\"><strong data-start=\"1299\" data-end=\"1338\">Acelera el proceso de cicatrizaci\u00f3n<\/strong> desde la etapa inicial.<\/p>\n<\/li>\n<li data-start=\"1365\" data-end=\"1437\">\n<p data-start=\"1367\" data-end=\"1437\"><strong data-start=\"1367\" data-end=\"1402\">Reduce el riesgo de infecciones<\/strong> gracias a su barrera protectora.<\/p>\n<\/li>\n<li data-start=\"1438\" data-end=\"1530\">\n<p data-start=\"1440\" data-end=\"1530\"><strong data-start=\"1440\" data-end=\"1479\">Minimiza la formaci\u00f3n de cicatrices<\/strong>, queloides e hiperpigmentaci\u00f3n postinflamatoria.<\/p>\n<\/li>\n<li data-start=\"1531\" data-end=\"1622\">\n<p data-start=\"1533\" data-end=\"1622\"><strong data-start=\"1533\" data-end=\"1571\">Mantiene la hidrataci\u00f3n de la piel<\/strong>, favoreciendo la reparaci\u00f3n correcta del tejido.<\/p>\n<\/li>\n<li data-start=\"1623\" data-end=\"1682\">\n<p data-start=\"1625\" data-end=\"1682\"><strong data-start=\"1625\" data-end=\"1655\">Apto para heridas abiertas<\/strong>, suturadas o con costra.<\/p>\n<\/li>\n<li data-start=\"1683\" data-end=\"1749\">\n<p data-start=\"1685\" data-end=\"1749\"><strong data-start=\"1685\" data-end=\"1706\">De textura ligera<\/strong>, no pegajosa y completamente transparente.<\/p>\n<\/li>\n<\/ul>\n<hr data-start=\"1751\" data-end=\"1754\" \/>\n<h4 data-start=\"1756\" data-end=\"1785\"><strong data-start=\"1759\" data-end=\"1785\">\ud83d\udd2c Indicaciones de uso<\/strong><\/h4>\n<p data-start=\"1786\" data-end=\"1820\">Stratamed est\u00e1 recomendado para:<\/p>\n<ul data-start=\"1821\" data-end=\"2067\">\n<li data-start=\"1821\" data-end=\"1856\">\n<p data-start=\"1823\" data-end=\"1856\">Heridas abiertas o piel da\u00f1ada.<\/p>\n<\/li>\n<li data-start=\"1857\" data-end=\"1907\">\n<p data-start=\"1859\" data-end=\"1907\">Cortes, raspaduras y quemaduras superficiales.<\/p>\n<\/li>\n<li data-start=\"1908\" data-end=\"1973\">\n<p data-start=\"1910\" data-end=\"1973\">Procedimientos dermatol\u00f3gicos: l\u00e1ser, peeling, dermoabrasi\u00f3n.<\/p>\n<\/li>\n<li data-start=\"1974\" data-end=\"2011\">\n<p data-start=\"1976\" data-end=\"2011\">Cicatrices quir\u00fargicas recientes.<\/p>\n<\/li>\n<li data-start=\"2012\" data-end=\"2067\">\n<p data-start=\"2014\" data-end=\"2067\">Aplicaci\u00f3n sobre zonas sensibles del rostro o cuerpo.<\/p>\n<\/li>\n<\/ul>\n<hr data-start=\"2069\" data-end=\"2072\" \/>\n<h4 data-start=\"2074\" data-end=\"2100\"><strong data-start=\"2077\" data-end=\"2100\">\ud83d\udcce \u00bfC\u00f3mo se aplica?<\/strong><\/h4>\n<ol data-start=\"2101\" data-end=\"2420\">\n<li data-start=\"2101\" data-end=\"2148\">\n<p data-start=\"2104\" data-end=\"2148\">Limpia y seca suavemente la zona afectada.<\/p>\n<\/li>\n<li data-start=\"2149\" data-end=\"2212\">\n<p data-start=\"2152\" data-end=\"2212\">Aplica una <strong data-start=\"2163\" data-end=\"2183\">capa muy delgada<\/strong> de Stratamed sin masajear.<\/p>\n<\/li>\n<li data-start=\"2213\" data-end=\"2279\">\n<p data-start=\"2216\" data-end=\"2279\">Dejar secar unos minutos hasta formar la pel\u00edcula protectora.<\/p>\n<\/li>\n<li data-start=\"2280\" data-end=\"2352\">\n<p data-start=\"2283\" data-end=\"2352\">Usar de <strong data-start=\"2291\" data-end=\"2313\">2 a 3 veces al d\u00eda<\/strong> o seg\u00fan indicaci\u00f3n del especialista.<\/p>\n<\/li>\n<li data-start=\"2353\" data-end=\"2420\">\n<p data-start=\"2356\" data-end=\"2420\">Para obtener resultados \u00f3ptimos, usar por <strong data-start=\"2398\" data-end=\"2419\">m\u00ednimo 60\u201390 d\u00edas<\/strong>.<\/p>\n<\/li>\n<\/ol>\n<h4 data-start=\"2845\" data-end=\"2871\"><strong data-start=\"2848\" data-end=\"2871\">\ud83d\uded2 Por qu\u00e9 elegirlo<\/strong><\/h4>\n<p data-start=\"2872\" data-end=\"3103\">Stratamed ofrece un nivel profesional de protecci\u00f3n cut\u00e1nea desde el primer d\u00eda. Su f\u00f3rmula m\u00e9dica ayuda a que la piel sane correctamente, reduciendo complicaciones y mejorando significativamente la apariencia final de la cicatriz.<\/p>\n<p data-start=\"3105\" data-end=\"3219\">Es un producto altamente recomendado por <strong data-start=\"3146\" data-end=\"3218\">dermat\u00f3logos, cirujanos pl\u00e1sticos y especialistas en est\u00e9tica m\u00e9dica<\/strong>.<\/p>\n","protected":false},"excerpt":{"rendered":"<p><strong data-start=\"271\" data-end=\"308\">Stratamed Pel\u00edcula Protectora 5 g<\/strong> es un gel m\u00e9dico avanzado dise\u00f1ado para proteger heridas abiertas y piel da\u00f1ada, creando una barrera transparente que favorece la cicatrizaci\u00f3n, reduce el riesgo de infecci\u00f3n y minimiza la formaci\u00f3n de cicatrices visibles.<\/p>\n","protected":false},"featured_media":51031,"comment_status":"open","ping_status":"closed","template":"","meta":[],"product_brand":[473],"product_cat":[378,87,377],"product_tag":[],"class_list":{"0":"post-66679","1":"product","2":"type-product","3":"status-publish","4":"has-post-thumbnail","6":"product_brand-stratamed","7":"product_cat-cuidado-de-heridas","8":"product_cat-gel","9":"product_cat-stratpharma","11":"first","12":"instock","13":"shipping-taxable","14":"purchasable","15":"product-type-simple"},"aioseo_notices":[],"_links":{"self":[{"href":"https:\/\/iselamendez.mx\/farmacia\/wp-json\/wp\/v2\/product\/66679","targetHints":{"allow":["GET"]}}],"collection":[{"href":"https:\/\/iselamendez.mx\/farmacia\/wp-json\/wp\/v2\/product"}],"about":[{"href":"https:\/\/iselamendez.mx\/farmacia\/wp-json\/wp\/v2\/types\/product"}],"replies":[{"embeddable":true,"href":"https:\/\/iselamendez.mx\/farmacia\/wp-json\/wp\/v2\/comments?post=66679"}],"wp:featuredmedia":[{"embeddable":true,"href":"https:\/\/iselamendez.mx\/farmacia\/wp-json\/wp\/v2\/media\/51031"}],"wp:attachment":[{"href":"https:\/\/iselamendez.mx\/farmacia\/wp-json\/wp\/v2\/media?parent=66679"}],"wp:term":[{"taxonomy":"product_brand","embeddable":true,"href":"https:\/\/iselamendez.mx\/farmacia\/wp-json\/wp\/v2\/product_brand?post=66679"},{"taxonomy":"product_cat","embeddable":true,"href":"https:\/\/iselamendez.mx\/farmacia\/wp-json\/wp\/v2\/product_cat?post=66679"},{"taxonomy":"product_tag","embeddable":true,"href":"https:\/\/iselamendez.mx\/farmacia\/wp-json\/wp\/v2\/product_tag?post=66679"}],"curies":[{"name":"wp","href":"https:\/\/api.w.org\/{rel}","templated":true}]}}