{"id":66698,"date":"2025-12-06T10:58:56","date_gmt":"2025-12-06T16:58:56","guid":{"rendered":"https:\/\/iselamendez.mx\/farmacia\/?post_type=product&#038;p=66698"},"modified":"2026-04-15T17:24:42","modified_gmt":"2026-04-15T23:24:42","slug":"lazartigue-clear-ds-shampoo-200ml","status":"publish","type":"product","link":"https:\/\/iselamendez.mx\/farmacia\/tienda\/funcion\/tratamiento\/anti-caspa\/lazartigue-clear-ds-shampoo-200ml\/","title":{"rendered":"Lazartigue Clear DS Shampoo 200ml"},"content":{"rendered":"<h3 data-start=\"456\" data-end=\"824\"><strong>Lazartigue Clear DS Shampoo 200ml<\/strong><\/h3>\n<p data-start=\"456\" data-end=\"824\">Shampoo dermatol\u00f3gico de alta eficacia dise\u00f1ado para combatir la <strong data-start=\"566\" data-end=\"587\">caspa persistente<\/strong>, tanto seca como grasa, acompa\u00f1ada de picor, irritaci\u00f3n y descamaci\u00f3n visible. Su f\u00f3rmula purificante contiene activos seborreguladores y calmantes que act\u00faan desde la primera aplicaci\u00f3n para restaurar el equilibrio del cuero cabelludo.<\/p>\n<p data-start=\"826\" data-end=\"1136\">Con ingredientes como <strong data-start=\"848\" data-end=\"869\">piroctona olamina<\/strong>, <strong data-start=\"871\" data-end=\"891\">\u00e1cido salic\u00edlico<\/strong> y <strong data-start=\"894\" data-end=\"917\">extractos bot\u00e1nicos<\/strong>, elimina las escamas, reduce la proliferaci\u00f3n del hongo causante de la caspa y calma la inflamaci\u00f3n. Su textura ligera y su aroma fresco brindan una sensaci\u00f3n de limpieza profunda sin resecar ni da\u00f1ar la fibra capilar.<\/p>\n<p data-start=\"1138\" data-end=\"1291\">Ideal como tratamiento para mejorar la salud del cuero cabelludo, prevenir reca\u00eddas y lograr un cabello m\u00e1s limpio, suave y con una apariencia saludable.<\/p>\n<h3 data-start=\"1293\" data-end=\"1326\"><strong data-start=\"1297\" data-end=\"1324\">Beneficios principales:<\/strong><\/h3>\n<ul data-start=\"1327\" data-end=\"1616\">\n<li data-start=\"1327\" data-end=\"1377\">\n<p data-start=\"1329\" data-end=\"1377\">\u2714 Combate la caspa persistente (seca y grasa).<\/p>\n<\/li>\n<li data-start=\"1378\" data-end=\"1438\">\n<p data-start=\"1380\" data-end=\"1438\">\u2714 Reduce la descamaci\u00f3n desde las primeras aplicaciones.<\/p>\n<\/li>\n<li data-start=\"1439\" data-end=\"1482\">\n<p data-start=\"1441\" data-end=\"1482\">\u2714 Calma la comez\u00f3n, ardor e irritaci\u00f3n.<\/p>\n<\/li>\n<li data-start=\"1483\" data-end=\"1518\">\n<p data-start=\"1485\" data-end=\"1518\">\u2714 Regula la producci\u00f3n de sebo.<\/p>\n<\/li>\n<li data-start=\"1519\" data-end=\"1562\">\n<p data-start=\"1521\" data-end=\"1562\">\u2714 F\u00f3rmula suave sin sulfatos agresivos.<\/p>\n<\/li>\n<li data-start=\"1563\" data-end=\"1616\">\n<p data-start=\"1565\" data-end=\"1616\">\u2714 Deja el cabello m\u00e1s fresco, ligero y saludable.<\/p>\n<\/li>\n<\/ul>\n<h3 data-start=\"1618\" data-end=\"1643\"><strong data-start=\"1622\" data-end=\"1641\">\u00bfPara qui\u00e9n es?<\/strong><\/h3>\n<p data-start=\"1644\" data-end=\"1676\">Recomendado para personas con:<\/p>\n<ul data-start=\"1677\" data-end=\"1827\">\n<li data-start=\"1677\" data-end=\"1704\">\n<p data-start=\"1679\" data-end=\"1704\">Caspa moderada a severa<\/p>\n<\/li>\n<li data-start=\"1705\" data-end=\"1745\">\n<p data-start=\"1707\" data-end=\"1745\">Cuero cabelludo irritado o con picor<\/p>\n<\/li>\n<li data-start=\"1746\" data-end=\"1791\">\n<p data-start=\"1748\" data-end=\"1791\">Seborrea, descamaci\u00f3n o brotes frecuentes<\/p>\n<\/li>\n<li data-start=\"1792\" data-end=\"1827\">\n<p data-start=\"1794\" data-end=\"1827\">Sensibilidad a shampoos agresivos<\/p>\n<\/li>\n<\/ul>\n<h3 data-start=\"1829\" data-end=\"1851\"><strong data-start=\"1833\" data-end=\"1849\">Modo de uso:<\/strong><\/h3>\n<p data-start=\"1852\" data-end=\"2099\">Aplicar sobre el cabello mojado, masajear suavemente el cuero cabelludo y dejar actuar de 2 a 3 minutos antes de enjuagar.<br data-start=\"1974\" data-end=\"1977\" \/>Usar de 2 a 3 veces por semana durante el tratamiento.<br data-start=\"2031\" data-end=\"2034\" \/>Alternar con un shampoo suave en d\u00edas intermedios si se requiere.<\/p>\n<h3 data-start=\"2101\" data-end=\"2135\"><strong data-start=\"2105\" data-end=\"2133\">Ingredientes destacados:<\/strong><\/h3>\n<ul data-start=\"2136\" data-end=\"2327\">\n<li data-start=\"2136\" data-end=\"2182\">\n<p data-start=\"2138\" data-end=\"2182\"><strong data-start=\"2138\" data-end=\"2159\">Piroctona Olamina<\/strong> (acci\u00f3n antif\u00fangica)<\/p>\n<\/li>\n<li data-start=\"2183\" data-end=\"2244\">\n<p data-start=\"2185\" data-end=\"2244\"><strong data-start=\"2185\" data-end=\"2205\">\u00c1cido Salic\u00edlico<\/strong> (exfoliaci\u00f3n y reducci\u00f3n de escamas)<\/p>\n<\/li>\n<li data-start=\"2245\" data-end=\"2278\">\n<p data-start=\"2247\" data-end=\"2278\">Extractos bot\u00e1nicos calmantes<\/p>\n<\/li>\n<li data-start=\"2279\" data-end=\"2327\">\n<p data-start=\"2281\" data-end=\"2327\">F\u00f3rmula vegana y libre de sulfatos agresivos<\/p>\n<\/li>\n<\/ul>\n","protected":false},"excerpt":{"rendered":"<p>Shampoo tratante anticaspa que elimina escamas, calma la comez\u00f3n y reduce la irritaci\u00f3n del cuero cabelludo. F\u00f3rmula potente y suave, apta para uso dermatol\u00f3gico.<\/p>\n","protected":false},"featured_media":66807,"comment_status":"open","ping_status":"closed","template":"","meta":[],"product_brand":[391],"product_cat":[174,502,112,209,196,590,68],"product_tag":[],"class_list":{"0":"post-66698","1":"product","2":"type-product","3":"status-publish","4":"has-post-thumbnail","6":"product_brand-lazartigue","7":"product_cat-anti-caspa","8":"product_cat-cabello","9":"product_cat-cabeza","10":"product_cat-cuidado-capilar","11":"product_cat-lazartigue","12":"product_cat-semana-santa","13":"product_cat-shampoo","15":"first","16":"instock","17":"shipping-taxable","18":"purchasable","19":"product-type-simple"},"aioseo_notices":[],"_links":{"self":[{"href":"https:\/\/iselamendez.mx\/farmacia\/wp-json\/wp\/v2\/product\/66698","targetHints":{"allow":["GET"]}}],"collection":[{"href":"https:\/\/iselamendez.mx\/farmacia\/wp-json\/wp\/v2\/product"}],"about":[{"href":"https:\/\/iselamendez.mx\/farmacia\/wp-json\/wp\/v2\/types\/product"}],"replies":[{"embeddable":true,"href":"https:\/\/iselamendez.mx\/farmacia\/wp-json\/wp\/v2\/comments?post=66698"}],"wp:featuredmedia":[{"embeddable":true,"href":"https:\/\/iselamendez.mx\/farmacia\/wp-json\/wp\/v2\/media\/66807"}],"wp:attachment":[{"href":"https:\/\/iselamendez.mx\/farmacia\/wp-json\/wp\/v2\/media?parent=66698"}],"wp:term":[{"taxonomy":"product_brand","embeddable":true,"href":"https:\/\/iselamendez.mx\/farmacia\/wp-json\/wp\/v2\/product_brand?post=66698"},{"taxonomy":"product_cat","embeddable":true,"href":"https:\/\/iselamendez.mx\/farmacia\/wp-json\/wp\/v2\/product_cat?post=66698"},{"taxonomy":"product_tag","embeddable":true,"href":"https:\/\/iselamendez.mx\/farmacia\/wp-json\/wp\/v2\/product_tag?post=66698"}],"curies":[{"name":"wp","href":"https:\/\/api.w.org\/{rel}","templated":true}]}}