{"id":66786,"date":"2025-12-08T18:37:09","date_gmt":"2025-12-09T00:37:09","guid":{"rendered":"https:\/\/iselamendez.mx\/farmacia\/?post_type=product&#038;p=66786"},"modified":"2026-04-15T10:43:31","modified_gmt":"2026-04-15T16:43:31","slug":"sensilis-skin-d-pigment-protocolo-correccion-manchas-oscuras","status":"publish","type":"product","link":"https:\/\/iselamendez.mx\/farmacia\/tienda\/funcion\/tratamiento\/despigmentantes\/sensilis-skin-d-pigment-protocolo-correccion-manchas-oscuras\/","title":{"rendered":"Sensilis Skin D-Pigment Protocolo Correcci\u00f3n Manchas Oscuras"},"content":{"rendered":"<h3 data-start=\"564\" data-end=\"942\">Sensilis Skin D-Pigment Protocolo Correcci\u00f3n Manchas Oscuras<\/h3>\n<p data-start=\"564\" data-end=\"942\"><strong data-start=\"564\" data-end=\"613\"><br \/>\nSensilis Skin D-Pigment Protocolo Correcci\u00f3n Manchas Oscuras<\/strong> es un sistema dermatol\u00f3gico integral dise\u00f1ado para combatir la hiperpigmentaci\u00f3n en todas sus fases. Su f\u00f3rmula combina activos despigmentantes cl\u00ednicamente probados que act\u00faan directamente sobre la producci\u00f3n de melanina, ayudando a <strong data-start=\"848\" data-end=\"875\">aclarar manchas oscuras<\/strong>, <strong data-start=\"877\" data-end=\"904\">prevenir su reaparici\u00f3n<\/strong> y <strong data-start=\"907\" data-end=\"931\">devolver luminosidad<\/strong> a la piel.<\/p>\n<p data-start=\"944\" data-end=\"1283\">Este protocolo trabaja de manera progresiva para ofrecer resultados visibles a partir de pocas semanas, mejorando el tono desigual, las manchas posinflamatorias, melasma y manchas solares. Su textura suave y de r\u00e1pida absorci\u00f3n lo hace ideal para todo tipo de piel, incluso sensible, gracias a su enfoque respetuoso con la barrera cut\u00e1nea.<\/p>\n<p data-start=\"1285\" data-end=\"1412\">Utilizado de forma constante, restaura la uniformidad, aporta brillo natural y deja la piel m\u00e1s lisa, homog\u00e9nea y rejuvenecida.<\/p>\n<h4 data-start=\"1370\" data-end=\"1428\"><strong>Incluye<\/strong>:<\/h4>\n<ul>\n<li data-start=\"1370\" data-end=\"1428\"><strong><a class=\"row-title\" href=\"https:\/\/iselamendez.mx\/farmacia\/wp-admin\/post.php?post=29389&amp;action=edit\">Sensilis Skin D-Pigment [AHA10 Overnight] 30ml<\/a><\/strong><\/li>\n<li data-start=\"1370\" data-end=\"1428\"><strong><a class=\"row-title\" href=\"https:\/\/iselamendez.mx\/farmacia\/wp-admin\/post.php?post=29390&amp;action=edit\">Sensilis Skin D-Pigment [Serum ATX B3] 30ml<\/a><\/strong><\/li>\n<\/ul>\n<h4 data-start=\"1419\" data-end=\"1452\">\ud83c\udf3c <strong data-start=\"1424\" data-end=\"1450\">Beneficios principales<\/strong><\/h4>\n<ul data-start=\"1453\" data-end=\"1813\">\n<li data-start=\"1453\" data-end=\"1502\">\n<p data-start=\"1455\" data-end=\"1502\">\u2714\ufe0f Reduce manchas oscuras visibles y melasma.<\/p>\n<\/li>\n<li data-start=\"1503\" data-end=\"1546\">\n<p data-start=\"1505\" data-end=\"1546\">\u2714\ufe0f Aclara y unifica el tono de la piel.<\/p>\n<\/li>\n<li data-start=\"1547\" data-end=\"1602\">\n<p data-start=\"1549\" data-end=\"1602\">\u2714\ufe0f Ayuda a prevenir la aparici\u00f3n de nuevas manchas.<\/p>\n<\/li>\n<li data-start=\"1603\" data-end=\"1664\">\n<p data-start=\"1605\" data-end=\"1664\">\u2714\ufe0f Mejora la luminosidad y el aspecto general del rostro.<\/p>\n<\/li>\n<li data-start=\"1665\" data-end=\"1717\">\n<p data-start=\"1667\" data-end=\"1717\">\u2714\ufe0f Suaviza la textura y aporta efecto renovador.<\/p>\n<\/li>\n<li data-start=\"1718\" data-end=\"1772\">\n<p data-start=\"1720\" data-end=\"1772\">\u2714\ufe0f Apto para todo tipo de piel, incluso sensibles.<\/p>\n<\/li>\n<li data-start=\"1773\" data-end=\"1813\">\n<p data-start=\"1775\" data-end=\"1813\">\u2714\ufe0f F\u00f3rmula dermatol\u00f3gicamente testada.<\/p>\n<\/li>\n<\/ul>\n<hr data-start=\"1815\" data-end=\"1818\" \/>\n<h4 data-start=\"1820\" data-end=\"1864\">\ud83e\uddec <strong data-start=\"1825\" data-end=\"1862\">Ingredientes clave<\/strong><\/h4>\n<ul data-start=\"1941\" data-end=\"2255\">\n<li data-start=\"1941\" data-end=\"1992\">\n<p data-start=\"1943\" data-end=\"1992\"><strong data-start=\"1943\" data-end=\"1957\">Vitamina C<\/strong>: potente antioxidante aclarante.<\/p>\n<\/li>\n<li data-start=\"1993\" data-end=\"2051\">\n<p data-start=\"1995\" data-end=\"2051\"><strong data-start=\"1995\" data-end=\"2010\">Niacinamida<\/strong>: regula melanina y mejora luminosidad.<\/p>\n<\/li>\n<li data-start=\"2052\" data-end=\"2127\">\n<p data-start=\"2054\" data-end=\"2127\"><strong data-start=\"2054\" data-end=\"2098\">\u00c1cido k\u00f3jico o derivados despigmentantes<\/strong>: reducen manchas visibles.<\/p>\n<\/li>\n<li data-start=\"2128\" data-end=\"2190\">\n<p data-start=\"2130\" data-end=\"2190\"><strong data-start=\"2130\" data-end=\"2153\">Extractos bot\u00e1nicos<\/strong>: calman y mejoran la homogeneidad.<\/p>\n<\/li>\n<li data-start=\"2191\" data-end=\"2255\">\n<p data-start=\"2193\" data-end=\"2255\"><strong data-start=\"2193\" data-end=\"2225\">Complejo hidratante Sensilis<\/strong>: refuerza la barrera cut\u00e1nea.<\/p>\n<\/li>\n<\/ul>\n<hr data-start=\"2257\" data-end=\"2260\" \/>\n<h4 data-start=\"2262\" data-end=\"2283\">\u2728 <strong data-start=\"2266\" data-end=\"2281\">Modo de uso<\/strong><\/h4>\n<ol data-start=\"2284\" data-end=\"2546\">\n<li data-start=\"2284\" data-end=\"2361\">\n<p data-start=\"2287\" data-end=\"2361\">Aplicar sobre la piel limpia y seca en rostro, cuello o zonas afectadas.<\/p>\n<\/li>\n<li data-start=\"2362\" data-end=\"2415\">\n<p data-start=\"2365\" data-end=\"2415\">Masajear suavemente hasta su completa absorci\u00f3n.<\/p>\n<\/li>\n<li data-start=\"2416\" data-end=\"2441\">\n<p data-start=\"2419\" data-end=\"2441\">Usar ma\u00f1ana y noche.<\/p>\n<\/li>\n<li data-start=\"2442\" data-end=\"2546\">\n<p data-start=\"2445\" data-end=\"2546\">Complementar con <strong data-start=\"2462\" data-end=\"2488\">protector solar SPF50+<\/strong> durante el d\u00eda para maximizar resultados despigmentantes.<\/p>\n<\/li>\n<\/ol>\n","protected":false},"excerpt":{"rendered":"<p><strong data-start=\"308\" data-end=\"357\">Sensilis Protocolo Correcci\u00f3n Manchas Oscuras<\/strong> es un tratamiento despigmentante avanzado que aclara manchas, unifica el tono y mejora la luminosidad de la piel mientras reduce la reaparici\u00f3n de hiperpigmentaci\u00f3n.<\/p>\n","protected":false},"featured_media":66840,"comment_status":"open","ping_status":"closed","template":"","meta":[],"product_brand":[386],"product_cat":[161,154,519,79,305,69],"product_tag":[],"class_list":{"0":"post-66786","1":"product","2":"type-product","3":"status-publish","4":"has-post-thumbnail","6":"product_brand-sensilis","7":"product_cat-crema-facial-tipo-de-producto","8":"product_cat-despigmentantes","9":"product_cat-invierno","10":"product_cat-rostro","11":"product_cat-sensilis","12":"product_cat-suero","14":"first","15":"outofstock","16":"shipping-taxable","17":"purchasable","18":"product-type-simple"},"aioseo_notices":[],"_links":{"self":[{"href":"https:\/\/iselamendez.mx\/farmacia\/wp-json\/wp\/v2\/product\/66786","targetHints":{"allow":["GET"]}}],"collection":[{"href":"https:\/\/iselamendez.mx\/farmacia\/wp-json\/wp\/v2\/product"}],"about":[{"href":"https:\/\/iselamendez.mx\/farmacia\/wp-json\/wp\/v2\/types\/product"}],"replies":[{"embeddable":true,"href":"https:\/\/iselamendez.mx\/farmacia\/wp-json\/wp\/v2\/comments?post=66786"}],"wp:featuredmedia":[{"embeddable":true,"href":"https:\/\/iselamendez.mx\/farmacia\/wp-json\/wp\/v2\/media\/66840"}],"wp:attachment":[{"href":"https:\/\/iselamendez.mx\/farmacia\/wp-json\/wp\/v2\/media?parent=66786"}],"wp:term":[{"taxonomy":"product_brand","embeddable":true,"href":"https:\/\/iselamendez.mx\/farmacia\/wp-json\/wp\/v2\/product_brand?post=66786"},{"taxonomy":"product_cat","embeddable":true,"href":"https:\/\/iselamendez.mx\/farmacia\/wp-json\/wp\/v2\/product_cat?post=66786"},{"taxonomy":"product_tag","embeddable":true,"href":"https:\/\/iselamendez.mx\/farmacia\/wp-json\/wp\/v2\/product_tag?post=66786"}],"curies":[{"name":"wp","href":"https:\/\/api.w.org\/{rel}","templated":true}]}}