{"id":67160,"date":"2025-12-18T12:19:45","date_gmt":"2025-12-18T18:19:45","guid":{"rendered":"https:\/\/iselamendez.mx\/farmacia\/?post_type=product&#038;p=67160"},"modified":"2026-04-01T03:24:37","modified_gmt":"2026-04-01T09:24:37","slug":"inbiotech-mendelisse-crema-reparadora-150ml","status":"publish","type":"product","link":"https:\/\/iselamendez.mx\/farmacia\/tienda\/funcion\/tratamiento\/gel-estilizador\/inbiotech-mendelisse-crema-reparadora-150ml\/","title":{"rendered":"Inbiotech Mendelisse Crema Reparadora 150ml"},"content":{"rendered":"<h3><strong>Inbiotech Mendelisse Crema Reparadora 150ml | Crema Reparadora, Restaura, Hidrata y Regenera tu piel<\/strong><\/h3>\n<p>La <strong>Inbiotech Mendelisse Crema Reparadora 150ml<\/strong> es una <strong>crema dermocosm\u00e9tica de alta tolerancia<\/strong> formulada para <strong>pieles sensibles, reactivas o fragilizadas<\/strong> por factores externos o procedimientos dermatol\u00f3gicos y est\u00e9ticos. Su f\u00f3rmula est\u00e1 dise\u00f1ada para <strong>calmar de forma inmediata<\/strong>, disminuir el enrojecimiento y <strong>favorecer la reparaci\u00f3n cut\u00e1nea<\/strong>.<\/p>\n<p><strong>Inbiotech Mendelisse Crema Reparadora 150ml\u00a0<\/strong>repara estr\u00edas y disminuye su posible aparici\u00f3n. Es un tratamiento que ayuda a reparar las estrias rojas, devuelve la suavidad y restaura la elasticidad de la piel, reduciendo las estras existentes y disminuyendo el riesgo de aparicion de nuevas, gracias a sus activos naturales que nutren, revitalizan y ayudan a reafirmar la piel.<\/p>\n<p>Gracias a su combinaci\u00f3n de <strong>activos calmantes, regeneradores e hidratantes<\/strong>, esta crema contribuye a <strong>restaurar la funci\u00f3n barrera de la piel<\/strong>, mejorando su resistencia y confort. Su textura cremosa se absorbe f\u00e1cilmente sin dejar sensaci\u00f3n grasa, proporcionando <strong>hidrataci\u00f3n prolongada y alivio duradero<\/strong>.<\/p>\n<p>Es ideal para el <strong>uso diario facial y corporal<\/strong>, as\u00ed como para complementar rutinas <strong>post-procedimiento<\/strong>, ayudando a la piel a recuperar su equilibrio natural.<\/p>\n<h3><strong>C\u00f3mo usar<\/strong><\/h3>\n<p>Aplicar la Mendelisse Crema Reparadora 150ml sobre la piel limpia y seca, realizando un suave masaje hasta su completa absorci\u00f3n. Utilizar <strong>una o dos veces al d\u00eda<\/strong> o seg\u00fan la recomendaci\u00f3n del profesional de la salud.<\/p>\n","protected":false},"excerpt":{"rendered":"<p><strong>Inbiotech Mendelisse Crema Reparadora 150ml\u00a0<\/strong>repara estr\u00edas y disminuye su posible aparici\u00f3n. Es un tratamiento que ayuda a reparar las estrias rojas, devuelve la suavidad y restaura la elasticidad de la piel, reduciendo las estras existentes y disminuyendo el riesgo de aparicion de nuevas, gracias a sus activos naturales que nutren, revitalizan y ayudan a reafirmar la piel.<\/p>\n","protected":false},"featured_media":67499,"comment_status":"open","ping_status":"closed","template":"","meta":[],"product_brand":[434],"product_cat":[500,93,80,72,210,157,183,272,200,590],"product_tag":[],"class_list":{"0":"post-67160","1":"product","2":"type-product","3":"status-publish","4":"has-post-thumbnail","6":"product_brand-inbiotech","7":"product_cat-antiestrias","8":"product_cat-crema-corporal","9":"product_cat-cuerpo","10":"product_cat-gel-estilizador","11":"product_cat-hidratante","12":"product_cat-hidratacion","13":"product_cat-inbiotech","14":"product_cat-piel-seca","15":"product_cat-reafirmante","16":"product_cat-semana-santa","18":"first","19":"instock","20":"shipping-taxable","21":"purchasable","22":"product-type-simple"},"aioseo_notices":[],"_links":{"self":[{"href":"https:\/\/iselamendez.mx\/farmacia\/wp-json\/wp\/v2\/product\/67160","targetHints":{"allow":["GET"]}}],"collection":[{"href":"https:\/\/iselamendez.mx\/farmacia\/wp-json\/wp\/v2\/product"}],"about":[{"href":"https:\/\/iselamendez.mx\/farmacia\/wp-json\/wp\/v2\/types\/product"}],"replies":[{"embeddable":true,"href":"https:\/\/iselamendez.mx\/farmacia\/wp-json\/wp\/v2\/comments?post=67160"}],"wp:featuredmedia":[{"embeddable":true,"href":"https:\/\/iselamendez.mx\/farmacia\/wp-json\/wp\/v2\/media\/67499"}],"wp:attachment":[{"href":"https:\/\/iselamendez.mx\/farmacia\/wp-json\/wp\/v2\/media?parent=67160"}],"wp:term":[{"taxonomy":"product_brand","embeddable":true,"href":"https:\/\/iselamendez.mx\/farmacia\/wp-json\/wp\/v2\/product_brand?post=67160"},{"taxonomy":"product_cat","embeddable":true,"href":"https:\/\/iselamendez.mx\/farmacia\/wp-json\/wp\/v2\/product_cat?post=67160"},{"taxonomy":"product_tag","embeddable":true,"href":"https:\/\/iselamendez.mx\/farmacia\/wp-json\/wp\/v2\/product_tag?post=67160"}],"curies":[{"name":"wp","href":"https:\/\/api.w.org\/{rel}","templated":true}]}}