{"id":67678,"date":"2025-12-26T15:06:57","date_gmt":"2025-12-26T21:06:57","guid":{"rendered":"https:\/\/iselamendez.mx\/farmacia\/?post_type=product&#038;p=67678"},"modified":"2026-04-15T10:43:39","modified_gmt":"2026-04-15T16:43:39","slug":"ds-laboratories-revita-hair-density-shampoo-205ml","status":"publish","type":"product","link":"https:\/\/iselamendez.mx\/farmacia\/tienda\/funcion\/tratamiento\/anti-caspa\/ds-laboratories-revita-hair-density-shampoo-205ml\/","title":{"rendered":"DS Laboratories Revita Volumizing + Repair Shampoo 205ml"},"content":{"rendered":"<p><strong>DS Laboratories Revita Volumizing + Repair Hair Density Shampoo 205ml<\/strong> es un shampoo antica\u00edda de alto rendimiento, dise\u00f1ado espec\u00edficamente para <strong data-start=\"590\" data-end=\"691\">fortalecer el cabello debilitado, estimular el fol\u00edculo capilar y mejorar la densidad del cabello<\/strong>.<\/p>\n<p data-start=\"694\" data-end=\"1132\">Su exclusiva tecnolog\u00eda <strong data-start=\"718\" data-end=\"752\">Nano Liposomal Delivery System<\/strong> permite que los activos penetren con mayor eficacia, ofreciendo <strong data-start=\"817\" data-end=\"883\">resultados superiores en fortalecimiento y crecimiento capilar<\/strong>. Formulado con <strong data-start=\"899\" data-end=\"958\">cafe\u00edna, biotina, niacinamida, p\u00e9ptidos y antioxidantes<\/strong>, este shampoo ayuda a <strong data-start=\"981\" data-end=\"1131\">reducir la ca\u00edda asociada a debilidad, fortalecer la fibra capilar, mejorar la salud del cuero cabelludo y aumentar el volumen visible del cabello<\/strong>.<\/p>\n<p data-start=\"1134\" data-end=\"1431\">Adem\u00e1s, el <strong>DS Laboratories Revita Volumizing + Repair Hair Density Shampoo 205ml<\/strong> \u00a0limpia profundamente sin resecar, manteniendo el equilibrio de hidrataci\u00f3n y proporcionando <strong data-start=\"1366\" data-end=\"1410\">un cabello m\u00e1s fuerte, denso y saludable<\/strong> con el uso continuo.<\/p>\n<p data-start=\"1433\" data-end=\"1544\">Ideal para hombres y mujeres con <strong data-start=\"1466\" data-end=\"1543\">p\u00e9rdida capilar temprana, adelgazamiento del cabello o fragilidad capilar<\/strong>.<\/p>\n<hr data-start=\"1546\" data-end=\"1549\" \/>\n<h2 data-start=\"1551\" data-end=\"1564\">Beneficios<\/h2>\n<ul data-start=\"1566\" data-end=\"1854\">\n<li data-start=\"1566\" data-end=\"1627\">\n<p data-start=\"1568\" data-end=\"1627\"><strong data-start=\"1568\" data-end=\"1627\">Estimula el crecimiento y fortalece el fol\u00edculo capilar<\/strong><\/p>\n<\/li>\n<li data-start=\"1628\" data-end=\"1673\">\n<p data-start=\"1630\" data-end=\"1673\"><strong data-start=\"1630\" data-end=\"1673\">Mejora la densidad y grosor del cabello<\/strong><\/p>\n<\/li>\n<li data-start=\"1674\" data-end=\"1716\">\n<p data-start=\"1676\" data-end=\"1716\"><strong data-start=\"1676\" data-end=\"1716\">Reduce la ca\u00edda asociada a debilidad<\/strong><\/p>\n<\/li>\n<li data-start=\"1717\" data-end=\"1762\">\n<p data-start=\"1719\" data-end=\"1762\"><strong data-start=\"1719\" data-end=\"1762\">Aporta volumen, resistencia y vitalidad<\/strong><\/p>\n<\/li>\n<li data-start=\"1763\" data-end=\"1806\">\n<p data-start=\"1765\" data-end=\"1806\"><strong data-start=\"1765\" data-end=\"1806\">Favorece una fibra capilar m\u00e1s fuerte<\/strong><\/p>\n<\/li>\n<li data-start=\"1807\" data-end=\"1854\">\n<p data-start=\"1809\" data-end=\"1854\"><strong data-start=\"1809\" data-end=\"1854\">Cuidado dermocosm\u00e9tico de alta tecnolog\u00eda<\/strong><\/p>\n<\/li>\n<\/ul>\n<hr data-start=\"1856\" data-end=\"1859\" \/>\n<h2 data-start=\"1861\" data-end=\"1888\">Ingredientes principales<\/h2>\n<ul data-start=\"1890\" data-end=\"2035\">\n<li data-start=\"1890\" data-end=\"1903\">\n<p data-start=\"1892\" data-end=\"1903\"><strong data-start=\"1892\" data-end=\"1903\">Cafe\u00edna<\/strong><\/p>\n<\/li>\n<li data-start=\"1904\" data-end=\"1917\">\n<p data-start=\"1906\" data-end=\"1917\"><strong data-start=\"1906\" data-end=\"1917\">Biotina<\/strong><\/p>\n<\/li>\n<li data-start=\"1918\" data-end=\"1935\">\n<p data-start=\"1920\" data-end=\"1935\"><strong data-start=\"1920\" data-end=\"1935\">Niacinamida<\/strong><\/p>\n<\/li>\n<li data-start=\"1936\" data-end=\"1961\">\n<p data-start=\"1938\" data-end=\"1961\"><strong data-start=\"1938\" data-end=\"1961\">P\u00e9ptidos bioactivos<\/strong><\/p>\n<\/li>\n<li data-start=\"1962\" data-end=\"1993\">\n<p data-start=\"1964\" data-end=\"1993\"><strong data-start=\"1964\" data-end=\"1993\">Antioxidantes protectores<\/strong><\/p>\n<\/li>\n<li data-start=\"1994\" data-end=\"2035\">\n<p data-start=\"1996\" data-end=\"2035\"><strong data-start=\"1996\" data-end=\"2035\">Complejos nutritivos fortalecedores<\/strong><\/p>\n<\/li>\n<\/ul>\n<p data-start=\"2037\" data-end=\"2090\"><em data-start=\"2037\" data-end=\"2090\">(Ver envase para listado completo de ingredientes.)<\/em><\/p>\n<hr data-start=\"2092\" data-end=\"2095\" \/>\n<h2 data-start=\"2097\" data-end=\"2109\">C\u00f3mo usar<\/h2>\n<ol data-start=\"2111\" data-end=\"2311\">\n<li data-start=\"2111\" data-end=\"2167\">\n<p data-start=\"2114\" data-end=\"2167\">Aplicar sobre el cabello y cuero cabelludo h\u00famedos.<\/p>\n<\/li>\n<li data-start=\"2168\" data-end=\"2213\">\n<p data-start=\"2171\" data-end=\"2213\">Masajear suavemente durante 1\u20132 minutos.<\/p>\n<\/li>\n<li data-start=\"2214\" data-end=\"2247\">\n<p data-start=\"2217\" data-end=\"2247\">Dejar actuar unos instantes.<\/p>\n<\/li>\n<li data-start=\"2248\" data-end=\"2281\">\n<p data-start=\"2251\" data-end=\"2281\">Enjuagar con abundante agua.<\/p>\n<\/li>\n<li data-start=\"2282\" data-end=\"2311\">\n<p data-start=\"2285\" data-end=\"2311\">Repetir si es necesario.<\/p>\n<\/li>\n<\/ol>\n<p data-start=\"2313\" data-end=\"2387\">Para mejores resultados, combinar con el acondicionador de la misma l\u00ednea.<\/p>\n<hr data-start=\"2389\" data-end=\"2392\" \/>\n<h2 data-start=\"2394\" data-end=\"2416\">Llamada a la acci\u00f3n<\/h2>\n<p data-start=\"2418\" data-end=\"2790\">Adquiere el <strong data-start=\"2430\" data-end=\"2558\">&lt;a href=&#8221;https:\/\/www.facebook.com\/clinicaIselaMendez&#8221; target=&#8221;_blank&#8221;&gt;DS Laboratories Revita Volumizing + Repair Hair Density Shampoo 205ml &lt;\/a&gt;<\/strong> en la <strong data-start=\"2565\" data-end=\"2703\">Farmacia en L\u00ednea &lt;a href=&#8221;https:\/\/iselamendez.mx\/farmacia\/programa-de-lealtad-boutique-isela-mendez&#8221; target=&#8221;_blank&#8221;&gt;Isela M\u00e9ndez&lt;\/a&gt;<\/strong> y comienza hoy un <strong data-start=\"2722\" data-end=\"2789\">tratamiento profesional para fortalecer y densificar tu cabello<\/strong>.<\/p>\n<hr data-start=\"2792\" data-end=\"2795\" \/>\n<h2 data-start=\"2797\" data-end=\"2818\"><strong data-start=\"2800\" data-end=\"2818\">Conclusi\u00f3n SEO<\/strong><\/h2>\n<p data-start=\"2820\" data-end=\"3123\">El <strong data-start=\"2823\" data-end=\"2951\">&lt;a href=&#8221;https:\/\/www.facebook.com\/clinicaIselaMendez&#8221; target=&#8221;_blank&#8221;&gt;DS Laboratories Revita Volumizing + Repair Hair Density Shampoo 205ml &lt;\/a&gt;<\/strong> es un <strong data-start=\"2958\" data-end=\"2997\">shampoo antica\u00edda de alto desempe\u00f1o<\/strong>, ideal para quienes buscan <strong data-start=\"3025\" data-end=\"3068\">m\u00e1s densidad, fortaleza y <a href=\"https:\/\/iselamendez.mx\/farmacia\/ds-laboratories\/\">salud capilar<\/a><\/strong>, respaldado por <strong data-start=\"3085\" data-end=\"3122\">tecnolog\u00eda dermatol\u00f3gica avanzada<\/strong>.<\/p>\n","protected":false},"excerpt":{"rendered":"<p data-start=\"0\" data-end=\"153\">Fortalece, hidrata y estimula el cabello para <strong data-start=\"334\" data-end=\"377\">mayor densidad, volumen y salud capilar<\/strong> desde la ra\u00edz.<\/p>\n","protected":false},"featured_media":67639,"comment_status":"open","ping_status":"closed","template":"","meta":[],"product_brand":[412],"product_cat":[70,174,112,151,115,483,68],"product_tag":[],"class_list":{"0":"post-67678","1":"product","2":"type-product","3":"status-publish","4":"has-post-thumbnail","6":"product_brand-ds-laboratories","7":"product_cat-acondicionador","8":"product_cat-anti-caspa","9":"product_cat-cabeza","10":"product_cat-crecimiento-capilar","11":"product_cat-ds-laboratories","12":"product_cat-hombres","13":"product_cat-shampoo","15":"first","16":"instock","17":"shipping-taxable","18":"purchasable","19":"product-type-simple"},"aioseo_notices":[],"_links":{"self":[{"href":"https:\/\/iselamendez.mx\/farmacia\/wp-json\/wp\/v2\/product\/67678","targetHints":{"allow":["GET"]}}],"collection":[{"href":"https:\/\/iselamendez.mx\/farmacia\/wp-json\/wp\/v2\/product"}],"about":[{"href":"https:\/\/iselamendez.mx\/farmacia\/wp-json\/wp\/v2\/types\/product"}],"replies":[{"embeddable":true,"href":"https:\/\/iselamendez.mx\/farmacia\/wp-json\/wp\/v2\/comments?post=67678"}],"wp:featuredmedia":[{"embeddable":true,"href":"https:\/\/iselamendez.mx\/farmacia\/wp-json\/wp\/v2\/media\/67639"}],"wp:attachment":[{"href":"https:\/\/iselamendez.mx\/farmacia\/wp-json\/wp\/v2\/media?parent=67678"}],"wp:term":[{"taxonomy":"product_brand","embeddable":true,"href":"https:\/\/iselamendez.mx\/farmacia\/wp-json\/wp\/v2\/product_brand?post=67678"},{"taxonomy":"product_cat","embeddable":true,"href":"https:\/\/iselamendez.mx\/farmacia\/wp-json\/wp\/v2\/product_cat?post=67678"},{"taxonomy":"product_tag","embeddable":true,"href":"https:\/\/iselamendez.mx\/farmacia\/wp-json\/wp\/v2\/product_tag?post=67678"}],"curies":[{"name":"wp","href":"https:\/\/api.w.org\/{rel}","templated":true}]}}