{"id":67995,"date":"2026-01-06T12:54:55","date_gmt":"2026-01-06T18:54:55","guid":{"rendered":"https:\/\/iselamendez.mx\/farmacia\/?post_type=product&#038;p=67995"},"modified":"2026-04-11T16:23:25","modified_gmt":"2026-04-11T22:23:25","slug":"hydrinity-renewing-ha-serum-anti-aging-hydrator-30ml","status":"publish","type":"product","link":"https:\/\/iselamendez.mx\/farmacia\/tienda\/funcion\/tratamiento\/anti-edad\/hydrinity-renewing-ha-serum-anti-aging-hydrator-30ml\/","title":{"rendered":"Hydrinity Renewing HA Serum Anti-Aging Hydrator 30ml"},"content":{"rendered":"<h4 data-start=\"302\" data-end=\"563\"><strong data-start=\"365\" data-end=\"394\">Hydrinity Renewing HA Serum Anti-Aging Hydrator 30ml<br \/>\n<\/strong><\/h4>\n<p data-start=\"302\" data-end=\"563\"><strong data-start=\"365\" data-end=\"394\"><br \/>\nS\u00e9rum anti-edad intensivo<\/strong> formulado con \u00e1cido hialur\u00f3nico biomim\u00e9tico de \u00faltima generaci\u00f3n que <strong data-start=\"464\" data-end=\"560\">hidrata profundamente, mejora la elasticidad y ayuda a reducir l\u00edneas de expresi\u00f3n y arrugas<\/strong>.<\/p>\n<p data-start=\"565\" data-end=\"779\">Su textura ligera y de r\u00e1pida absorci\u00f3n fortalece la barrera cut\u00e1nea mientras promueve una apariencia juvenil, firme y luminosa. Es ideal para pieles deshidratadas, maduras o con signos tempranos de envejecimiento.<\/p>\n<p data-start=\"781\" data-end=\"939\">Con uso continuo, la piel se ve m\u00e1s suave, tersa y saludable, gracias a su acci\u00f3n hidratante prolongada y su apoyo al proceso natural de regeneraci\u00f3n cut\u00e1nea.<\/p>\n<hr data-start=\"941\" data-end=\"944\" \/>\n<h4 data-start=\"946\" data-end=\"959\"><strong>Beneficios<\/strong><\/h4>\n<ul data-start=\"960\" data-end=\"1179\">\n<li data-start=\"960\" data-end=\"999\">\n<p data-start=\"962\" data-end=\"999\"><strong data-start=\"962\" data-end=\"999\">Hidrataci\u00f3n profunda y prolongada<\/strong><\/p>\n<\/li>\n<li data-start=\"1000\" data-end=\"1048\">\n<p data-start=\"1002\" data-end=\"1048\"><strong data-start=\"1002\" data-end=\"1048\">Mejora la elasticidad y firmeza de la piel<\/strong><\/p>\n<\/li>\n<li data-start=\"1049\" data-end=\"1085\">\n<p data-start=\"1051\" data-end=\"1085\"><strong data-start=\"1051\" data-end=\"1085\">Suaviza l\u00edneas finas y arrugas<\/strong><\/p>\n<\/li>\n<li data-start=\"1086\" data-end=\"1118\">\n<p data-start=\"1088\" data-end=\"1118\">Fortalece la barrera cut\u00e1nea<\/p>\n<\/li>\n<li data-start=\"1119\" data-end=\"1147\">\n<p data-start=\"1121\" data-end=\"1147\">Textura ligera, no grasa<\/p>\n<\/li>\n<li data-start=\"1148\" data-end=\"1179\">\n<p data-start=\"1150\" data-end=\"1179\">Apto para todo tipo de piel<\/p>\n<\/li>\n<\/ul>\n<hr data-start=\"1181\" data-end=\"1184\" \/>\n<h4 data-start=\"1186\" data-end=\"1207\"><strong>Ingredientes clave<\/strong><\/h4>\n<ul data-start=\"1208\" data-end=\"1314\">\n<li data-start=\"1208\" data-end=\"1241\">\n<p data-start=\"1210\" data-end=\"1241\">\u00c1cido hialur\u00f3nico biomim\u00e9tico<\/p>\n<\/li>\n<li data-start=\"1242\" data-end=\"1277\">\n<p data-start=\"1244\" data-end=\"1277\">Complejos hidratantes avanzados<\/p>\n<\/li>\n<li data-start=\"1278\" data-end=\"1314\">\n<p data-start=\"1280\" data-end=\"1314\">Ingredientes dermorregeneradores<\/p>\n<\/li>\n<\/ul>\n<p data-start=\"1316\" data-end=\"1379\"><em data-start=\"1316\" data-end=\"1379\">(Consultar el envase para la lista completa de ingredientes.)<\/em><\/p>\n<hr data-start=\"1381\" data-end=\"1384\" \/>\n<h4 data-start=\"1386\" data-end=\"1398\"><strong>C\u00f3mo usar<\/strong><\/h4>\n<p data-start=\"1399\" data-end=\"1554\">Aplicar ma\u00f1ana y noche sobre la piel limpia.<br data-start=\"1443\" data-end=\"1446\" \/>Extender suavemente sobre rostro, cuello y escote.<br data-start=\"1496\" data-end=\"1499\" \/>Puede combinarse con otros tratamientos dermatol\u00f3gicos.<\/p>\n<hr data-start=\"1556\" data-end=\"1559\" \/>\n<h4 data-start=\"1561\" data-end=\"1583\"><strong>Llamada a la acci\u00f3n<\/strong><\/h4>\n<p data-start=\"1584\" data-end=\"1766\">Adquiere <strong data-start=\"1593\" data-end=\"1649\">Hydrinity Renewing HA Serum Anti-Aging Hydrator 30ml<\/strong> en <strong data-start=\"1653\" data-end=\"1687\">Farmacia en L\u00ednea Isela M\u00e9ndez<\/strong> y potencia tu rutina anti-edad con tecnolog\u00eda dermatol\u00f3gica de alto desempe\u00f1o.<\/p>\n<hr data-start=\"1768\" data-end=\"1771\" \/>\n<h4 data-start=\"1773\" data-end=\"1786\"><strong>Conclusi\u00f3n<\/strong><\/h4>\n<p data-start=\"1787\" data-end=\"2065\"><strong data-start=\"1787\" data-end=\"1843\">Hydrinity Renewing HA Serum Anti-Aging Hydrator 30ml<\/strong> es un s\u00e9rum premium dise\u00f1ado para quienes buscan <strong data-start=\"1893\" data-end=\"1991\">hidratar intensamente, rejuvenecer la piel y reducir visiblemente los signos de envejecimiento<\/strong>. Un aliado esencial para una piel firme, suave y radiante todos los d\u00edas.<\/p>\n","protected":false},"excerpt":{"rendered":"<p data-start=\"186\" data-end=\"274\">S\u00e9rum anti-edad ultra hidratante que rellena, suaviza y rejuvenece visiblemente la piel.<\/p>\n","protected":false},"featured_media":68283,"comment_status":"open","ping_status":"closed","template":"","meta":[],"product_brand":[574],"product_cat":[152,81,210,157,566,79,590,69],"product_tag":[],"class_list":{"0":"post-67995","1":"product","2":"type-product","3":"status-publish","4":"has-post-thumbnail","6":"product_brand-hydrinity","7":"product_cat-anti-edad","8":"product_cat-cuello-y-escote","9":"product_cat-hidratante","10":"product_cat-hidratacion","11":"product_cat-hydrinity","12":"product_cat-rostro","13":"product_cat-semana-santa","14":"product_cat-suero","16":"first","17":"instock","18":"shipping-taxable","19":"purchasable","20":"product-type-simple"},"aioseo_notices":[],"_links":{"self":[{"href":"https:\/\/iselamendez.mx\/farmacia\/wp-json\/wp\/v2\/product\/67995","targetHints":{"allow":["GET"]}}],"collection":[{"href":"https:\/\/iselamendez.mx\/farmacia\/wp-json\/wp\/v2\/product"}],"about":[{"href":"https:\/\/iselamendez.mx\/farmacia\/wp-json\/wp\/v2\/types\/product"}],"replies":[{"embeddable":true,"href":"https:\/\/iselamendez.mx\/farmacia\/wp-json\/wp\/v2\/comments?post=67995"}],"wp:featuredmedia":[{"embeddable":true,"href":"https:\/\/iselamendez.mx\/farmacia\/wp-json\/wp\/v2\/media\/68283"}],"wp:attachment":[{"href":"https:\/\/iselamendez.mx\/farmacia\/wp-json\/wp\/v2\/media?parent=67995"}],"wp:term":[{"taxonomy":"product_brand","embeddable":true,"href":"https:\/\/iselamendez.mx\/farmacia\/wp-json\/wp\/v2\/product_brand?post=67995"},{"taxonomy":"product_cat","embeddable":true,"href":"https:\/\/iselamendez.mx\/farmacia\/wp-json\/wp\/v2\/product_cat?post=67995"},{"taxonomy":"product_tag","embeddable":true,"href":"https:\/\/iselamendez.mx\/farmacia\/wp-json\/wp\/v2\/product_tag?post=67995"}],"curies":[{"name":"wp","href":"https:\/\/api.w.org\/{rel}","templated":true}]}}