{"id":68003,"date":"2026-01-06T13:48:49","date_gmt":"2026-01-06T19:48:49","guid":{"rendered":"https:\/\/iselamendez.mx\/farmacia\/?post_type=product&#038;p=68003"},"modified":"2026-04-01T03:24:58","modified_gmt":"2026-04-01T09:24:58","slug":"hydrinity-restorative-hamasque-1pza","status":"publish","type":"product","link":"https:\/\/iselamendez.mx\/farmacia\/tienda\/funcion\/tratamiento\/anti-edad\/hydrinity-restorative-hamasque-1pza\/","title":{"rendered":"Hydrinity Restorative HA+Masque 1pza"},"content":{"rendered":"<h3><strong>Hydrinity Restorative HA+Masque 1pza Mascarilla de Biocelulosa de Uso Unico<\/strong><\/h3>\n<p>&nbsp;<\/p>\n<p data-start=\"356\" data-end=\"636\"><strong data-start=\"400\" data-end=\"455\">Mascarilla hidratante reparadora de alta tecnolog\u00eda<\/strong> formulada con \u00e1cido hialur\u00f3nico biomim\u00e9tico y activos calmantes que ayudan a <strong data-start=\"533\" data-end=\"565\">restaurar la barrera cut\u00e1nea<\/strong>, mejorar la elasticidad y aumentar la hidrataci\u00f3n profunda de la piel.<\/p>\n<p data-start=\"638\" data-end=\"932\">Su acci\u00f3n inmediata reduce la sensaci\u00f3n de tirantez, sequedad e irritaci\u00f3n mientras mejora la suavidad y el brillo natural del rostro. Con uso continuo, <strong data-start=\"791\" data-end=\"827\">Hydrinity Restorative HA+ Masque<\/strong> fortalece la piel, promueve la regeneraci\u00f3n celular y deja una textura notablemente m\u00e1s lisa y luminosa.<\/p>\n<p data-start=\"934\" data-end=\"1022\">Ideal para piel seca, deshidratada, sensible o despu\u00e9s de procedimientos dermatol\u00f3gicos.<\/p>\n<hr data-start=\"1024\" data-end=\"1027\" \/>\n<h4 data-start=\"1029\" data-end=\"1044\"><strong>Beneficios<\/strong><\/h4>\n<ul data-start=\"1045\" data-end=\"1292\">\n<li data-start=\"1045\" data-end=\"1091\">\n<p data-start=\"1047\" data-end=\"1091\"><strong data-start=\"1047\" data-end=\"1089\">Hidrataci\u00f3n profunda de larga duraci\u00f3n<\/strong><\/p>\n<\/li>\n<li data-start=\"1092\" data-end=\"1137\">\n<p data-start=\"1094\" data-end=\"1137\"><strong data-start=\"1094\" data-end=\"1135\">Repara y fortalece la barrera cut\u00e1nea<\/strong><\/p>\n<\/li>\n<li data-start=\"1138\" data-end=\"1179\">\n<p data-start=\"1140\" data-end=\"1179\"><strong data-start=\"1140\" data-end=\"1177\">Calma irritaci\u00f3n y enrojecimiento<\/strong><\/p>\n<\/li>\n<li data-start=\"1180\" data-end=\"1219\">\n<p data-start=\"1182\" data-end=\"1219\"><strong data-start=\"1182\" data-end=\"1217\">Mejora la firmeza y elasticidad<\/strong><\/p>\n<\/li>\n<li data-start=\"1220\" data-end=\"1256\">\n<p data-start=\"1222\" data-end=\"1256\"><strong data-start=\"1222\" data-end=\"1254\">Aporta luminosidad saludable<\/strong><\/p>\n<\/li>\n<li data-start=\"1257\" data-end=\"1292\">\n<p data-start=\"1259\" data-end=\"1292\"><strong data-start=\"1259\" data-end=\"1290\">Textura suave y confortable<\/strong><\/p>\n<\/li>\n<\/ul>\n<hr data-start=\"1294\" data-end=\"1297\" \/>\n<h4 data-start=\"1299\" data-end=\"1322\"><strong>Ingredientes clave<\/strong><\/h4>\n<ul data-start=\"1323\" data-end=\"1423\">\n<li data-start=\"1323\" data-end=\"1356\">\n<p data-start=\"1325\" data-end=\"1356\">\u00c1cido hialur\u00f3nico biomim\u00e9tico<\/p>\n<\/li>\n<li data-start=\"1357\" data-end=\"1390\">\n<p data-start=\"1359\" data-end=\"1390\">Complejo calmante restaurador<\/p>\n<\/li>\n<li data-start=\"1391\" data-end=\"1423\">\n<p data-start=\"1393\" data-end=\"1423\">Antioxidantes dermatol\u00f3gicos<\/p>\n<\/li>\n<\/ul>\n<p data-start=\"1425\" data-end=\"1502\"><em data-start=\"1425\" data-end=\"1502\">(Consulta la etiqueta del producto para la lista completa de ingredientes.)<\/em><\/p>\n<hr data-start=\"1504\" data-end=\"1507\" \/>\n<h4 data-start=\"1509\" data-end=\"1523\"><strong>C\u00f3mo usar<\/strong><\/h4>\n<p data-start=\"1524\" data-end=\"1699\">Aplicar una capa uniforme sobre la piel limpia.<br data-start=\"1571\" data-end=\"1574\" \/>Dejar actuar de 10 a 20 minutos.<br data-start=\"1606\" data-end=\"1609\" \/>Retirar suavemente o masajear el excedente.<br data-start=\"1652\" data-end=\"1655\" \/>Usar 2\u20133 veces por semana o seg\u00fan necesidad.<\/p>\n<hr data-start=\"1701\" data-end=\"1704\" \/>\n<h4 data-start=\"1706\" data-end=\"1730\"><strong>Llamada a la acci\u00f3n<\/strong><\/h4>\n<p data-start=\"1731\" data-end=\"1883\">Adquiere <strong data-start=\"1740\" data-end=\"1776\">Hydrinity Restorative HA+ Masque<\/strong> en <strong data-start=\"1780\" data-end=\"1814\">Farmacia en L\u00ednea Isela M\u00e9ndez<\/strong> y devuelve a tu piel su hidrataci\u00f3n, suavidad y luminosidad natural.<\/p>\n<hr data-start=\"1885\" data-end=\"1888\" \/>\n<h4 data-start=\"1890\" data-end=\"1905\"><strong>Conclusi\u00f3n<\/strong><\/h4>\n<p data-start=\"1906\" data-end=\"2123\"><strong data-start=\"1906\" data-end=\"1942\">Hydrinity Restorative HA+ Masque<\/strong> es una <strong data-start=\"1950\" data-end=\"1987\">mascarilla dermocosm\u00e9tica premium<\/strong> que combina hidrataci\u00f3n avanzada y reparaci\u00f3n intensa, ideal para mejorar la salud y apariencia de la piel desde la primera aplicaci\u00f3n.<\/p>\n","protected":false},"excerpt":{"rendered":"<p>Mascarilla intensiva con \u00e1cido hialur\u00f3nico que repara, calma e hidrata profundamente la piel, restaurando luminosidad y elasticidad.<\/p>\n","protected":false},"featured_media":68286,"comment_status":"open","ping_status":"closed","template":"","meta":[],"product_brand":[574],"product_cat":[152,157,566,167,340,213,272,113,79],"product_tag":[],"class_list":{"0":"post-68003","1":"product","2":"type-product","3":"status-publish","4":"has-post-thumbnail","6":"product_brand-hydrinity","7":"product_cat-anti-edad","8":"product_cat-hidratacion","9":"product_cat-hydrinity","10":"product_cat-mascarilla-facial-tipo-de-producto","11":"product_cat-piel-alergica","12":"product_cat-piel-rojeces","13":"product_cat-piel-seca","14":"product_cat-piel-sensible","15":"product_cat-rostro","17":"first","18":"instock","19":"shipping-taxable","20":"purchasable","21":"product-type-simple"},"aioseo_notices":[],"_links":{"self":[{"href":"https:\/\/iselamendez.mx\/farmacia\/wp-json\/wp\/v2\/product\/68003","targetHints":{"allow":["GET"]}}],"collection":[{"href":"https:\/\/iselamendez.mx\/farmacia\/wp-json\/wp\/v2\/product"}],"about":[{"href":"https:\/\/iselamendez.mx\/farmacia\/wp-json\/wp\/v2\/types\/product"}],"replies":[{"embeddable":true,"href":"https:\/\/iselamendez.mx\/farmacia\/wp-json\/wp\/v2\/comments?post=68003"}],"wp:featuredmedia":[{"embeddable":true,"href":"https:\/\/iselamendez.mx\/farmacia\/wp-json\/wp\/v2\/media\/68286"}],"wp:attachment":[{"href":"https:\/\/iselamendez.mx\/farmacia\/wp-json\/wp\/v2\/media?parent=68003"}],"wp:term":[{"taxonomy":"product_brand","embeddable":true,"href":"https:\/\/iselamendez.mx\/farmacia\/wp-json\/wp\/v2\/product_brand?post=68003"},{"taxonomy":"product_cat","embeddable":true,"href":"https:\/\/iselamendez.mx\/farmacia\/wp-json\/wp\/v2\/product_cat?post=68003"},{"taxonomy":"product_tag","embeddable":true,"href":"https:\/\/iselamendez.mx\/farmacia\/wp-json\/wp\/v2\/product_tag?post=68003"}],"curies":[{"name":"wp","href":"https:\/\/api.w.org\/{rel}","templated":true}]}}