{"id":68186,"date":"2026-01-13T12:58:58","date_gmt":"2026-01-13T18:58:58","guid":{"rendered":"https:\/\/iselamendez.mx\/farmacia\/?post_type=product&#038;p=68186"},"modified":"2026-04-13T10:33:02","modified_gmt":"2026-04-13T16:33:02","slug":"salilex-pads-30-panitos-limpiadores","status":"publish","type":"product","link":"https:\/\/iselamendez.mx\/farmacia\/tienda\/funcion\/tratamiento\/acne\/salilex-pads-30-panitos-limpiadores\/","title":{"rendered":"Salilex Pads 30 Pa\u00f1itos Limpiadores"},"content":{"rendered":"<h3><strong>Salilex Pads 30 Pa\u00f1itos Limpiadores<\/strong><\/h3>\n<p data-start=\"395\" data-end=\"688\"><strong data-start=\"395\" data-end=\"434\">Salilex Pads 30 Pa\u00f1itos Limpiadores<\/strong> est\u00e1n dise\u00f1ados para el cuidado diario de la <strong data-start=\"480\" data-end=\"525\">piel grasa, mixta y con tendencia acneica<\/strong>. Su f\u00f3rmula con <strong data-start=\"542\" data-end=\"562\">\u00e1cido salic\u00edlico<\/strong> act\u00faa directamente dentro del poro, eliminando <strong data-start=\"610\" data-end=\"651\">exceso de sebo, bacterias e impurezas<\/strong> que provocan brotes y puntos negros.<\/p>\n<p data-start=\"690\" data-end=\"986\">Cada pa\u00f1ito est\u00e1 impregnado con una soluci\u00f3n dermatol\u00f3gica que <strong data-start=\"753\" data-end=\"794\">limpia, exfolia suavemente y purifica<\/strong> la piel sin resecarla. Gracias a su formato pr\u00e1ctico, Salilex Pads es ideal para usar en casa o fuera de ella, ayudando a mantener la piel <strong data-start=\"934\" data-end=\"970\">fresca, equilibrada y sin brillo<\/strong> durante el d\u00eda.<\/p>\n<p data-start=\"988\" data-end=\"1190\">Este tratamiento es una excelente opci\u00f3n como complemento de rutinas antiacn\u00e9, ya que favorece la <strong data-start=\"1086\" data-end=\"1108\">renovaci\u00f3n celular<\/strong>, mejora la textura de la piel y ayuda a reducir la apariencia de poros dilatados.<\/p>\n<hr data-start=\"1192\" data-end=\"1195\" \/>\n<h4 data-start=\"1197\" data-end=\"1216\"><strong data-start=\"1200\" data-end=\"1214\">Beneficios<\/strong><\/h4>\n<ul data-start=\"1217\" data-end=\"1509\">\n<li data-start=\"1217\" data-end=\"1267\">\n<p data-start=\"1219\" data-end=\"1267\"><strong data-start=\"1219\" data-end=\"1254\">Elimina grasa, sudor y suciedad<\/strong> de la piel<\/p>\n<\/li>\n<li data-start=\"1268\" data-end=\"1310\">\n<p data-start=\"1270\" data-end=\"1310\">Ayuda a <strong data-start=\"1278\" data-end=\"1308\">prevenir y reducir el acn\u00e9<\/strong><\/p>\n<\/li>\n<li data-start=\"1311\" data-end=\"1366\">\n<p data-start=\"1313\" data-end=\"1366\"><strong data-start=\"1313\" data-end=\"1338\">Desobstruye los poros<\/strong> y disminuye puntos negros<\/p>\n<\/li>\n<li data-start=\"1367\" data-end=\"1414\">\n<p data-start=\"1369\" data-end=\"1414\"><strong data-start=\"1369\" data-end=\"1390\">Exfoliaci\u00f3n suave<\/strong> que mejora la textura<\/p>\n<\/li>\n<li data-start=\"1415\" data-end=\"1472\">\n<p data-start=\"1417\" data-end=\"1472\">Ideal para piel <strong data-start=\"1433\" data-end=\"1470\">grasa, mixta o con imperfecciones<\/strong><\/p>\n<\/li>\n<li data-start=\"1473\" data-end=\"1509\">\n<p data-start=\"1475\" data-end=\"1509\">Formato pr\u00e1ctico y f\u00e1cil de usar<\/p>\n<\/li>\n<\/ul>\n<hr data-start=\"1511\" data-end=\"1514\" \/>\n<h4 data-start=\"1516\" data-end=\"1537\"><strong data-start=\"1519\" data-end=\"1535\">Ingredientes<\/strong><\/h4>\n<ul data-start=\"1538\" data-end=\"1648\">\n<li data-start=\"1538\" data-end=\"1562\">\n<p data-start=\"1540\" data-end=\"1562\"><strong data-start=\"1540\" data-end=\"1560\">\u00c1cido salic\u00edlico<\/strong><\/p>\n<\/li>\n<li data-start=\"1563\" data-end=\"1582\">\n<p data-start=\"1565\" data-end=\"1582\">Agua purificada<\/p>\n<\/li>\n<li data-start=\"1583\" data-end=\"1594\">\n<p data-start=\"1585\" data-end=\"1594\">Alcohol<\/p>\n<\/li>\n<li data-start=\"1595\" data-end=\"1648\">\n<p data-start=\"1597\" data-end=\"1648\">Agentes limpiadores y acondicionadores de la piel<\/p>\n<\/li>\n<\/ul>\n<p data-start=\"1650\" data-end=\"1712\"><em data-start=\"1650\" data-end=\"1712\">(F\u00f3rmula dise\u00f1ada para limpieza profunda y control de sebo.)<\/em><\/p>\n<hr data-start=\"1714\" data-end=\"1717\" \/>\n<h4 data-start=\"1719\" data-end=\"1737\"><strong data-start=\"1722\" data-end=\"1735\">C\u00f3mo usar<\/strong><\/h4>\n<ol data-start=\"1738\" data-end=\"2016\">\n<li data-start=\"1738\" data-end=\"1772\">\n<p data-start=\"1741\" data-end=\"1772\">Limpia previamente tu rostro.<\/p>\n<\/li>\n<li data-start=\"1773\" data-end=\"1864\">\n<p data-start=\"1776\" data-end=\"1864\">Pasa un <strong data-start=\"1784\" data-end=\"1807\">pa\u00f1ito Salilex Pads<\/strong> suavemente sobre las zonas con grasa o imperfecciones.<\/p>\n<\/li>\n<li data-start=\"1865\" data-end=\"1907\">\n<p data-start=\"1868\" data-end=\"1907\">No enjuagar despu\u00e9s de su aplicaci\u00f3n.<\/p>\n<\/li>\n<li data-start=\"1908\" data-end=\"1973\">\n<p data-start=\"1911\" data-end=\"1973\">Utilizar <strong data-start=\"1920\" data-end=\"1942\">1 a 2 veces al d\u00eda<\/strong> seg\u00fan tolerancia de la piel.<\/p>\n<\/li>\n<li data-start=\"1974\" data-end=\"2016\">\n<p data-start=\"1977\" data-end=\"2016\">Aplicar protector solar durante el d\u00eda.<\/p>\n<\/li>\n<\/ol>\n<hr data-start=\"2018\" data-end=\"2021\" \/>\n<h4 data-start=\"2023\" data-end=\"2051\"><strong data-start=\"2026\" data-end=\"2049\">Llamada a la acci\u00f3n<\/strong><\/h4>\n<p data-start=\"2052\" data-end=\"2218\">Adquiere <strong data-start=\"2061\" data-end=\"2100\">Salilex Pads 30 Pa\u00f1itos Limpiadores<\/strong> en <strong data-start=\"2104\" data-end=\"2138\">Farmacia en L\u00ednea Isela M\u00e9ndez<\/strong> y dale a tu piel una limpieza profunda, pr\u00e1ctica y dermatol\u00f3gicamente efectiva.<\/p>\n<hr data-start=\"2220\" data-end=\"2223\" \/>\n<h4 data-start=\"2225\" data-end=\"2244\"><strong data-start=\"2228\" data-end=\"2242\">Conclusi\u00f3n<\/strong><\/h4>\n<p data-start=\"2245\" data-end=\"2573\" data-is-last-node=\"\" data-is-only-node=\"\"><strong data-start=\"2245\" data-end=\"2261\">Salilex Pads<\/strong> es una soluci\u00f3n eficaz para quienes buscan una piel <strong data-start=\"2314\" data-end=\"2366\">m\u00e1s limpia, sin brillo y libre de imperfecciones<\/strong>. Gracias a su contenido de <strong data-start=\"2394\" data-end=\"2414\">\u00e1cido salic\u00edlico<\/strong>, act\u00faa desde el interior del poro para mejorar visiblemente la apariencia de la piel y ayudar a mantenerla <strong data-start=\"2522\" data-end=\"2557\">saludable, fresca y equilibrada<\/strong> todos los d\u00edas.<\/p>\n","protected":false},"excerpt":{"rendered":"<p>Pa\u00f1itos limpiadores con <strong data-start=\"237\" data-end=\"257\">\u00e1cido salic\u00edlico<\/strong> que eliminan grasa, impurezas y brotes, ayudando a mantener la piel <strong data-start=\"326\" data-end=\"360\">limpia, fresca y libre de acn\u00e9<\/strong>.<\/p>\n","protected":false},"featured_media":68778,"comment_status":"open","ping_status":"closed","template":"","meta":[],"product_brand":[577],"product_cat":[114,274,171,153,79,155],"product_tag":[],"class_list":{"0":"post-68186","1":"product","2":"type-product","3":"status-publish","4":"has-post-thumbnail","6":"product_brand-medihealth","7":"product_cat-limpieza","8":"product_cat-medihealth","9":"product_cat-pads","10":"product_cat-acne","11":"product_cat-rostro","12":"product_cat-seboreguladores","14":"first","15":"instock","16":"shipping-taxable","17":"purchasable","18":"product-type-simple"},"aioseo_notices":[],"_links":{"self":[{"href":"https:\/\/iselamendez.mx\/farmacia\/wp-json\/wp\/v2\/product\/68186","targetHints":{"allow":["GET"]}}],"collection":[{"href":"https:\/\/iselamendez.mx\/farmacia\/wp-json\/wp\/v2\/product"}],"about":[{"href":"https:\/\/iselamendez.mx\/farmacia\/wp-json\/wp\/v2\/types\/product"}],"replies":[{"embeddable":true,"href":"https:\/\/iselamendez.mx\/farmacia\/wp-json\/wp\/v2\/comments?post=68186"}],"wp:featuredmedia":[{"embeddable":true,"href":"https:\/\/iselamendez.mx\/farmacia\/wp-json\/wp\/v2\/media\/68778"}],"wp:attachment":[{"href":"https:\/\/iselamendez.mx\/farmacia\/wp-json\/wp\/v2\/media?parent=68186"}],"wp:term":[{"taxonomy":"product_brand","embeddable":true,"href":"https:\/\/iselamendez.mx\/farmacia\/wp-json\/wp\/v2\/product_brand?post=68186"},{"taxonomy":"product_cat","embeddable":true,"href":"https:\/\/iselamendez.mx\/farmacia\/wp-json\/wp\/v2\/product_cat?post=68186"},{"taxonomy":"product_tag","embeddable":true,"href":"https:\/\/iselamendez.mx\/farmacia\/wp-json\/wp\/v2\/product_tag?post=68186"}],"curies":[{"name":"wp","href":"https:\/\/api.w.org\/{rel}","templated":true}]}}