{"id":69045,"date":"2026-02-06T10:11:36","date_gmt":"2026-02-06T16:11:36","guid":{"rendered":"https:\/\/iselamendez.mx\/farmacia\/?post_type=product&#038;p=69045"},"modified":"2026-04-22T23:58:39","modified_gmt":"2026-04-23T05:58:39","slug":"cyspera-sensitive-duo-pigment-correction","status":"publish","type":"product","link":"https:\/\/iselamendez.mx\/farmacia\/tienda\/funcion\/tratamiento\/despigmentantes\/cyspera-sensitive-duo-pigment-correction\/","title":{"rendered":"Cyspera Sensitive D\u00fao"},"content":{"rendered":"<h3 data-start=\"530\" data-end=\"845\"><strong>Cyspera Sensitive D\u00fao Pigment Correction<\/strong><\/h3>\n<h4 data-start=\"530\" data-end=\"845\"><strong>Incluye<br \/>\nCyspera Original+ Rinse Off Cream 30ml + Cyspera Boost Face Cream 30ml<\/strong><\/h4>\n<p data-start=\"530\" data-end=\"845\">Tratamiento despigmentante dermatol\u00f3gico especialmente formulado para <strong data-start=\"632\" data-end=\"660\">piel sensible o reactiva<\/strong>, que combina la eficacia de la <strong data-start=\"692\" data-end=\"719\">cisteamina estabilizada<\/strong> con un protocolo de <strong data-start=\"740\" data-end=\"759\">alta tolerancia<\/strong>. Est\u00e1 dise\u00f1ado para corregir la hiperpigmentaci\u00f3n sin comprometer el confort cut\u00e1neo.<\/p>\n<p data-start=\"847\" data-end=\"1116\">Este d\u00fao ayuda a tratar <strong data-start=\"871\" data-end=\"926\">melasma, manchas solares y marcas postinflamatorias<\/strong>, actuando directamente sobre la producci\u00f3n excesiva de melanina. Su uso constante permite una mejora progresiva del tono, aportando una piel m\u00e1s uniforme, luminosa y visiblemente saludable.<\/p>\n<p data-start=\"1118\" data-end=\"1342\">Gracias a su enfoque suave pero eficaz, Cyspera Sensitive D\u00fao es ideal para quienes no toleran despigmentantes tradicionales o buscan una alternativa segura para uso prolongado, siempre acompa\u00f1ado de protecci\u00f3n solar diaria.<\/p>\n<hr data-start=\"1344\" data-end=\"1347\" \/>\n<h3 data-start=\"1349\" data-end=\"1381\"><strong data-start=\"1353\" data-end=\"1379\">Beneficios principales<\/strong><\/h3>\n<ul data-start=\"1382\" data-end=\"1644\">\n<li data-start=\"1382\" data-end=\"1419\">\n<p data-start=\"1384\" data-end=\"1419\">Reduce manchas oscuras y melasma.<\/p>\n<\/li>\n<li data-start=\"1420\" data-end=\"1468\">\n<p data-start=\"1422\" data-end=\"1468\">Dise\u00f1ado espec\u00edficamente para piel sensible.<\/p>\n<\/li>\n<li data-start=\"1469\" data-end=\"1503\">\n<p data-start=\"1471\" data-end=\"1503\">Alta tolerancia dermatol\u00f3gica.<\/p>\n<\/li>\n<li data-start=\"1504\" data-end=\"1548\">\n<p data-start=\"1506\" data-end=\"1548\">Unifica el tono y mejora la luminosidad.<\/p>\n<\/li>\n<li data-start=\"1549\" data-end=\"1590\">\n<p data-start=\"1551\" data-end=\"1590\">Sin hidroquinona ni \u00e1cidos agresivos.<\/p>\n<\/li>\n<li data-start=\"1591\" data-end=\"1644\">\n<p data-start=\"1593\" data-end=\"1644\">Apto para uso continuo durante todo el a\u00f1o con SPF.<\/p>\n<\/li>\n<\/ul>\n<hr data-start=\"1646\" data-end=\"1649\" \/>\n<h3 data-start=\"1651\" data-end=\"1679\"><strong data-start=\"1655\" data-end=\"1677\">Ingredientes clave<\/strong><\/h3>\n<ul data-start=\"1680\" data-end=\"1943\">\n<li data-start=\"1680\" data-end=\"1771\">\n<p data-start=\"1682\" data-end=\"1771\"><strong data-start=\"1682\" data-end=\"1710\">Cisteamina estabilizada:<\/strong> potente activo despigmentante que regula la melanog\u00e9nesis.<\/p>\n<\/li>\n<li data-start=\"1772\" data-end=\"1849\">\n<p data-start=\"1774\" data-end=\"1849\"><strong data-start=\"1774\" data-end=\"1790\">Niacinamida:<\/strong> ayuda a mejorar el tono y fortalecer la barrera cut\u00e1nea.<\/p>\n<\/li>\n<li data-start=\"1850\" data-end=\"1943\">\n<p data-start=\"1852\" data-end=\"1943\"><strong data-start=\"1852\" data-end=\"1888\">Agentes calmantes e hidratantes:<\/strong> reducen la irritaci\u00f3n y mejoran el confort de la piel.<\/p>\n<\/li>\n<\/ul>\n<hr data-start=\"1945\" data-end=\"1948\" \/>\n<h3 data-start=\"1950\" data-end=\"1969\"><strong data-start=\"1954\" data-end=\"1967\">C\u00f3mo usar<\/strong><\/h3>\n<ol data-start=\"1970\" data-end=\"2283\">\n<li data-start=\"1970\" data-end=\"2041\">\n<p data-start=\"1973\" data-end=\"2041\">Aplicar sobre la piel limpia y seca, preferentemente por la noche.<\/p>\n<\/li>\n<li data-start=\"2042\" data-end=\"2129\">\n<p data-start=\"2045\" data-end=\"2129\">Seguir el protocolo indicado para piel sensible (tiempos de exposici\u00f3n reducidos).<\/p>\n<\/li>\n<li data-start=\"2130\" data-end=\"2199\">\n<p data-start=\"2133\" data-end=\"2199\">Retirar con agua tibia o enjuagar seg\u00fan indicaci\u00f3n del producto.<\/p>\n<\/li>\n<li data-start=\"2200\" data-end=\"2233\">\n<p data-start=\"2203\" data-end=\"2233\">Aplicar hidratante calmante.<\/p>\n<\/li>\n<li data-start=\"2234\" data-end=\"2283\">\n<p data-start=\"2237\" data-end=\"2283\">Usar <strong data-start=\"2242\" data-end=\"2267\">protector solar SPF50<\/strong> durante el d\u00eda.<\/p>\n<\/li>\n<\/ol>\n<blockquote data-start=\"2285\" data-end=\"2379\">\n<p data-start=\"2287\" data-end=\"2379\">Se recomienda seguir las indicaciones dermatol\u00f3gicas para optimizar resultados y tolerancia.<\/p>\n<\/blockquote>\n<hr data-start=\"2381\" data-end=\"2384\" \/>\n<h3 data-start=\"2386\" data-end=\"2415\"><strong data-start=\"2390\" data-end=\"2413\">Llamada a la acci\u00f3n<\/strong><\/h3>\n<p data-start=\"2416\" data-end=\"2560\">Compra <strong data-start=\"2423\" data-end=\"2448\">Cyspera Sensitive D\u00fao<\/strong> en <strong data-start=\"2452\" data-end=\"2486\">Farmacia en L\u00ednea Isela M\u00e9ndez<\/strong> y corrige las manchas de forma eficaz y segura, incluso en piel sensible.<\/p>\n","protected":false},"excerpt":{"rendered":"<p>Tratamiento despigmentante en d\u00fao para piel sensible que reduce manchas y melasma, unifica el tono y mejora la luminosidad.<\/p>\n","protected":false},"featured_media":69324,"comment_status":"open","ping_status":"closed","template":"","meta":[],"product_brand":[575,576],"product_cat":[161,568,154,335,79],"product_tag":[],"class_list":{"0":"post-69045","1":"product","2":"type-product","3":"status-publish","4":"has-post-thumbnail","6":"product_brand-cyspera","7":"product_brand-scientis","8":"product_cat-crema-facial-tipo-de-producto","9":"product_cat-cyspera","10":"product_cat-despigmentantes","11":"product_cat-melasma","12":"product_cat-rostro","14":"first","15":"instock","16":"shipping-taxable","17":"purchasable","18":"product-type-simple"},"aioseo_notices":[],"_links":{"self":[{"href":"https:\/\/iselamendez.mx\/farmacia\/wp-json\/wp\/v2\/product\/69045","targetHints":{"allow":["GET"]}}],"collection":[{"href":"https:\/\/iselamendez.mx\/farmacia\/wp-json\/wp\/v2\/product"}],"about":[{"href":"https:\/\/iselamendez.mx\/farmacia\/wp-json\/wp\/v2\/types\/product"}],"replies":[{"embeddable":true,"href":"https:\/\/iselamendez.mx\/farmacia\/wp-json\/wp\/v2\/comments?post=69045"}],"wp:featuredmedia":[{"embeddable":true,"href":"https:\/\/iselamendez.mx\/farmacia\/wp-json\/wp\/v2\/media\/69324"}],"wp:attachment":[{"href":"https:\/\/iselamendez.mx\/farmacia\/wp-json\/wp\/v2\/media?parent=69045"}],"wp:term":[{"taxonomy":"product_brand","embeddable":true,"href":"https:\/\/iselamendez.mx\/farmacia\/wp-json\/wp\/v2\/product_brand?post=69045"},{"taxonomy":"product_cat","embeddable":true,"href":"https:\/\/iselamendez.mx\/farmacia\/wp-json\/wp\/v2\/product_cat?post=69045"},{"taxonomy":"product_tag","embeddable":true,"href":"https:\/\/iselamendez.mx\/farmacia\/wp-json\/wp\/v2\/product_tag?post=69045"}],"curies":[{"name":"wp","href":"https:\/\/api.w.org\/{rel}","templated":true}]}}