{"id":69047,"date":"2026-02-06T10:53:58","date_gmt":"2026-02-06T16:53:58","guid":{"rendered":"https:\/\/iselamendez.mx\/farmacia\/?post_type=product&#038;p=69047"},"modified":"2026-04-21T23:06:29","modified_gmt":"2026-04-22T05:06:29","slug":"cyspera-boost-30ml","status":"publish","type":"product","link":"https:\/\/iselamendez.mx\/farmacia\/tienda\/funcion\/tratamiento\/despigmentantes\/cyspera-boost-30ml\/","title":{"rendered":"Cyspera Boost 30ml"},"content":{"rendered":"<h3><strong>Cyspera Boost 30ml<\/strong><\/h3>\n<p data-start=\"525\" data-end=\"868\">Tratamiento despigmentante avanzado dise\u00f1ado para <strong data-start=\"605\" data-end=\"644\">potenciar y mantener los resultados<\/strong> obtenidos con otros protocolos de correcci\u00f3n de manchas. Su f\u00f3rmula con <strong data-start=\"717\" data-end=\"744\">cisteamina estabilizada<\/strong> act\u00faa directamente sobre los mecanismos de producci\u00f3n de melanina, ayudando a prevenir la reaparici\u00f3n de hiperpigmentaci\u00f3n.<\/p>\n<p data-start=\"870\" data-end=\"1145\">Este producto es ideal como <strong data-start=\"898\" data-end=\"923\">fase de mantenimiento<\/strong> despu\u00e9s de tratamientos intensivos o como apoyo en rutinas despigmentantes prolongadas. Adem\u00e1s de mejorar la uniformidad del tono, aporta mayor luminosidad y ayuda a mantener una piel visiblemente m\u00e1s clara y equilibrada.<\/p>\n<p data-start=\"1147\" data-end=\"1352\">Gracias a su enfoque suave pero eficaz, Cyspera Boost ofrece una <strong data-start=\"1212\" data-end=\"1244\">excelente tolerancia cut\u00e1nea<\/strong>, siendo adecuado para uso continuo y para todo tipo de piel, siempre acompa\u00f1ado de protecci\u00f3n solar diaria.<\/p>\n<hr data-start=\"1354\" data-end=\"1357\" \/>\n<h4 data-start=\"1359\" data-end=\"1391\"><strong data-start=\"1363\" data-end=\"1389\">Beneficios principales<\/strong><\/h4>\n<ul data-start=\"1392\" data-end=\"1644\">\n<li data-start=\"1392\" data-end=\"1447\">\n<p data-start=\"1394\" data-end=\"1447\">Mantiene y potencia los resultados despigmentantes.<\/p>\n<\/li>\n<li data-start=\"1448\" data-end=\"1495\">\n<p data-start=\"1450\" data-end=\"1495\">Ayuda a prevenir la reaparici\u00f3n de manchas.<\/p>\n<\/li>\n<li data-start=\"1496\" data-end=\"1540\">\n<p data-start=\"1498\" data-end=\"1540\">Unifica el tono y mejora la luminosidad.<\/p>\n<\/li>\n<li data-start=\"1541\" data-end=\"1578\">\n<p data-start=\"1543\" data-end=\"1578\">Ideal como fase de mantenimiento.<\/p>\n<\/li>\n<li data-start=\"1579\" data-end=\"1613\">\n<p data-start=\"1581\" data-end=\"1613\">Alta tolerancia dermatol\u00f3gica.<\/p>\n<\/li>\n<li data-start=\"1614\" data-end=\"1644\">\n<p data-start=\"1616\" data-end=\"1644\">Apto para todo tipo de piel.<\/p>\n<\/li>\n<\/ul>\n<hr data-start=\"1646\" data-end=\"1649\" \/>\n<h4 data-start=\"1651\" data-end=\"1679\"><strong data-start=\"1655\" data-end=\"1677\">Ingredientes clave<\/strong><\/h4>\n<ul data-start=\"1680\" data-end=\"1906\">\n<li data-start=\"1680\" data-end=\"1746\">\n<p data-start=\"1682\" data-end=\"1746\"><strong data-start=\"1682\" data-end=\"1710\">Cisteamina estabilizada:<\/strong> regula la producci\u00f3n de melanina.<\/p>\n<\/li>\n<li data-start=\"1747\" data-end=\"1829\">\n<p data-start=\"1749\" data-end=\"1829\"><strong data-start=\"1749\" data-end=\"1765\">Niacinamida:<\/strong> contribuye a mejorar el tono y fortalecer la barrera cut\u00e1nea.<\/p>\n<\/li>\n<li data-start=\"1830\" data-end=\"1906\">\n<p data-start=\"1832\" data-end=\"1906\"><strong data-start=\"1832\" data-end=\"1868\">Agentes hidratantes y calmantes:<\/strong> favorecen el confort y la tolerancia.<\/p>\n<\/li>\n<\/ul>\n<hr data-start=\"1908\" data-end=\"1911\" \/>\n<h4 data-start=\"1913\" data-end=\"1932\"><strong data-start=\"1917\" data-end=\"1930\">C\u00f3mo usar<\/strong><\/h4>\n<ol data-start=\"1933\" data-end=\"2200\">\n<li data-start=\"1933\" data-end=\"2004\">\n<p data-start=\"1936\" data-end=\"2004\">Aplicar sobre la piel limpia y seca, preferentemente por la noche.<\/p>\n<\/li>\n<li data-start=\"2005\" data-end=\"2066\">\n<p data-start=\"2008\" data-end=\"2066\">Dejar actuar durante el tiempo indicado seg\u00fan protocolo.<\/p>\n<\/li>\n<li data-start=\"2067\" data-end=\"2116\">\n<p data-start=\"2070\" data-end=\"2116\">Retirar con agua tibia o limpiar suavemente.<\/p>\n<\/li>\n<li data-start=\"2117\" data-end=\"2150\">\n<p data-start=\"2120\" data-end=\"2150\">Aplicar hidratante adecuada.<\/p>\n<\/li>\n<li data-start=\"2151\" data-end=\"2200\">\n<p data-start=\"2154\" data-end=\"2200\">Usar <strong data-start=\"2159\" data-end=\"2184\">protector solar SPF50<\/strong> durante el d\u00eda.<\/p>\n<\/li>\n<\/ol>\n<blockquote data-start=\"2202\" data-end=\"2288\">\n<p data-start=\"2204\" data-end=\"2288\">Recomendado como fase de mantenimiento tras tratamientos despigmentantes intensivos.<\/p>\n<\/blockquote>\n<hr data-start=\"2290\" data-end=\"2293\" \/>\n<h4 data-start=\"2295\" data-end=\"2324\"><strong data-start=\"2299\" data-end=\"2322\">Llamada a la acci\u00f3n<\/strong><\/h4>\n<p data-start=\"2325\" data-end=\"2465\">Compra <strong data-start=\"2332\" data-end=\"2355\">Cyspera Boost 30 ml<\/strong> en <strong data-start=\"2359\" data-end=\"2393\">Farmacia en L\u00ednea Isela M\u00e9ndez<\/strong> y mant\u00e9n una piel uniforme, luminosa y libre de manchas por m\u00e1s tiempo.<\/p>\n<p data-start=\"2521\" data-end=\"2653\">\n","protected":false},"excerpt":{"rendered":"<p>Tratamiento potenciador despigmentante que ayuda a reducir manchas y melasma, unifica el tono y mejora la luminosidad de la piel.<\/p>\n","protected":false},"featured_media":69303,"comment_status":"open","ping_status":"closed","template":"","meta":[],"product_brand":[575,576],"product_cat":[161,568,154,278,335,79],"product_tag":[],"class_list":{"0":"post-69047","1":"product","2":"type-product","3":"status-publish","4":"has-post-thumbnail","6":"product_brand-cyspera","7":"product_brand-scientis","8":"product_cat-crema-facial-tipo-de-producto","9":"product_cat-cyspera","10":"product_cat-despigmentantes","11":"product_cat-hiperpigmentacion","12":"product_cat-melasma","13":"product_cat-rostro","15":"first","16":"outofstock","17":"shipping-taxable","18":"purchasable","19":"product-type-simple"},"aioseo_notices":[],"_links":{"self":[{"href":"https:\/\/iselamendez.mx\/farmacia\/wp-json\/wp\/v2\/product\/69047","targetHints":{"allow":["GET"]}}],"collection":[{"href":"https:\/\/iselamendez.mx\/farmacia\/wp-json\/wp\/v2\/product"}],"about":[{"href":"https:\/\/iselamendez.mx\/farmacia\/wp-json\/wp\/v2\/types\/product"}],"replies":[{"embeddable":true,"href":"https:\/\/iselamendez.mx\/farmacia\/wp-json\/wp\/v2\/comments?post=69047"}],"wp:featuredmedia":[{"embeddable":true,"href":"https:\/\/iselamendez.mx\/farmacia\/wp-json\/wp\/v2\/media\/69303"}],"wp:attachment":[{"href":"https:\/\/iselamendez.mx\/farmacia\/wp-json\/wp\/v2\/media?parent=69047"}],"wp:term":[{"taxonomy":"product_brand","embeddable":true,"href":"https:\/\/iselamendez.mx\/farmacia\/wp-json\/wp\/v2\/product_brand?post=69047"},{"taxonomy":"product_cat","embeddable":true,"href":"https:\/\/iselamendez.mx\/farmacia\/wp-json\/wp\/v2\/product_cat?post=69047"},{"taxonomy":"product_tag","embeddable":true,"href":"https:\/\/iselamendez.mx\/farmacia\/wp-json\/wp\/v2\/product_tag?post=69047"}],"curies":[{"name":"wp","href":"https:\/\/api.w.org\/{rel}","templated":true}]}}