{"id":69582,"date":"2026-02-19T18:49:46","date_gmt":"2026-02-20T00:49:46","guid":{"rendered":"https:\/\/iselamendez.mx\/farmacia\/?post_type=product&#038;p=69582"},"modified":"2026-04-15T10:44:02","modified_gmt":"2026-04-15T16:44:02","slug":"zo-skin-health-recovery-creme-50ml","status":"publish","type":"product","link":"https:\/\/iselamendez.mx\/farmacia\/tienda\/funcion\/tratamiento\/hidratacion\/zo-skin-health-recovery-creme-50ml\/","title":{"rendered":"ZO Skin Health Recovery Creme 50ml"},"content":{"rendered":"<h3><strong>ZO Skin Health Recovery Creme 50ml<\/strong><\/h3>\n<p data-start=\"334\" data-end=\"758\"><strong data-start=\"381\" data-end=\"415\">Crema reparadora dermatol\u00f3gica<\/strong> formulada para pieles secas, irritadas o sensibilizadas por tratamientos intensivos. Dise\u00f1ada con una combinaci\u00f3n de <strong data-start=\"533\" data-end=\"591\">emolientes restauradores, p\u00e9ptidos calmantes y retinol<\/strong>, esta crema ayuda a <strong data-start=\"612\" data-end=\"671\">calmar irritaci\u00f3n, reducir enrojecimiento y descamaci\u00f3n<\/strong>, y <strong data-start=\"675\" data-end=\"719\">fortalecer la barrera natural de la piel<\/strong>.<\/p>\n<p data-start=\"760\" data-end=\"1171\">Su f\u00f3rmula rica pero de r\u00e1pida absorci\u00f3n integra ingredientes como ceramidas, escualeno, manteca de karit\u00e9 y extractos bot\u00e1nicos que favorecen la regeneraci\u00f3n cut\u00e1nea y promueven una piel m\u00e1s suave, flexible y equilibrada. Adem\u00e1s, contribuye a <strong data-start=\"1004\" data-end=\"1082\">estimular el proceso natural de renovaci\u00f3n y proteger contra da\u00f1os futuros<\/strong>, siendo ideal tanto para el rostro como el cuello.<\/p>\n<p data-start=\"1173\" data-end=\"1379\">Recovery Cr\u00e8me tambi\u00e9n ayuda a <strong data-start=\"1204\" data-end=\"1242\">suavizar l\u00edneas de expresi\u00f3n finas<\/strong> y puede usarse en combinaci\u00f3n con tratamientos con retinoides para mitigar la irritaci\u00f3n asociada.<\/p>\n<hr data-start=\"1381\" data-end=\"1384\" \/>\n<h4 data-start=\"1386\" data-end=\"1416\"><strong data-start=\"1390\" data-end=\"1416\">Beneficios principales<\/strong><\/h4>\n<ul data-start=\"1417\" data-end=\"1858\">\n<li data-start=\"1417\" data-end=\"1503\">\n<p data-start=\"1419\" data-end=\"1503\">Calma piel irritada y reduce enrojecimiento.<\/p>\n<\/li>\n<li data-start=\"1504\" data-end=\"1596\">\n<p data-start=\"1506\" data-end=\"1596\">Restaura y refuerza la barrera protectora cut\u00e1nea.<\/p>\n<\/li>\n<li data-start=\"1597\" data-end=\"1691\">\n<p data-start=\"1599\" data-end=\"1691\">Hidrataci\u00f3n profunda para piel seca o sensibilizada.<\/p>\n<\/li>\n<li data-start=\"1692\" data-end=\"1776\">\n<p data-start=\"1694\" data-end=\"1776\">Estimula la renovaci\u00f3n natural de la piel.<\/p>\n<\/li>\n<li data-start=\"1777\" data-end=\"1858\">\n<p data-start=\"1779\" data-end=\"1858\">Suaviza l\u00edneas finas y mejora la textura.<\/p>\n<\/li>\n<\/ul>\n<hr data-start=\"1860\" data-end=\"1863\" \/>\n<h4 data-start=\"1865\" data-end=\"1891\"><strong data-start=\"1869\" data-end=\"1891\">Ingredientes clave<\/strong><\/h4>\n<ul data-start=\"1892\" data-end=\"2621\">\n<li data-start=\"1892\" data-end=\"2031\">\n<p data-start=\"1894\" data-end=\"2031\"><strong data-start=\"1894\" data-end=\"1939\">Ceramidas, Escualeno y Manteca de Karit\u00e9:<\/strong> restablecen l\u00edpidos y restauran la funci\u00f3n barrera.<\/p>\n<\/li>\n<li data-start=\"2032\" data-end=\"2146\">\n<p data-start=\"2034\" data-end=\"2146\"><strong data-start=\"2034\" data-end=\"2072\">Lisado de fermento de Lactococcus:<\/strong> refuerza la barrera protectora.<\/p>\n<\/li>\n<li data-start=\"2147\" data-end=\"2269\">\n<p data-start=\"2149\" data-end=\"2269\"><strong data-start=\"2149\" data-end=\"2173\">\u00c1cido poliglut\u00e1mico:<\/strong> humectante de origen natural que retiene hidrataci\u00f3n.<\/p>\n<\/li>\n<li data-start=\"2270\" data-end=\"2418\">\n<p data-start=\"2272\" data-end=\"2418\"><strong data-start=\"2272\" data-end=\"2339\">ZCORE\u2122 (Caprooyl tetrap\u00e9ptido-3 + extracto de tr\u00e9bol amarillo):<\/strong> fortalece la resiliencia de la piel.<\/p>\n<\/li>\n<li data-start=\"2419\" data-end=\"2517\">\n<p data-start=\"2421\" data-end=\"2517\"><strong data-start=\"2421\" data-end=\"2446\">Acetil-hexap\u00e9ptido-8:<\/strong> suaviza l\u00edneas de expresi\u00f3n.<\/p>\n<\/li>\n<li data-start=\"2518\" data-end=\"2621\">\n<p data-start=\"2520\" data-end=\"2621\"><strong data-start=\"2520\" data-end=\"2532\">Retinol:<\/strong> promueve la renovaci\u00f3n celular y mejora textura.<\/p>\n<\/li>\n<\/ul>\n<hr data-start=\"2623\" data-end=\"2626\" \/>\n<h4 data-start=\"2628\" data-end=\"2645\"><strong data-start=\"2632\" data-end=\"2645\">C\u00f3mo usar<\/strong><\/h4>\n<ol data-start=\"2646\" data-end=\"3097\">\n<li data-start=\"2646\" data-end=\"2753\">\n<p data-start=\"2649\" data-end=\"2753\">Aplicar <strong data-start=\"2657\" data-end=\"2682\">una o dos pulsaciones<\/strong> sobre la piel limpia y seca.<\/p>\n<\/li>\n<li data-start=\"2754\" data-end=\"2847\">\n<p data-start=\"2757\" data-end=\"2847\">Masajear suavemente hasta su absorci\u00f3n completa.<\/p>\n<\/li>\n<li data-start=\"2848\" data-end=\"2960\">\n<p data-start=\"2851\" data-end=\"2960\">Usar <strong data-start=\"2856\" data-end=\"2876\">ma\u00f1ana y\/o noche<\/strong> seg\u00fan necesidad o indicaci\u00f3n profesional.<\/p>\n<\/li>\n<li data-start=\"2961\" data-end=\"3097\">\n<p data-start=\"2964\" data-end=\"3097\">Para pieles en tratamiento con retinoides, usar en <strong data-start=\"3015\" data-end=\"3032\">d\u00edas alternos<\/strong> para mitigar irritaci\u00f3n.<\/p>\n<\/li>\n<\/ol>\n<hr data-start=\"3099\" data-end=\"3102\" \/>\n<p>&nbsp;<\/p>\n<p><strong style=\"color: #000000; font-size: 28px;\" data-start=\"3602\" data-end=\"3625\">Llamada a la acci\u00f3n<\/strong><\/p>\n<p data-start=\"3626\" data-end=\"3813\">Compra <strong data-start=\"3633\" data-end=\"3672\">ZO Skin Health Recovery Cr\u00e8me 50 ml<\/strong> en <strong data-start=\"3676\" data-end=\"3710\">Farmacia en L\u00ednea Isela M\u00e9ndez<\/strong> y brinda a tu piel hidrataci\u00f3n intensiva, reparaci\u00f3n y alivio profesional desde la primera aplicaci\u00f3n.<\/p>\n","protected":false},"excerpt":{"rendered":"<p>Crema hidratante y calmante que restaura la barrera cut\u00e1nea, alivia irritaci\u00f3n y mejora textura para piel seca o sensibilizada.<\/p>\n","protected":false},"featured_media":69780,"comment_status":"open","ping_status":"closed","template":"","meta":[],"product_brand":[479],"product_cat":[161,75,157,213,272,113,136],"product_tag":[],"class_list":{"0":"post-69582","1":"product","2":"type-product","3":"status-publish","4":"has-post-thumbnail","6":"product_brand-zo-skin-health","7":"product_cat-crema-facial-tipo-de-producto","8":"product_cat-crema-facial","9":"product_cat-hidratacion","10":"product_cat-piel-rojeces","11":"product_cat-piel-seca","12":"product_cat-piel-sensible","13":"product_cat-zo-skin-health","15":"first","16":"instock","17":"shipping-taxable","18":"purchasable","19":"product-type-simple"},"aioseo_notices":[],"_links":{"self":[{"href":"https:\/\/iselamendez.mx\/farmacia\/wp-json\/wp\/v2\/product\/69582","targetHints":{"allow":["GET"]}}],"collection":[{"href":"https:\/\/iselamendez.mx\/farmacia\/wp-json\/wp\/v2\/product"}],"about":[{"href":"https:\/\/iselamendez.mx\/farmacia\/wp-json\/wp\/v2\/types\/product"}],"replies":[{"embeddable":true,"href":"https:\/\/iselamendez.mx\/farmacia\/wp-json\/wp\/v2\/comments?post=69582"}],"wp:featuredmedia":[{"embeddable":true,"href":"https:\/\/iselamendez.mx\/farmacia\/wp-json\/wp\/v2\/media\/69780"}],"wp:attachment":[{"href":"https:\/\/iselamendez.mx\/farmacia\/wp-json\/wp\/v2\/media?parent=69582"}],"wp:term":[{"taxonomy":"product_brand","embeddable":true,"href":"https:\/\/iselamendez.mx\/farmacia\/wp-json\/wp\/v2\/product_brand?post=69582"},{"taxonomy":"product_cat","embeddable":true,"href":"https:\/\/iselamendez.mx\/farmacia\/wp-json\/wp\/v2\/product_cat?post=69582"},{"taxonomy":"product_tag","embeddable":true,"href":"https:\/\/iselamendez.mx\/farmacia\/wp-json\/wp\/v2\/product_tag?post=69582"}],"curies":[{"name":"wp","href":"https:\/\/api.w.org\/{rel}","templated":true}]}}