{"id":69863,"date":"2026-02-26T10:45:34","date_gmt":"2026-02-26T16:45:34","guid":{"rendered":"https:\/\/iselamendez.mx\/farmacia\/?post_type=product&#038;p=69863"},"modified":"2026-04-21T23:06:36","modified_gmt":"2026-04-22T05:06:36","slug":"noon-aesthetics-azelaic-s-13-dermshield-50ml","status":"publish","type":"product","link":"https:\/\/iselamendez.mx\/farmacia\/tienda\/funcion\/tratamiento\/despigmentantes\/noon-aesthetics-azelaic-s-13-dermshield-50ml\/","title":{"rendered":"NOON Aesthetics Azelaic-S 13 + Dermshield 50ml"},"content":{"rendered":"<h3><strong>NOON Aesthetics Azelaic-S 13 + DermShield<\/strong><\/h3>\n<h4><strong>S\u00e9rum Despigmentante y Seborregulador de Alta Potencia<\/strong><\/h4>\n<h4><strong>Nueva version de Noon Aesthetics Double Fight<\/strong><\/h4>\n<p data-start=\"188\" data-end=\"448\">S\u00e9rum dermatol\u00f3gico avanzado formulado con <strong data-start=\"272\" data-end=\"297\">13% de \u00e1cido azelaico<\/strong> potenciado por la tecnolog\u00eda exclusiva <strong data-start=\"337\" data-end=\"352\">DermShield\u2122<\/strong>, dise\u00f1ada para maximizar la eficacia del activo minimizando irritaci\u00f3n, ardor o enrojecimiento.<\/p>\n<p data-start=\"450\" data-end=\"865\">Este tratamiento est\u00e1 indicado para piel con <strong data-start=\"495\" data-end=\"565\">acn\u00e9, ros\u00e1cea, hiperpigmentaci\u00f3n postinflamatoria y exceso de sebo<\/strong>, ayudando a mejorar la textura cut\u00e1nea, unificar el tono y reducir imperfecciones visibles. El \u00e1cido azelaico es reconocido por su acci\u00f3n antibacteriana, antiinflamatoria y despigmentante, actuando directamente sobre la producci\u00f3n excesiva de melanina y la proliferaci\u00f3n bacteriana asociada al acn\u00e9.<\/p>\n<p data-start=\"867\" data-end=\"1123\">Gracias a la tecnolog\u00eda DermShield\u2122, el producto permite trabajar con concentraciones altas sin comprometer la tolerancia, convirti\u00e9ndolo en una excelente opci\u00f3n dentro de protocolos dermatol\u00f3gicos profesionales y rutinas domiciliarias de alto rendimiento.<\/p>\n<p data-start=\"1125\" data-end=\"1258\">Su textura ligera facilita la absorci\u00f3n r\u00e1pida sin dejar residuos grasos, siendo apto para piel mixta, grasa y con tendencia acneica.<\/p>\n<p data-start=\"1125\" data-end=\"1258\">Revoluciona las opciones de tratamiento para la piel con tendencia acneica. No solo Ilumina. Es Brillante. Combina dos potentes \u00e1cidos que trabajan<br \/>\nintensamente para tratar los problemas existentes y reducir los potenciales asociados con la piel grasa. Sus propiedades antiandrog\u00e9nicas destapan los poros y reducen las imperfecciones. Estudios cl\u00ednicos demuestran que el \u00e1cido azelaico mejora significativamente los problemas inherentes a la piel con tendencia acneica.<\/p>\n<hr data-start=\"1260\" data-end=\"1263\" \/>\n<h4 data-start=\"1265\" data-end=\"1283\"><strong data-start=\"1269\" data-end=\"1283\">Beneficios<\/strong><\/h4>\n<ul data-start=\"1284\" data-end=\"1629\">\n<li data-start=\"1284\" data-end=\"1336\">\n<p data-start=\"1286\" data-end=\"1336\">Contiene 13% de \u00e1cido azelaico de alta eficacia.<\/p>\n<\/li>\n<li data-start=\"1337\" data-end=\"1394\">\n<p data-start=\"1339\" data-end=\"1394\">Ayuda a reducir manchas e hiperpigmentaci\u00f3n postacn\u00e9.<\/p>\n<\/li>\n<li data-start=\"1395\" data-end=\"1438\">\n<p data-start=\"1397\" data-end=\"1438\">Disminuye inflamaci\u00f3n y enrojecimiento.<\/p>\n<\/li>\n<li data-start=\"1439\" data-end=\"1472\">\n<p data-start=\"1441\" data-end=\"1472\">Regula la producci\u00f3n de sebo.<\/p>\n<\/li>\n<li data-start=\"1473\" data-end=\"1529\">\n<p data-start=\"1475\" data-end=\"1529\">Contribuye a mejorar textura y uniformidad del tono.<\/p>\n<\/li>\n<li data-start=\"1530\" data-end=\"1581\">\n<p data-start=\"1532\" data-end=\"1581\">Tecnolog\u00eda DermShield\u2122 que minimiza irritaci\u00f3n.<\/p>\n<\/li>\n<li data-start=\"1582\" data-end=\"1629\">\n<p data-start=\"1584\" data-end=\"1629\">Ideal para piel grasa, acneica o con ros\u00e1cea.<\/p>\n<\/li>\n<\/ul>\n<hr data-start=\"1631\" data-end=\"1634\" \/>\n<h4 data-start=\"1636\" data-end=\"1662\"><strong data-start=\"1640\" data-end=\"1662\">Ingredientes clave<\/strong><\/h4>\n<ul data-start=\"1731\" data-end=\"2005\">\n<li data-start=\"1731\" data-end=\"1816\">\n<p data-start=\"1733\" data-end=\"1816\"><strong data-start=\"1733\" data-end=\"1756\">\u00c1cido Azelaico 13%:<\/strong> acci\u00f3n despigmentante, antibacteriana y antiinflamatoria. Tratamiento a largo plazo, muy efectivo para aclarar la piel, reduce tanto el enrojecimiento como las manchas oscuras. Creando una tez m\u00e1s uniforme y luminosa. \u00c1cido Salic\u00edlico Exfoliante suave y eficaz que ayuda a eliminar las c\u00e9lulas muertas de la piel, destapando los poros y previniendo los brotes.<\/p>\n<\/li>\n<li data-start=\"1731\" data-end=\"1816\"><strong>Glabridina Pura: <\/strong>Nuevo Lanzamiento Derivada del regaliz, la glabridina puede ayudar a disminuir la aparici\u00f3n de manchas oscuras y proteger la piel del estr\u00e9s oxidativo.<\/li>\n<li data-start=\"1731\" data-end=\"1816\"><strong>\u00c1cido Octadecenodioico: <\/strong>Nuevo en el mercado, ayuda a atenuar las manchas oscuras e iluminar la piel.<\/li>\n<li data-start=\"1731\" data-end=\"1816\"><strong>Extractos de Plantas TECNOLOG\u00cdA DERMXTREAM<\/strong>\u00a0Solo en NOON Complejo de extractos de frutas y verduras que proporciona beneficios antiinflamatorios y adem\u00e1s combate las bacterias que causan el acn\u00e9.<\/li>\n<li data-start=\"1817\" data-end=\"1906\">\n<p data-start=\"1819\" data-end=\"1906\"><strong data-start=\"1819\" data-end=\"1846\">Tecnolog\u00eda DermShield\u2122:<\/strong> reduce potencial irritativo manteniendo eficacia cl\u00ednica.<\/p>\n<\/li>\n<li data-start=\"1907\" data-end=\"2005\">\n<p data-start=\"1909\" data-end=\"2005\"><strong data-start=\"1909\" data-end=\"1969\">Agentes estabilizadores y vehiculizantes dermatol\u00f3gicos:<\/strong> optimizan penetraci\u00f3n y tolerancia.<\/p>\n<\/li>\n<\/ul>\n<hr data-start=\"2007\" data-end=\"2010\" \/>\n<h4 data-start=\"2012\" data-end=\"2029\"><strong data-start=\"2016\" data-end=\"2029\">C\u00f3mo usar<\/strong><\/h4>\n<ol data-start=\"2030\" data-end=\"2286\">\n<li data-start=\"2030\" data-end=\"2068\">\n<p data-start=\"2033\" data-end=\"2068\">Aplicar sobre piel limpia y seca.<\/p>\n<\/li>\n<li data-start=\"2069\" data-end=\"2133\">\n<p data-start=\"2072\" data-end=\"2133\">Colocar una peque\u00f1a cantidad en rostro o zonas espec\u00edficas.<\/p>\n<\/li>\n<li data-start=\"2134\" data-end=\"2180\">\n<p data-start=\"2137\" data-end=\"2180\">Distribuir suavemente hasta su absorci\u00f3n.<\/p>\n<\/li>\n<li data-start=\"2181\" data-end=\"2243\">\n<p data-start=\"2184\" data-end=\"2243\">Usar una o dos veces al d\u00eda seg\u00fan indicaci\u00f3n profesional.<\/p>\n<\/li>\n<li data-start=\"2244\" data-end=\"2286\">\n<p data-start=\"2247\" data-end=\"2286\">Aplicar protector solar durante el d\u00eda.<\/p>\n<\/li>\n<\/ol>\n<hr data-start=\"2288\" data-end=\"2291\" \/>\n<h4 data-start=\"2293\" data-end=\"2320\"><strong data-start=\"2297\" data-end=\"2320\">Llamada a la acci\u00f3n<\/strong><\/h4>\n<p data-start=\"2321\" data-end=\"2535\">Mejora visiblemente manchas, acn\u00e9 y textura con <strong data-start=\"2369\" data-end=\"2403\">NOON Azelaic-S 13 + DermShield<\/strong>, disponible en <strong data-start=\"2419\" data-end=\"2453\">Farmacia en L\u00ednea Isela M\u00e9ndez<\/strong>. Incorp\u00f3ralo a tu rutina dermatol\u00f3gica y potencia resultados con alta tolerancia.<\/p>\n","protected":false},"excerpt":{"rendered":"<p>S\u00e9rum con 13% \u00e1cido azelaico y DermShield\u2122 que reduce manchas, acn\u00e9 y exceso de sebo con alta tolerancia.<\/p>\n","protected":false},"featured_media":70403,"comment_status":"open","ping_status":"closed","template":"","meta":[],"product_brand":[452],"product_cat":[154,278,335,179,213,113,79,155,69],"product_tag":[],"class_list":{"0":"post-69863","1":"product","2":"type-product","3":"status-publish","4":"has-post-thumbnail","6":"product_brand-noon","7":"product_cat-despigmentantes","8":"product_cat-hiperpigmentacion","9":"product_cat-melasma","10":"product_cat-noon","11":"product_cat-piel-rojeces","12":"product_cat-piel-sensible","13":"product_cat-rostro","14":"product_cat-seboreguladores","15":"product_cat-suero","17":"first","18":"outofstock","19":"shipping-taxable","20":"purchasable","21":"product-type-simple"},"aioseo_notices":[],"_links":{"self":[{"href":"https:\/\/iselamendez.mx\/farmacia\/wp-json\/wp\/v2\/product\/69863","targetHints":{"allow":["GET"]}}],"collection":[{"href":"https:\/\/iselamendez.mx\/farmacia\/wp-json\/wp\/v2\/product"}],"about":[{"href":"https:\/\/iselamendez.mx\/farmacia\/wp-json\/wp\/v2\/types\/product"}],"replies":[{"embeddable":true,"href":"https:\/\/iselamendez.mx\/farmacia\/wp-json\/wp\/v2\/comments?post=69863"}],"wp:featuredmedia":[{"embeddable":true,"href":"https:\/\/iselamendez.mx\/farmacia\/wp-json\/wp\/v2\/media\/70403"}],"wp:attachment":[{"href":"https:\/\/iselamendez.mx\/farmacia\/wp-json\/wp\/v2\/media?parent=69863"}],"wp:term":[{"taxonomy":"product_brand","embeddable":true,"href":"https:\/\/iselamendez.mx\/farmacia\/wp-json\/wp\/v2\/product_brand?post=69863"},{"taxonomy":"product_cat","embeddable":true,"href":"https:\/\/iselamendez.mx\/farmacia\/wp-json\/wp\/v2\/product_cat?post=69863"},{"taxonomy":"product_tag","embeddable":true,"href":"https:\/\/iselamendez.mx\/farmacia\/wp-json\/wp\/v2\/product_tag?post=69863"}],"curies":[{"name":"wp","href":"https:\/\/api.w.org\/{rel}","templated":true}]}}