{"id":70482,"date":"2026-03-10T12:27:48","date_gmt":"2026-03-10T18:27:48","guid":{"rendered":"https:\/\/iselamendez.mx\/farmacia\/?post_type=product&#038;p=70482"},"modified":"2026-04-23T18:40:38","modified_gmt":"2026-04-24T00:40:38","slug":"sensilis-day-treatment-mascara-para-pestanas-y-cejas-12ml","status":"publish","type":"product","link":"https:\/\/iselamendez.mx\/farmacia\/tienda\/zona-del-cuerpo\/cejas\/sensilis-day-treatment-mascara-para-pestanas-y-cejas-12ml\/","title":{"rendered":"Sensilis Day Treatment Mascara para Pesta\u00f1as y Cejas 12ml"},"content":{"rendered":"<h3><strong>Sensilis Day Treatment Mascara para Pesta\u00f1as y Cejas<\/strong><\/h3>\n<h4 data-start=\"0\" data-end=\"59\"><strong>Sensilis Day Treatment Mascara for Eyelashes and Eyebrows<\/strong><\/h4>\n<p data-start=\"82\" data-end=\"586\">Tratamiento cosm\u00e9tico multifunci\u00f3n dise\u00f1ado para <strong data-start=\"199\" data-end=\"265\">fortalecer, nutrir y mejorar la apariencia de pesta\u00f1as y cejas<\/strong> mientras proporciona definici\u00f3n natural durante el d\u00eda. Este innovador producto de la marca <span class=\"hover:entity-accent entity-underline inline cursor-pointer align-baseline\"><span class=\"whitespace-normal\">Sensilis<\/span><\/span> combina el efecto est\u00e9tico de una m\u00e1scara transparente con los beneficios de un tratamiento fortalecedor, ideal para quienes buscan <strong data-start=\"528\" data-end=\"585\">pesta\u00f1as y cejas m\u00e1s densas, resistentes y saludables<\/strong>.<\/p>\n<p data-start=\"588\" data-end=\"992\">Su f\u00f3rmula dermatol\u00f3gicamente y oftalmol\u00f3gicamente testada contiene ingredientes acondicionadores que ayudan a <strong data-start=\"699\" data-end=\"777\">proteger la fibra capilar de pesta\u00f1as y cejas frente a agresiones externas<\/strong>, como el maquillaje frecuente, la contaminaci\u00f3n y el estr\u00e9s ambiental. Adem\u00e1s, su textura ligera y transparente permite fijar y peinar las cejas, as\u00ed como dar forma y brillo natural a las pesta\u00f1as sin apelmazarlas.<\/p>\n<p data-start=\"994\" data-end=\"1317\">Gracias a su aplicador de precisi\u00f3n, <strong data-start=\"1031\" data-end=\"1056\">Day Treatment Mascara<\/strong> facilita una aplicaci\u00f3n uniforme que separa y define las pesta\u00f1as mientras disciplina las cejas, proporcionando un acabado limpio, natural y elegante. Es ideal para usar solo para un look natural o como <strong data-start=\"1260\" data-end=\"1316\">primer de pesta\u00f1as antes de aplicar m\u00e1scara de color<\/strong>.<\/p>\n<p data-start=\"1319\" data-end=\"1481\">Este tratamiento es adecuado incluso para <strong data-start=\"1361\" data-end=\"1412\">ojos sensibles o usuarios de lentes de contacto<\/strong>, aline\u00e1ndose con el compromiso de Sensilis con las pieles sensibles.<\/p>\n<hr data-start=\"1483\" data-end=\"1486\" \/>\n<h4 data-start=\"1488\" data-end=\"1501\">Beneficios<\/h4>\n<ul data-start=\"1502\" data-end=\"2018\">\n<li data-start=\"1502\" data-end=\"1551\">\n<p data-start=\"1504\" data-end=\"1551\">Fortalece y acondiciona <strong data-start=\"1528\" data-end=\"1548\">pesta\u00f1as y cejas<\/strong>.<\/p>\n<\/li>\n<li data-start=\"1552\" data-end=\"1612\">\n<p data-start=\"1554\" data-end=\"1612\">Mejora la apariencia de pesta\u00f1as fr\u00e1giles o debilitadas.<\/p>\n<\/li>\n<li data-start=\"1613\" data-end=\"1663\">\n<p data-start=\"1615\" data-end=\"1663\">Ayuda a <strong data-start=\"1623\" data-end=\"1660\">peinar, fijar y definir las cejas<\/strong>.<\/p>\n<\/li>\n<li data-start=\"1664\" data-end=\"1715\">\n<p data-start=\"1666\" data-end=\"1715\">Proporciona <strong data-start=\"1678\" data-end=\"1712\">acabado transparente y natural<\/strong>.<\/p>\n<\/li>\n<li data-start=\"1716\" data-end=\"1782\">\n<p data-start=\"1718\" data-end=\"1782\">Se puede usar como <strong data-start=\"1737\" data-end=\"1779\">primer antes de la m\u00e1scara de pesta\u00f1as<\/strong>.<\/p>\n<\/li>\n<li data-start=\"1783\" data-end=\"1839\">\n<p data-start=\"1785\" data-end=\"1839\">F\u00f3rmula ligera que <strong data-start=\"1804\" data-end=\"1836\">no apelmaza ni deja residuos<\/strong>.<\/p>\n<\/li>\n<li data-start=\"1840\" data-end=\"1890\">\n<p data-start=\"1842\" data-end=\"1890\">Aporta <strong data-start=\"1849\" data-end=\"1887\">brillo saludable y aspecto cuidado<\/strong>.<\/p>\n<\/li>\n<li data-start=\"1891\" data-end=\"1961\">\n<p data-start=\"1893\" data-end=\"1961\">Adecuado para <strong data-start=\"1907\" data-end=\"1958\">ojos sensibles y usuarios de lentes de contacto<\/strong>.<\/p>\n<\/li>\n<li data-start=\"1962\" data-end=\"2018\">\n<p data-start=\"1964\" data-end=\"2018\">Aplicador de precisi\u00f3n para una distribuci\u00f3n uniforme.<\/p>\n<\/li>\n<\/ul>\n<hr data-start=\"2020\" data-end=\"2023\" \/>\n<h4 data-start=\"2025\" data-end=\"2040\">Ingredientes<\/h4>\n<p data-start=\"2041\" data-end=\"2069\"><strong data-start=\"2041\" data-end=\"2069\">Ingredientes principales<\/strong><\/p>\n<ul data-start=\"2071\" data-end=\"2343\">\n<li data-start=\"2071\" data-end=\"2162\">\n<p data-start=\"2073\" data-end=\"2162\"><strong data-start=\"2073\" data-end=\"2104\">Pro-vitamina B5 (Pantenol):<\/strong> ayuda a fortalecer y acondicionar las pesta\u00f1as y cejas.<\/p>\n<\/li>\n<li data-start=\"2163\" data-end=\"2248\">\n<p data-start=\"2165\" data-end=\"2248\"><strong data-start=\"2165\" data-end=\"2196\">Pol\u00edmeros fijadores suaves:<\/strong> permiten peinar y mantener las cejas en su lugar.<\/p>\n<\/li>\n<li data-start=\"2249\" data-end=\"2343\">\n<p data-start=\"2251\" data-end=\"2343\"><strong data-start=\"2251\" data-end=\"2280\">Agentes acondicionadores:<\/strong> contribuyen a mejorar la flexibilidad y resistencia del vello.<\/p>\n<\/li>\n<\/ul>\n<p data-start=\"2345\" data-end=\"2551\"><strong data-start=\"2345\" data-end=\"2392\">INCI (puede variar ligeramente seg\u00fan lote):<\/strong><br data-start=\"2392\" data-end=\"2395\" \/>Aqua (Water), Butylene Glycol, Panthenol, Acrylates Copolymer, Glycerin, Hydroxyethylcellulose, Phenoxyethanol, Caprylyl Glycol, Disodium EDTA, Citric Acid.<\/p>\n<hr data-start=\"2553\" data-end=\"2556\" \/>\n<h4 data-start=\"2558\" data-end=\"2570\">C\u00f3mo usar<\/h4>\n<ol data-start=\"2571\" data-end=\"2910\">\n<li data-start=\"2571\" data-end=\"2650\">\n<p data-start=\"2574\" data-end=\"2650\">Aplicar sobre <strong data-start=\"2588\" data-end=\"2616\">pesta\u00f1as limpias y secas<\/strong> desde la ra\u00edz hasta las puntas.<\/p>\n<\/li>\n<li data-start=\"2651\" data-end=\"2737\">\n<p data-start=\"2654\" data-end=\"2737\">Utilizar el cepillo para <strong data-start=\"2679\" data-end=\"2707\">peinar y fijar las cejas<\/strong> siguiendo su forma natural.<\/p>\n<\/li>\n<li data-start=\"2738\" data-end=\"2854\">\n<p data-start=\"2741\" data-end=\"2760\">Puede utilizarse:<\/p>\n<ul data-start=\"2764\" data-end=\"2854\">\n<li data-start=\"2764\" data-end=\"2798\">\n<p data-start=\"2766\" data-end=\"2798\">Solo, para un acabado natural.<\/p>\n<\/li>\n<li data-start=\"2802\" data-end=\"2854\">\n<p data-start=\"2804\" data-end=\"2854\">Como <strong data-start=\"2809\" data-end=\"2851\">primer antes de la m\u00e1scara de pesta\u00f1as<\/strong>.<\/p>\n<\/li>\n<\/ul>\n<\/li>\n<li data-start=\"2855\" data-end=\"2910\">\n<p data-start=\"2858\" data-end=\"2910\">Usar diariamente como parte de la rutina de belleza.<\/p>\n<\/li>\n<\/ol>\n<hr data-start=\"2912\" data-end=\"2915\" \/>\n<h4 data-start=\"2917\" data-end=\"2939\">Llamada a la acci\u00f3n<\/h4>\n<p data-start=\"2940\" data-end=\"3267\">Consigue <strong data-start=\"2949\" data-end=\"3005\">pesta\u00f1as y cejas m\u00e1s definidas, fuertes y saludables<\/strong> con <strong data-start=\"3010\" data-end=\"3071\">Sensilis Day Treatment Mascara for Eyelashes and Eyebrows<\/strong>.<br data-start=\"3072\" data-end=\"3075\" \/>Encuentra este tratamiento dermatol\u00f3gico original en <strong data-start=\"3128\" data-end=\"3162\">Farmacia en L\u00ednea Isela M\u00e9ndez<\/strong>, tu destino confiable para productos dermocosm\u00e9ticos de alta calidad y cuidado especializado de la piel.<\/p>\n<h4 data-start=\"324\" data-end=\"402\"><\/h4>\n<div class=\"TyagGW_tableContainer\"><\/div>\n<h2 data-start=\"61\" data-end=\"81\"><\/h2>\n","protected":false},"excerpt":{"rendered":"<p>Tratamiento transparente de Sensilis que fortalece, define y fija pesta\u00f1as y cejas, aportando aspecto natural y cuidado diario.<\/p>\n","protected":false},"featured_media":70483,"comment_status":"open","ping_status":"closed","template":"","meta":[],"product_brand":[386],"product_cat":[146,516,145,305],"product_tag":[],"class_list":{"0":"post-70482","1":"product","2":"type-product","3":"status-publish","4":"has-post-thumbnail","6":"product_brand-sensilis","7":"product_cat-cejas","8":"product_cat-mascara-de-pestanas-tipo-de-producto","9":"product_cat-pestanas","10":"product_cat-sensilis","12":"first","13":"instock","14":"shipping-taxable","15":"purchasable","16":"product-type-simple"},"aioseo_notices":[],"_links":{"self":[{"href":"https:\/\/iselamendez.mx\/farmacia\/wp-json\/wp\/v2\/product\/70482","targetHints":{"allow":["GET"]}}],"collection":[{"href":"https:\/\/iselamendez.mx\/farmacia\/wp-json\/wp\/v2\/product"}],"about":[{"href":"https:\/\/iselamendez.mx\/farmacia\/wp-json\/wp\/v2\/types\/product"}],"replies":[{"embeddable":true,"href":"https:\/\/iselamendez.mx\/farmacia\/wp-json\/wp\/v2\/comments?post=70482"}],"wp:featuredmedia":[{"embeddable":true,"href":"https:\/\/iselamendez.mx\/farmacia\/wp-json\/wp\/v2\/media\/70483"}],"wp:attachment":[{"href":"https:\/\/iselamendez.mx\/farmacia\/wp-json\/wp\/v2\/media?parent=70482"}],"wp:term":[{"taxonomy":"product_brand","embeddable":true,"href":"https:\/\/iselamendez.mx\/farmacia\/wp-json\/wp\/v2\/product_brand?post=70482"},{"taxonomy":"product_cat","embeddable":true,"href":"https:\/\/iselamendez.mx\/farmacia\/wp-json\/wp\/v2\/product_cat?post=70482"},{"taxonomy":"product_tag","embeddable":true,"href":"https:\/\/iselamendez.mx\/farmacia\/wp-json\/wp\/v2\/product_tag?post=70482"}],"curies":[{"name":"wp","href":"https:\/\/api.w.org\/{rel}","templated":true}]}}