{"id":70484,"date":"2026-03-10T12:38:58","date_gmt":"2026-03-10T18:38:58","guid":{"rendered":"https:\/\/iselamendez.mx\/farmacia\/?post_type=product&#038;p=70484"},"modified":"2026-04-25T12:05:59","modified_gmt":"2026-04-25T18:05:59","slug":"sensilis-night-treatment-mascara-para-pestanas-y-cejas-12ml","status":"publish","type":"product","link":"https:\/\/iselamendez.mx\/farmacia\/tienda\/zona-del-cuerpo\/cejas\/sensilis-night-treatment-mascara-para-pestanas-y-cejas-12ml\/","title":{"rendered":"Sensilis Night Treatment Mascara para Pesta\u00f1as y Cejas 12ml"},"content":{"rendered":"<h3><strong>Sensilis Night Treatment Mascara para Pesta\u00f1as y Cejas 12ml<\/strong><\/h3>\n<h4 data-start=\"0\" data-end=\"59\"><strong>Sensilis Night Treatment Mascara for Eyelashes and Eyebrows<\/strong><\/h4>\n<p data-start=\"84\" data-end=\"526\">tratamiento reparador nocturno dise\u00f1ado para <strong data-start=\"199\" data-end=\"269\">fortalecer, nutrir y revitalizar pesta\u00f1as y cejas mientras duermes<\/strong>. Desarrollado por la marca dermocosm\u00e9tica <span class=\"hover:entity-accent entity-underline inline cursor-pointer align-baseline\"><span class=\"whitespace-normal\">Sensilis<\/span><\/span>, este producto act\u00faa durante la noche para mejorar la apariencia del vello, ayudando a que las pesta\u00f1as y cejas luzcan <strong data-start=\"469\" data-end=\"505\">m\u00e1s fuertes, densas y saludables<\/strong> con el uso continuo.<\/p>\n<p data-start=\"528\" data-end=\"931\">Su f\u00f3rmula especializada combina <strong data-start=\"561\" data-end=\"611\">ingredientes acondicionadores y fortalecedores<\/strong> que ayudan a reparar los da\u00f1os causados por el maquillaje frecuente, el desmaquillado agresivo o factores ambientales. Gracias a su textura ligera tipo s\u00e9rum en formato m\u00e1scara, el producto se aplica f\u00e1cilmente con un cepillo de precisi\u00f3n que distribuye el tratamiento de manera uniforme desde la ra\u00edz hasta las puntas.<\/p>\n<p data-start=\"933\" data-end=\"1339\">Durante el descanso nocturno, los activos act\u00faan profundamente para <strong data-start=\"1001\" data-end=\"1085\">hidratar, reforzar la fibra capilar y mejorar la resistencia de pesta\u00f1as y cejas<\/strong>, reduciendo la apariencia de fragilidad y ayudando a mantenerlas m\u00e1s disciplinadas y definidas. Adem\u00e1s, su f\u00f3rmula es <strong data-start=\"1204\" data-end=\"1269\">adecuada para ojos sensibles y usuarios de lentes de contacto<\/strong>, siguiendo los est\u00e1ndares dermatol\u00f3gicos caracter\u00edsticos de Sensilis.<\/p>\n<p data-start=\"1341\" data-end=\"1527\">Utilizado de forma constante, <strong data-start=\"1371\" data-end=\"1407\">Sensilis Night Treatment Mascara<\/strong> contribuye a mejorar la apariencia general de pesta\u00f1as y cejas, favoreciendo un aspecto m\u00e1s cuidado, denso y saludable.<\/p>\n<hr data-start=\"1529\" data-end=\"1532\" \/>\n<h4 data-start=\"1534\" data-end=\"1547\">Beneficios<\/h4>\n<ul data-start=\"1548\" data-end=\"2126\">\n<li data-start=\"1548\" data-end=\"1608\">\n<p data-start=\"1550\" data-end=\"1608\">Tratamiento nocturno que <strong data-start=\"1575\" data-end=\"1605\">fortalece pesta\u00f1as y cejas<\/strong>.<\/p>\n<\/li>\n<li data-start=\"1609\" data-end=\"1662\">\n<p data-start=\"1611\" data-end=\"1662\">Ayuda a <strong data-start=\"1619\" data-end=\"1659\">nutrir y reparar el vello debilitado<\/strong>.<\/p>\n<\/li>\n<li data-start=\"1663\" data-end=\"1727\">\n<p data-start=\"1665\" data-end=\"1727\">Mejora la apariencia de <strong data-start=\"1689\" data-end=\"1724\">pesta\u00f1as fr\u00e1giles o quebradizas<\/strong>.<\/p>\n<\/li>\n<li data-start=\"1728\" data-end=\"1781\">\n<p data-start=\"1730\" data-end=\"1781\">Favorece cejas <strong data-start=\"1745\" data-end=\"1778\">m\u00e1s disciplinadas y definidas<\/strong>.<\/p>\n<\/li>\n<li data-start=\"1782\" data-end=\"1846\">\n<p data-start=\"1784\" data-end=\"1846\">Contribuye a un aspecto <strong data-start=\"1808\" data-end=\"1833\">m\u00e1s denso y saludable<\/strong> del vello.<\/p>\n<\/li>\n<li data-start=\"1847\" data-end=\"1897\">\n<p data-start=\"1849\" data-end=\"1897\">Textura ligera tipo s\u00e9rum de f\u00e1cil aplicaci\u00f3n.<\/p>\n<\/li>\n<li data-start=\"1898\" data-end=\"1981\">\n<p data-start=\"1900\" data-end=\"1981\">Aplicador tipo m\u00e1scara que facilita una <strong data-start=\"1940\" data-end=\"1978\">distribuci\u00f3n uniforme del producto<\/strong>.<\/p>\n<\/li>\n<li data-start=\"1982\" data-end=\"2052\">\n<p data-start=\"1984\" data-end=\"2052\">Adecuado para <strong data-start=\"1998\" data-end=\"2016\">ojos sensibles<\/strong> y usuarios de lentes de contacto.<\/p>\n<\/li>\n<li data-start=\"2053\" data-end=\"2126\">\n<p data-start=\"2055\" data-end=\"2126\">Ideal como tratamiento complementario a rutinas de cuidado de pesta\u00f1as.<\/p>\n<\/li>\n<\/ul>\n<hr data-start=\"2128\" data-end=\"2131\" \/>\n<h4 data-start=\"2133\" data-end=\"2148\">Ingredientes<\/h4>\n<p data-start=\"2149\" data-end=\"2177\"><strong data-start=\"2149\" data-end=\"2177\">Ingredientes principales<\/strong><\/p>\n<ul data-start=\"2179\" data-end=\"2447\">\n<li data-start=\"2179\" data-end=\"2258\">\n<p data-start=\"2181\" data-end=\"2258\"><strong data-start=\"2181\" data-end=\"2212\">Pro-vitamina B5 (Pantenol):<\/strong> ayuda a fortalecer y acondicionar el vello.<\/p>\n<\/li>\n<li data-start=\"2259\" data-end=\"2360\">\n<p data-start=\"2261\" data-end=\"2360\"><strong data-start=\"2261\" data-end=\"2285\">Agentes hidratantes:<\/strong> contribuyen a mejorar la flexibilidad y resistencia de pesta\u00f1as y cejas.<\/p>\n<\/li>\n<li data-start=\"2361\" data-end=\"2447\">\n<p data-start=\"2363\" data-end=\"2447\"><strong data-start=\"2363\" data-end=\"2394\">Pol\u00edmeros acondicionadores:<\/strong> ayudan a mejorar la apariencia y suavidad del vello.<\/p>\n<\/li>\n<\/ul>\n<p data-start=\"2449\" data-end=\"2643\"><strong data-start=\"2449\" data-end=\"2484\">INCI (puede variar seg\u00fan lote):<\/strong><br data-start=\"2484\" data-end=\"2487\" \/>Aqua (Water), Butylene Glycol, Panthenol, Glycerin, Acrylates Copolymer, Hydroxyethylcellulose, Phenoxyethanol, Caprylyl Glycol, Disodium EDTA, Citric Acid.<\/p>\n<hr data-start=\"2645\" data-end=\"2648\" \/>\n<h4 data-start=\"2650\" data-end=\"2662\">C\u00f3mo usar<\/h4>\n<ol data-start=\"2663\" data-end=\"3006\">\n<li data-start=\"2663\" data-end=\"2741\">\n<p data-start=\"2666\" data-end=\"2741\">Aplicar por la noche sobre <strong data-start=\"2693\" data-end=\"2738\">pesta\u00f1as y cejas limpias y desmaquilladas<\/strong>.<\/p>\n<\/li>\n<li data-start=\"2742\" data-end=\"2846\">\n<p data-start=\"2745\" data-end=\"2846\">Utilizar el cepillo para distribuir el producto <strong data-start=\"2793\" data-end=\"2843\">desde la ra\u00edz hasta las puntas de las pesta\u00f1as<\/strong>.<\/p>\n<\/li>\n<li data-start=\"2847\" data-end=\"2896\">\n<p data-start=\"2850\" data-end=\"2896\">Peinar las cejas siguiendo su forma natural.<\/p>\n<\/li>\n<li data-start=\"2897\" data-end=\"2937\">\n<p data-start=\"2900\" data-end=\"2937\">Dejar actuar durante toda la noche.<\/p>\n<\/li>\n<li data-start=\"2938\" data-end=\"3006\">\n<p data-start=\"2941\" data-end=\"3006\">Utilizar diariamente como parte de la rutina de cuidado nocturno.<\/p>\n<\/li>\n<\/ol>\n<p data-start=\"3008\" data-end=\"3083\">Para mejores resultados, utilizar de forma continua durante varias semanas.<\/p>\n<hr data-start=\"3085\" data-end=\"3088\" \/>\n<h4 data-start=\"3090\" data-end=\"3112\">Llamada a la acci\u00f3n<\/h4>\n<p data-start=\"3113\" data-end=\"3437\">Refuerza y cuida la belleza natural de tus pesta\u00f1as y cejas con <strong data-start=\"3177\" data-end=\"3240\">Sensilis Night Treatment Mascara for Eyelashes and Eyebrows<\/strong>.<br data-start=\"3241\" data-end=\"3244\" \/>Encuentra este tratamiento dermocosm\u00e9tico original en <strong data-start=\"3298\" data-end=\"3332\">Farmacia en L\u00ednea Isela M\u00e9ndez<\/strong>, donde podr\u00e1s adquirir productos dermatol\u00f3gicos de alta calidad para tu rutina de cuidado especializado.<\/p>\n<div class=\"TyagGW_tableContainer\">\n<div class=\"group TyagGW_tableWrapper flex flex-col-reverse w-fit\" tabindex=\"-1\"><\/div>\n<\/div>\n","protected":false},"excerpt":{"rendered":"<p>Tratamiento nocturno Sensilis que fortalece y nutre pesta\u00f1as y cejas mientras duermes, ayudando a mejorar su densidad y apariencia.<\/p>\n","protected":false},"featured_media":70486,"comment_status":"open","ping_status":"closed","template":"","meta":[],"product_brand":[386],"product_cat":[146,516,264,145,305],"product_tag":[],"class_list":{"0":"post-70484","1":"product","2":"type-product","3":"status-publish","4":"has-post-thumbnail","6":"product_brand-sensilis","7":"product_cat-cejas","8":"product_cat-mascara-de-pestanas-tipo-de-producto","9":"product_cat-mascara-de-pestanas","10":"product_cat-pestanas","11":"product_cat-sensilis","13":"first","14":"instock","15":"shipping-taxable","16":"purchasable","17":"product-type-simple"},"aioseo_notices":[],"_links":{"self":[{"href":"https:\/\/iselamendez.mx\/farmacia\/wp-json\/wp\/v2\/product\/70484","targetHints":{"allow":["GET"]}}],"collection":[{"href":"https:\/\/iselamendez.mx\/farmacia\/wp-json\/wp\/v2\/product"}],"about":[{"href":"https:\/\/iselamendez.mx\/farmacia\/wp-json\/wp\/v2\/types\/product"}],"replies":[{"embeddable":true,"href":"https:\/\/iselamendez.mx\/farmacia\/wp-json\/wp\/v2\/comments?post=70484"}],"wp:featuredmedia":[{"embeddable":true,"href":"https:\/\/iselamendez.mx\/farmacia\/wp-json\/wp\/v2\/media\/70486"}],"wp:attachment":[{"href":"https:\/\/iselamendez.mx\/farmacia\/wp-json\/wp\/v2\/media?parent=70484"}],"wp:term":[{"taxonomy":"product_brand","embeddable":true,"href":"https:\/\/iselamendez.mx\/farmacia\/wp-json\/wp\/v2\/product_brand?post=70484"},{"taxonomy":"product_cat","embeddable":true,"href":"https:\/\/iselamendez.mx\/farmacia\/wp-json\/wp\/v2\/product_cat?post=70484"},{"taxonomy":"product_tag","embeddable":true,"href":"https:\/\/iselamendez.mx\/farmacia\/wp-json\/wp\/v2\/product_tag?post=70484"}],"curies":[{"name":"wp","href":"https:\/\/api.w.org\/{rel}","templated":true}]}}