{"id":71114,"date":"2026-03-25T15:11:09","date_gmt":"2026-03-25T21:11:09","guid":{"rendered":"https:\/\/iselamendez.mx\/farmacia\/?post_type=product&#038;p=71114"},"modified":"2026-05-05T12:09:12","modified_gmt":"2026-05-05T18:09:12","slug":"isela-mendez-facekini-azul-marino-unitalla","status":"publish","type":"product","link":"https:\/\/iselamendez.mx\/farmacia\/tienda\/marcas\/isela-mendez\/isela-mendez-facekini-azul-marino-unitalla\/","title":{"rendered":"Isela M\u00e9ndez Facekini Azul Marino Unitalla"},"content":{"rendered":"<p>M\u00e1scara de protecci\u00f3n solar de cara completa de 3 agujeros, m\u00e1scara de cara fina tipo balaclava para mujeres<\/p>\n","protected":false},"excerpt":{"rendered":"<p>M\u00e1scara de protecci\u00f3n solar de cara completa de 3 agujeros, m\u00e1scara de cara fina tipo balaclava para mujeres<\/p>\n","protected":false},"featured_media":71045,"comment_status":"open","ping_status":"closed","template":"","meta":[],"product_brand":[438],"product_cat":[276,190,83,79,590],"product_tag":[],"class_list":{"0":"post-71114","1":"product","2":"type-product","3":"status-publish","4":"has-post-thumbnail","6":"product_brand-isela-mendez","7":"product_cat-accesorios","8":"product_cat-isela-mendez","9":"product_cat-protector-solar","10":"product_cat-rostro","11":"product_cat-semana-santa","13":"first","14":"outofstock","15":"sale","16":"shipping-taxable","17":"purchasable","18":"product-type-simple"},"aioseo_notices":[],"_links":{"self":[{"href":"https:\/\/iselamendez.mx\/farmacia\/wp-json\/wp\/v2\/product\/71114","targetHints":{"allow":["GET"]}}],"collection":[{"href":"https:\/\/iselamendez.mx\/farmacia\/wp-json\/wp\/v2\/product"}],"about":[{"href":"https:\/\/iselamendez.mx\/farmacia\/wp-json\/wp\/v2\/types\/product"}],"replies":[{"embeddable":true,"href":"https:\/\/iselamendez.mx\/farmacia\/wp-json\/wp\/v2\/comments?post=71114"}],"wp:featuredmedia":[{"embeddable":true,"href":"https:\/\/iselamendez.mx\/farmacia\/wp-json\/wp\/v2\/media\/71045"}],"wp:attachment":[{"href":"https:\/\/iselamendez.mx\/farmacia\/wp-json\/wp\/v2\/media?parent=71114"}],"wp:term":[{"taxonomy":"product_brand","embeddable":true,"href":"https:\/\/iselamendez.mx\/farmacia\/wp-json\/wp\/v2\/product_brand?post=71114"},{"taxonomy":"product_cat","embeddable":true,"href":"https:\/\/iselamendez.mx\/farmacia\/wp-json\/wp\/v2\/product_cat?post=71114"},{"taxonomy":"product_tag","embeddable":true,"href":"https:\/\/iselamendez.mx\/farmacia\/wp-json\/wp\/v2\/product_tag?post=71114"}],"curies":[{"name":"wp","href":"https:\/\/api.w.org\/{rel}","templated":true}]}}