{"id":7177,"date":"2020-10-03T10:16:03","date_gmt":"2020-10-03T15:16:03","guid":{"rendered":"https:\/\/iselamendez.mx\/farmacia\/?post_type=product&#038;p=7177"},"modified":"2026-04-01T14:33:31","modified_gmt":"2026-04-01T20:33:31","slug":"zo-skin-health-pigment-control-creme-80ml","status":"publish","type":"product","link":"https:\/\/iselamendez.mx\/farmacia\/tienda\/funcion\/tratamiento\/despigmentantes\/zo-skin-health-pigment-control-creme-80ml\/","title":{"rendered":"ZO Skin Health Pigment Control Creme 80ml"},"content":{"rendered":"<h4>Zo Skin Health Pigment Control Creme 80ml<\/h4>\n<p>Es una Crema facial, que contiene 4% de hidroquinona y \u00e1cido glic\u00f3lico, es as\u00ed que son utilizados para corregir los trastornos de la pigmentaci\u00f3n; promover la uniformidad del tono de la piel y mitigar las irritaciones que forman los pigmentos.<\/p>\n<p>&nbsp;<\/p>\n<h5>\u00bfC\u00f3mo funciona?<\/h5>\n<div class=\"block\">\n<ul>\n<li>Blanqueamiento gradual de la piel de afecciones cut\u00e1neas hiperpigmentadas: cloasma, melasma, pecas y otras hiperpigmentaciones no deseadas<\/li>\n<li>A su vez ayuda a reducir la irritaci\u00f3n asociada con la hidroquinona.<\/li>\n<li>Tambi\u00e9n Hidrata la piel reci\u00e9n expuesta<\/li>\n<\/ul>\n<\/div>\n<div class=\"block\">\n<div class=\"key-ingredients\">\n<h5><\/h5>\n<h5>Contiene:<\/h5>\n<ul>\n<li>4% de hidroquinona: es decir, suprime la producci\u00f3n de pigmentos<\/li>\n<li>\u00c1cido glic\u00f3lico y \u00e1cido asc\u00f3rbico: Purga la apariencia de la pigmentaci\u00f3n de la superficie.<\/li>\n<li>Glicerina: hidrata la piel reci\u00e9n expuesta<\/li>\n<li>Saponinas: Modula las apariciones no deseadas de la respuesta inflamatoria.<\/li>\n<li>Vitamina E hidroxitolueno butilado: aporta propiedades antioxidantes<\/li>\n<\/ul>\n<\/div>\n<\/div>\n<div class=\"block\">\n<p>&nbsp;<\/p>\n<h5><span class=\"title\">Modo de uso: <\/span><\/h5>\n<p>Aplica en las \u00e1reas afectadas dos veces al d\u00eda o seg\u00fan las indicaciones de un m\u00e9dico.<\/p>\n<p>&nbsp;<\/p>\n<p>Recomendaci\u00f3n:<\/p>\n<p>Despu\u00e9s de la aplicaci\u00f3n de la crema se recomienda utilizar una protecci\u00f3n solar de grado dermatol\u00f3gico con SPF50+<\/p>\n<\/div>\n","protected":false},"excerpt":{"rendered":"<p>Salud es Belleza<\/p>\n<p>Cotizaci\u00f3n bajo receta m\u00e9dica vigente.<\/p>\n","protected":false},"featured_media":7179,"comment_status":"open","ping_status":"closed","template":"","meta":[],"product_brand":[479],"product_cat":[161,154,486,79,71,136],"product_tag":[371],"class_list":{"0":"post-7177","1":"product","2":"type-product","3":"status-publish","4":"has-post-thumbnail","6":"product_brand-zo-skin-health","7":"product_cat-crema-facial-tipo-de-producto","8":"product_cat-despigmentantes","9":"product_cat-promociones-2026","10":"product_cat-rostro","11":"product_cat-tratamiento","12":"product_cat-zo-skin-health","13":"product_tag-zo-skin-health","15":"first","16":"instock","17":"shipping-taxable","18":"purchasable","19":"product-type-simple"},"aioseo_notices":[],"_links":{"self":[{"href":"https:\/\/iselamendez.mx\/farmacia\/wp-json\/wp\/v2\/product\/7177","targetHints":{"allow":["GET"]}}],"collection":[{"href":"https:\/\/iselamendez.mx\/farmacia\/wp-json\/wp\/v2\/product"}],"about":[{"href":"https:\/\/iselamendez.mx\/farmacia\/wp-json\/wp\/v2\/types\/product"}],"replies":[{"embeddable":true,"href":"https:\/\/iselamendez.mx\/farmacia\/wp-json\/wp\/v2\/comments?post=7177"}],"wp:featuredmedia":[{"embeddable":true,"href":"https:\/\/iselamendez.mx\/farmacia\/wp-json\/wp\/v2\/media\/7179"}],"wp:attachment":[{"href":"https:\/\/iselamendez.mx\/farmacia\/wp-json\/wp\/v2\/media?parent=7177"}],"wp:term":[{"taxonomy":"product_brand","embeddable":true,"href":"https:\/\/iselamendez.mx\/farmacia\/wp-json\/wp\/v2\/product_brand?post=7177"},{"taxonomy":"product_cat","embeddable":true,"href":"https:\/\/iselamendez.mx\/farmacia\/wp-json\/wp\/v2\/product_cat?post=7177"},{"taxonomy":"product_tag","embeddable":true,"href":"https:\/\/iselamendez.mx\/farmacia\/wp-json\/wp\/v2\/product_tag?post=7177"}],"curies":[{"name":"wp","href":"https:\/\/api.w.org\/{rel}","templated":true}]}}