{"id":7203,"date":"2020-10-03T13:05:14","date_gmt":"2020-10-03T18:05:14","guid":{"rendered":"https:\/\/iselamendez.mx\/farmacia\/?post_type=product&#038;p=7203"},"modified":"2026-04-01T14:32:58","modified_gmt":"2026-04-01T20:32:58","slug":"zo-skin-health-hydrating-creme-113gr","status":"publish","type":"product","link":"https:\/\/iselamendez.mx\/farmacia\/tienda\/funcion\/tratamiento\/hidratacion\/zo-skin-health-hydrating-creme-113gr\/","title":{"rendered":"ZO Skin Health Hydrating Creme 113gr"},"content":{"rendered":"<p><a href=\"https:\/\/www.zoskinhealth.es\/zo-skin-health\/hydrating-creme\/\">Zo Skin Health Hydrating<\/a> Creme 113gr\u00a0 es la crema hidratante antiinflamatoria indicada en caso de tener piel extremadamente seca; sensibilizadas por el uso del retinol o con brotes eczem\u00e1ticos y\/o dermatitis at\u00f3pica. Como resultado alivia los s\u00edntomas y fortalecer la funci\u00f3n barrera de la piel.<\/p>\n<p><strong>\u00bfC\u00f3mo funciona?<\/strong><\/p>\n<p>Favorece la integridad de la funci\u00f3n barrera; Tambi\u00e9n Mejora la sequedad y textura rugosa de la piel; Mitiga la inflamaci\u00f3n y reduce el enrojecimiento; Reduce el escozor\u00a0 como resultado regula la hidrataci\u00f3n natural; A su vez, potencia la proliferaci\u00f3n celular mejorando la cicatrizaci\u00f3n; Reduce en intensidad y frecuencia los brotes eczem\u00e1ticos y por ultimo, aporta antioxidantes<\/p>\n<p><strong>Modo de Uso:<\/strong><\/p>\n<p>V\u00eda T\u00f3pica, aplicar de acuerdo a la recomendaci\u00f3n m\u00e9dica.<\/p>\n<p class=\"zoskin\"><strong>\u00bfQu\u00e9 contiene Zo Skin Health Hydrating Creme 113gr?<\/strong><\/p>\n<ul>\n<li>Extracto de ra\u00edz de Ophiopogon Japonicus que refuerza la funci\u00f3n barrera de la piel<\/li>\n<li>Betaglucanos: suaviza y mejora la textura de la piel<\/li>\n<li>Extracto de avena (1%): disminuye la inflamaci\u00f3n<\/li>\n<li>Glicerina y Tetrap\u00e9ptido-21: favorece el factor de hidrataci\u00f3n Natural<\/li>\n<li>Myristoil pentap\u00e9ptido-11: interviene en la regeneraci\u00f3n tisular acelerando la cicatrizaci\u00f3n<\/li>\n<li>ZOX12TM: Aporta carga antioxidante para prevenir el da\u00f1o radical<\/li>\n<\/ul>\n<p>Se recomienda utilizar un protector solar, prueba con: <a href=\"https:\/\/iselamendez.mx\/farmacia\/tienda\/marcas\/zo-skin-health\/zo-skin-health-oclipse-sunscreen-spf-30-30ml\/\">Zo Skin Health Oclipse<\/a><\/p>\n<p>&nbsp;<\/p>\n<p style=\"text-align: center;\">Favor de mantener \u00e9ste producto en su envase original, bien cerrado y fuera del alcance de los ni\u00f1os.<br \/>\nAlmac\u00e9nelo a temperatura ambiente y lejos del calor excesivo y la humedad.<\/p>\n<h6>Cotizaci\u00f3n bajo receta m\u00e9dica vigente.<\/h6>\n","protected":false},"excerpt":{"rendered":"<p>Salud es Belleza<\/p>\n<p>Cotizaci\u00f3n bajo receta m\u00e9dica vigente.<\/p>\n","protected":false},"featured_media":7208,"comment_status":"open","ping_status":"closed","template":"","meta":[],"product_brand":[479],"product_cat":[161,157,486,79,71,136],"product_tag":[371],"class_list":{"0":"post-7203","1":"product","2":"type-product","3":"status-publish","4":"has-post-thumbnail","6":"product_brand-zo-skin-health","7":"product_cat-crema-facial-tipo-de-producto","8":"product_cat-hidratacion","9":"product_cat-promociones-2026","10":"product_cat-rostro","11":"product_cat-tratamiento","12":"product_cat-zo-skin-health","13":"product_tag-zo-skin-health","15":"first","16":"instock","17":"shipping-taxable","18":"purchasable","19":"product-type-simple"},"aioseo_notices":[],"_links":{"self":[{"href":"https:\/\/iselamendez.mx\/farmacia\/wp-json\/wp\/v2\/product\/7203","targetHints":{"allow":["GET"]}}],"collection":[{"href":"https:\/\/iselamendez.mx\/farmacia\/wp-json\/wp\/v2\/product"}],"about":[{"href":"https:\/\/iselamendez.mx\/farmacia\/wp-json\/wp\/v2\/types\/product"}],"replies":[{"embeddable":true,"href":"https:\/\/iselamendez.mx\/farmacia\/wp-json\/wp\/v2\/comments?post=7203"}],"wp:featuredmedia":[{"embeddable":true,"href":"https:\/\/iselamendez.mx\/farmacia\/wp-json\/wp\/v2\/media\/7208"}],"wp:attachment":[{"href":"https:\/\/iselamendez.mx\/farmacia\/wp-json\/wp\/v2\/media?parent=7203"}],"wp:term":[{"taxonomy":"product_brand","embeddable":true,"href":"https:\/\/iselamendez.mx\/farmacia\/wp-json\/wp\/v2\/product_brand?post=7203"},{"taxonomy":"product_cat","embeddable":true,"href":"https:\/\/iselamendez.mx\/farmacia\/wp-json\/wp\/v2\/product_cat?post=7203"},{"taxonomy":"product_tag","embeddable":true,"href":"https:\/\/iselamendez.mx\/farmacia\/wp-json\/wp\/v2\/product_tag?post=7203"}],"curies":[{"name":"wp","href":"https:\/\/api.w.org\/{rel}","templated":true}]}}