{"id":7934,"date":"2020-11-02T16:29:15","date_gmt":"2020-11-02T22:29:15","guid":{"rendered":"https:\/\/iselamendez.mx\/farmacia\/?post_type=product&#038;p=7934"},"modified":"2026-04-11T16:17:56","modified_gmt":"2026-04-11T22:17:56","slug":"panalab-aminoter-mask-140g","status":"publish","type":"product","link":"https:\/\/iselamendez.mx\/farmacia\/tienda\/funcion\/tratamiento\/crecimiento-capilar\/panalab-aminoter-mask-140g\/","title":{"rendered":"Aminoter Mask Mascarilla Capilar 140g"},"content":{"rendered":"<p>Panalab Aminoter Mask 140g es una crema para peinare que adem\u00e1s de desenredar el pelo, le aporta hidrataci\u00f3n, nutrientes y\u00a0 protecci\u00f3n de agresiones externas; As\u00ed mismo previene la aparici\u00f3n de puntas abiertas, fomenta el crecimiento del cabello y elimina el frizz.<\/p>\n<h5>\u00bfC\u00f3mo act\u00faa?<\/h5>\n<p>Es el mejor producto para lucir un cabello sano y fuerte, con permiso del acondicionador o el champ\u00fa. Las mascarillas capilares tienen multitud de beneficios entre los que destacan la hidrataci\u00f3n, la luminosidad y el brillo. Adem\u00e1s, protegen tu cabello de los da\u00f1os causados por te\u00f1irlo o por someterlo a los efectos de sol, evita el encrespamiento, previene su ca\u00edda y refuerza el riego capilar. \u00a1Ya no hay excusa para no utilizarlas!<\/p>\n<p class=\"body-text\">Al igual que ocurre con la piel, cada cabello es un mundo por lo que no todas las mascarillas te resultar\u00e1n igual de beneficiosas. Es esencial que identifiques tu tipo de melena y que, a partir de ah\u00ed, escojas la mascarilla que mejor vaya contigo.<\/p>\n<p class=\"body-text\">Es un producto que estimula el crecimiento de cabello y no solo eso, si no tambi\u00e9n aporta volumen, flexibilidad, brillo natural, incrementa el grosor y da resistencia al cabello.<\/p>\n<h5>Modo de uso:<\/h5>\n<p>Aplica Panalab Aminoter Mask 140g todos los d\u00edas la cantidad requerida en el pelo completamente seco o h\u00famedo pero eliminando el exceso de agua.<\/p>\n<p>echa un vistazo a nuestros productos de <a href=\"https:\/\/iselamendez.mx\/farmacia\/categoria-producto\/marcas\/panalab\/\">Aminoter<\/a> para mejores resultados.<\/p>\n<p>&nbsp;<\/p>\n<p style=\"text-align: center\">Favor de mantener \u00e9ste producto en su envase original, bien cerrado y fuera del alcance de los ni\u00f1os.<br \/>\nAlmac\u00e9nelo a temperatura ambiente y lejos del calor excesivo y la humedad.<\/p>\n<p>&nbsp;<\/p>\n","protected":false},"excerpt":{"rendered":"<p>Salud es Belleza<\/p>\n","protected":false},"featured_media":7937,"comment_status":"open","ping_status":"closed","template":"","meta":[],"product_brand":[455],"product_cat":[112,151,107,116,71],"product_tag":[],"class_list":{"0":"post-7934","1":"product","2":"type-product","3":"status-publish","4":"has-post-thumbnail","6":"product_brand-panalab","7":"product_cat-cabeza","8":"product_cat-crecimiento-capilar","9":"product_cat-mascarilla","10":"product_cat-panalab","11":"product_cat-tratamiento","13":"first","14":"instock","15":"shipping-taxable","16":"purchasable","17":"product-type-simple"},"aioseo_notices":[],"_links":{"self":[{"href":"https:\/\/iselamendez.mx\/farmacia\/wp-json\/wp\/v2\/product\/7934","targetHints":{"allow":["GET"]}}],"collection":[{"href":"https:\/\/iselamendez.mx\/farmacia\/wp-json\/wp\/v2\/product"}],"about":[{"href":"https:\/\/iselamendez.mx\/farmacia\/wp-json\/wp\/v2\/types\/product"}],"replies":[{"embeddable":true,"href":"https:\/\/iselamendez.mx\/farmacia\/wp-json\/wp\/v2\/comments?post=7934"}],"wp:featuredmedia":[{"embeddable":true,"href":"https:\/\/iselamendez.mx\/farmacia\/wp-json\/wp\/v2\/media\/7937"}],"wp:attachment":[{"href":"https:\/\/iselamendez.mx\/farmacia\/wp-json\/wp\/v2\/media?parent=7934"}],"wp:term":[{"taxonomy":"product_brand","embeddable":true,"href":"https:\/\/iselamendez.mx\/farmacia\/wp-json\/wp\/v2\/product_brand?post=7934"},{"taxonomy":"product_cat","embeddable":true,"href":"https:\/\/iselamendez.mx\/farmacia\/wp-json\/wp\/v2\/product_cat?post=7934"},{"taxonomy":"product_tag","embeddable":true,"href":"https:\/\/iselamendez.mx\/farmacia\/wp-json\/wp\/v2\/product_tag?post=7934"}],"curies":[{"name":"wp","href":"https:\/\/api.w.org\/{rel}","templated":true}]}}