{"id":8047,"date":"2020-11-06T12:44:52","date_gmt":"2020-11-06T18:44:52","guid":{"rendered":"https:\/\/iselamendez.mx\/farmacia\/?post_type=product&#038;p=8047"},"modified":"2026-04-22T15:27:13","modified_gmt":"2026-04-22T21:27:13","slug":"is-clinical-pro-heal-serum-30ml","status":"publish","type":"product","link":"https:\/\/iselamendez.mx\/farmacia\/tienda\/funcion\/tratamiento\/piel-sensible\/is-clinical-pro-heal-serum-30ml\/","title":{"rendered":"IS Clinical Pro-Heal Serum 30ml"},"content":{"rendered":"<p>IS Clinical Pro-Heal Serum 30ml rico en antioxidantes que combina la vitamina C con una mezcla de ingredientes bot\u00e1nicos para tratar el acn\u00e9, la ros\u00e1cea, la dermatitis de contacto e incluso las picaduras de insectos.<\/p>\n<pre style=\"text-align: center;\">ideal para pieles sensibles, comprometidas y enfermas.<\/pre>\n<h5>\u00bfC\u00f3mo act\u00faa?<\/h5>\n<p>El extracto de hoja de olivo trabaja con la vitamina C (\u00e1cido L-asc\u00f3rbico) para proporcionar la m\u00e1xima protecci\u00f3n antioxidante y beneficios para la salud.<\/p>\n<ul>\n<li>Por otro lado el sulfato de zinc reduce la inflamaci\u00f3n<\/li>\n<li>el \u00e1cido k\u00f3jico previene las imperfecciones<\/li>\n<li>las vitaminas E y A acondicionan, nutren y neutralizan los radicales libres.<\/li>\n<\/ul>\n<h5>Modo de Uso<\/h5>\n<p>Despu\u00e9s de tu rutina habitual de <a href=\"https:\/\/iselamendez.mx\/farmacia\/categoria-producto\/funcion\/limpieza\/\">limpieza<\/a> aplicar <em>IS Clinical Pro-Heal Serum 30ml<\/em> de 3 a 5 gotas por la ma\u00f1ana y por la noche, extender bien en cara, cuello y escote hasta su completa absorci\u00f3n.<\/p>\n","protected":false},"excerpt":{"rendered":"<p>Salud es Belleza<\/p>\n","protected":false},"featured_media":8048,"comment_status":"open","ping_status":"closed","template":"","meta":[],"product_brand":[435],"product_cat":[138,113,153,79,69,71],"product_tag":[],"class_list":{"0":"post-8047","1":"product","2":"type-product","3":"status-publish","4":"has-post-thumbnail","6":"product_brand-is-clinical","7":"product_cat-is-clinical","8":"product_cat-piel-sensible","9":"product_cat-acne","10":"product_cat-rostro","11":"product_cat-suero","12":"product_cat-tratamiento","14":"first","15":"instock","16":"shipping-taxable","17":"purchasable","18":"product-type-simple"},"aioseo_notices":[],"_links":{"self":[{"href":"https:\/\/iselamendez.mx\/farmacia\/wp-json\/wp\/v2\/product\/8047","targetHints":{"allow":["GET"]}}],"collection":[{"href":"https:\/\/iselamendez.mx\/farmacia\/wp-json\/wp\/v2\/product"}],"about":[{"href":"https:\/\/iselamendez.mx\/farmacia\/wp-json\/wp\/v2\/types\/product"}],"replies":[{"embeddable":true,"href":"https:\/\/iselamendez.mx\/farmacia\/wp-json\/wp\/v2\/comments?post=8047"}],"wp:featuredmedia":[{"embeddable":true,"href":"https:\/\/iselamendez.mx\/farmacia\/wp-json\/wp\/v2\/media\/8048"}],"wp:attachment":[{"href":"https:\/\/iselamendez.mx\/farmacia\/wp-json\/wp\/v2\/media?parent=8047"}],"wp:term":[{"taxonomy":"product_brand","embeddable":true,"href":"https:\/\/iselamendez.mx\/farmacia\/wp-json\/wp\/v2\/product_brand?post=8047"},{"taxonomy":"product_cat","embeddable":true,"href":"https:\/\/iselamendez.mx\/farmacia\/wp-json\/wp\/v2\/product_cat?post=8047"},{"taxonomy":"product_tag","embeddable":true,"href":"https:\/\/iselamendez.mx\/farmacia\/wp-json\/wp\/v2\/product_tag?post=8047"}],"curies":[{"name":"wp","href":"https:\/\/api.w.org\/{rel}","templated":true}]}}