{"id":8198,"date":"2020-11-10T17:23:12","date_gmt":"2020-11-10T23:23:12","guid":{"rendered":"https:\/\/iselamendez.mx\/farmacia\/?post_type=product&#038;p=8198"},"modified":"2026-04-21T23:03:55","modified_gmt":"2026-04-22T05:03:55","slug":"svr-hydracid-c20-crema-30ml","status":"publish","type":"product","link":"https:\/\/iselamendez.mx\/farmacia\/tienda\/funcion\/tratamiento\/anti-edad\/svr-hydracid-c20-crema-30ml\/","title":{"rendered":"SVR Hydracid C20 Crema 30ml"},"content":{"rendered":"<h4>SVR Hydracid C20 Crema 30ml<\/h4>\n<p>Es una crema en gel altamente concentrada en Vitamina C y \u00e1cido hialur\u00f3nico para energizar las pieles cansadas, apagadas y con arrugas.<\/p>\n<p style=\"text-align: center;\">La piel queda firme, uniforme y luminosa<\/p>\n<h5 style=\"text-align: left;\">\u00bfC\u00f3mo act\u00faa?<\/h5>\n<p>Con sus activos<\/p>\n<p>SVR Hydracid C20 Crema 30ml est\u00e1 cuidadosamente formulada con activos dermatol\u00f3gicos, recarga la piel de energ\u00eda:<br \/>\n\u2022 Con la Vitamina C optimizada al 20% genera una potente dosis de antioxidantes, a su vez protege contra el envejecimiento. por ultimo ilumina la piel.<br \/>\n\u2022 \u00c1cido hialur\u00f3nico de alto peso molecular: reserva de agua, hidrata y rellena la piel.<\/p>\n<h5><\/h5>\n<h5>Modo de Uso:<\/h5>\n<p>Aplicar por la ma\u00f1ana y\/o noche en rostro, cuello y escote. No fotosensibilizante.<\/p>\n","protected":false},"excerpt":{"rendered":"<p>Salud es Belleza<\/p>\n","protected":false},"featured_media":8202,"comment_status":"open","ping_status":"closed","template":"","meta":[],"product_brand":[474],"product_cat":[152,161,157,486,79,32,71],"product_tag":[368],"class_list":{"0":"post-8198","1":"product","2":"type-product","3":"status-publish","4":"has-post-thumbnail","6":"product_brand-svr","7":"product_cat-anti-edad","8":"product_cat-crema-facial-tipo-de-producto","9":"product_cat-hidratacion","10":"product_cat-promociones-2026","11":"product_cat-rostro","12":"product_cat-svr","13":"product_cat-tratamiento","14":"product_tag-svr","16":"first","17":"instock","18":"shipping-taxable","19":"purchasable","20":"product-type-simple"},"aioseo_notices":[],"_links":{"self":[{"href":"https:\/\/iselamendez.mx\/farmacia\/wp-json\/wp\/v2\/product\/8198","targetHints":{"allow":["GET"]}}],"collection":[{"href":"https:\/\/iselamendez.mx\/farmacia\/wp-json\/wp\/v2\/product"}],"about":[{"href":"https:\/\/iselamendez.mx\/farmacia\/wp-json\/wp\/v2\/types\/product"}],"replies":[{"embeddable":true,"href":"https:\/\/iselamendez.mx\/farmacia\/wp-json\/wp\/v2\/comments?post=8198"}],"wp:featuredmedia":[{"embeddable":true,"href":"https:\/\/iselamendez.mx\/farmacia\/wp-json\/wp\/v2\/media\/8202"}],"wp:attachment":[{"href":"https:\/\/iselamendez.mx\/farmacia\/wp-json\/wp\/v2\/media?parent=8198"}],"wp:term":[{"taxonomy":"product_brand","embeddable":true,"href":"https:\/\/iselamendez.mx\/farmacia\/wp-json\/wp\/v2\/product_brand?post=8198"},{"taxonomy":"product_cat","embeddable":true,"href":"https:\/\/iselamendez.mx\/farmacia\/wp-json\/wp\/v2\/product_cat?post=8198"},{"taxonomy":"product_tag","embeddable":true,"href":"https:\/\/iselamendez.mx\/farmacia\/wp-json\/wp\/v2\/product_tag?post=8198"}],"curies":[{"name":"wp","href":"https:\/\/api.w.org\/{rel}","templated":true}]}}