{"id":8230,"date":"2020-11-12T10:57:40","date_gmt":"2020-11-12T16:57:40","guid":{"rendered":"https:\/\/iselamendez.mx\/farmacia\/?post_type=product&#038;p=8230"},"modified":"2026-04-25T12:05:59","modified_gmt":"2026-04-25T18:05:59","slug":"sesderma-estryses-locion-antiestrias","status":"publish","type":"product","link":"https:\/\/iselamendez.mx\/farmacia\/tienda\/funcion\/tratamiento\/gel-estilizador\/sesderma-estryses-locion-antiestrias\/","title":{"rendered":"Sesderma Estryses Locion Antiestrias 200mL"},"content":{"rendered":"<p>Sesderma Estryses Loci\u00f3n Antiestr\u00edas \u00a0Previene, combate y repara las estr\u00edas de distensi\u00f3n producidas por embarazos, lactancia, obesidad, dietas, periodos de crecimiento (pubertad), deporte, etc.<\/p>\n<p>&nbsp;<\/p>\n<h5>\u00bfC\u00f3mo act\u00faa?<\/h5>\n<p>Estryses es una loci\u00f3n con una f\u00f3rmula \u00fanica que reduce la profundidad, longitud y aspereza de las marcas originadas por las estr\u00edas de distensi\u00f3n. Estryses contiene un complejo de ingredientes reductores de estr\u00edas que act\u00faan hidratando, reactivando la piel, aumentando su resistencia y elasticidad, reduciendo la flacidez y estimulando la s\u00edntesis de col\u00e1geno. Combate la rigidez de las fibras, ya que mejora la elasticidad de la piel, reduce la flacidez y aten\u00faa las estr\u00edas.<\/p>\n","protected":false},"excerpt":{"rendered":"<p>Salud de Belleza<\/p>\n","protected":false},"featured_media":8233,"comment_status":"open","ping_status":"closed","template":"","meta":[],"product_brand":[465],"product_cat":[80,72,84,486,50,71],"product_tag":[366],"class_list":{"0":"post-8230","1":"product","2":"type-product","3":"status-publish","4":"has-post-thumbnail","6":"product_brand-sesderma","7":"product_cat-cuerpo","8":"product_cat-gel-estilizador","9":"product_cat-locion","10":"product_cat-promociones-2026","11":"product_cat-sesderma","12":"product_cat-tratamiento","13":"product_tag-sesderma","15":"first","16":"instock","17":"shipping-taxable","18":"purchasable","19":"product-type-simple"},"aioseo_notices":[],"_links":{"self":[{"href":"https:\/\/iselamendez.mx\/farmacia\/wp-json\/wp\/v2\/product\/8230","targetHints":{"allow":["GET"]}}],"collection":[{"href":"https:\/\/iselamendez.mx\/farmacia\/wp-json\/wp\/v2\/product"}],"about":[{"href":"https:\/\/iselamendez.mx\/farmacia\/wp-json\/wp\/v2\/types\/product"}],"replies":[{"embeddable":true,"href":"https:\/\/iselamendez.mx\/farmacia\/wp-json\/wp\/v2\/comments?post=8230"}],"wp:featuredmedia":[{"embeddable":true,"href":"https:\/\/iselamendez.mx\/farmacia\/wp-json\/wp\/v2\/media\/8233"}],"wp:attachment":[{"href":"https:\/\/iselamendez.mx\/farmacia\/wp-json\/wp\/v2\/media?parent=8230"}],"wp:term":[{"taxonomy":"product_brand","embeddable":true,"href":"https:\/\/iselamendez.mx\/farmacia\/wp-json\/wp\/v2\/product_brand?post=8230"},{"taxonomy":"product_cat","embeddable":true,"href":"https:\/\/iselamendez.mx\/farmacia\/wp-json\/wp\/v2\/product_cat?post=8230"},{"taxonomy":"product_tag","embeddable":true,"href":"https:\/\/iselamendez.mx\/farmacia\/wp-json\/wp\/v2\/product_tag?post=8230"}],"curies":[{"name":"wp","href":"https:\/\/api.w.org\/{rel}","templated":true}]}}