{"id":8533,"date":"2020-11-30T18:21:09","date_gmt":"2020-12-01T00:21:09","guid":{"rendered":"https:\/\/iselamendez.mx\/farmacia\/?post_type=product&#038;p=8533"},"modified":"2026-04-15T10:38:40","modified_gmt":"2026-04-15T16:38:40","slug":"revitalash-advanced-3-5ml","status":"publish","type":"product","link":"https:\/\/iselamendez.mx\/farmacia\/tienda\/tipo-de-producto\/gel\/revitalash-advanced-3-5ml\/","title":{"rendered":"Revitalash Advanced 3.5ml"},"content":{"rendered":"<p>Revitalash Advanced 3.5ml es el primer <b>tratamiento para pesta\u00f1as<\/b> acondicionador y fortalecedor. Tratamiento de 6 meses para Pesta\u00f1as que contiene p\u00e9ptidos poderosos e infusiones bot\u00e1nicas.<\/p>\n<pre style=\"text-align: center;\">Apto para veganos y Libre de crueldad (Cruelty Free)<\/pre>\n<h5>\u00bfC\u00f3mo act\u00faa?<\/h5>\n<div class=\"description html_content\">\n<p>Este tratamiento para pesta\u00f1as galardonado es una mezcla patentada que cuenta con una tecnolog\u00eda cient\u00edficamente avanzada. Elaborado con p\u00e9ptidos, l\u00edpidos, biotina y extracto de t\u00e9 verde, rico en pantenol, acondiciona y fortalece las pesta\u00f1as. Reduce a la vez el da\u00f1o medioambiental, as\u00ed como los da\u00f1os causados por los productos para el peinado de las pesta\u00f1as, que pueden causar roturas y fragilidad.<\/p>\n<p>Ingredientes destacados:<\/p>\n<ul>\n<li style=\"list-style-type: none;\">\n<ul>\n<li>BioPeptin Complex\u00ae: Nuestra tecnolog\u00eda patentada que incluye p\u00e9ptidos, Biotina, L\u00edpidos, y Extracto de T\u00e9 Verde rico en Pantenol, ayuda a acondicionar, fortalezer y suavizar las pesta\u00f1as mientras las defiende de roturas y fragilidad<\/li>\n<li>Ginseng &amp; Swertia Japonica: Extractos de plantas con alto contenido en antioxidantes y Vitamina B, ayudan a proteger y revitalizar<\/li>\n<li>Palma Enana Americana: Alto contenido en \u00e1cidos grasos y estorelos vegetales que ayudan a acondicionar y a\u00f1adir brillo<\/li>\n<li>Amino\u00e1cidos y Vitaminas B: Ayudan a fortalecer, suavizar y acondicionar<\/li>\n<\/ul>\n<\/li>\n<\/ul>\n<h5>Modo de Uso:<\/h5>\n<p><strong>Primero<\/strong> que nada elimina el maquillaje con un desmaquillante no grasoso para no dejar residuos. Es importante no dejar ning\u00fan residuo. <a href=\"https:\/\/iselamendez.mx\/farmacia\/categoria-producto\/funcion\/limpieza\/\">Echa un vistazo a nuestros productos de limpieza<\/a><\/p>\n<p><strong>Despu\u00e9s<\/strong> Aplica una fina l\u00ednea de<em> Revitalash Advanced 3.5ml<\/em> directamente en las pesta\u00f1as, en el momento del d\u00eda que prefieras. No es necesario aplicarlo m\u00e1s de una vez al d\u00eda.<\/p>\n<p>Puedes maquillarte una vez que seque completamente. \u00a1\u00dasalo todos los d\u00edas para mejores resultados y conseguir\u00a0 las mejores pesta\u00f1as de tu vida!<\/p>\n<p>&nbsp;<\/p>\n<\/div>\n","protected":false},"excerpt":{"rendered":"<p>Salud es Belleza<\/p>\n","protected":false},"featured_media":8534,"comment_status":"open","ping_status":"closed","template":"","meta":[],"product_brand":[462],"product_cat":[87,145,144,71],"product_tag":[],"class_list":{"0":"post-8533","1":"product","2":"type-product","3":"status-publish","4":"has-post-thumbnail","6":"product_brand-revitalash","7":"product_cat-gel","8":"product_cat-pestanas","9":"product_cat-revitalash","10":"product_cat-tratamiento","12":"first","13":"instock","14":"shipping-taxable","15":"purchasable","16":"product-type-simple"},"aioseo_notices":[],"_links":{"self":[{"href":"https:\/\/iselamendez.mx\/farmacia\/wp-json\/wp\/v2\/product\/8533","targetHints":{"allow":["GET"]}}],"collection":[{"href":"https:\/\/iselamendez.mx\/farmacia\/wp-json\/wp\/v2\/product"}],"about":[{"href":"https:\/\/iselamendez.mx\/farmacia\/wp-json\/wp\/v2\/types\/product"}],"replies":[{"embeddable":true,"href":"https:\/\/iselamendez.mx\/farmacia\/wp-json\/wp\/v2\/comments?post=8533"}],"wp:featuredmedia":[{"embeddable":true,"href":"https:\/\/iselamendez.mx\/farmacia\/wp-json\/wp\/v2\/media\/8534"}],"wp:attachment":[{"href":"https:\/\/iselamendez.mx\/farmacia\/wp-json\/wp\/v2\/media?parent=8533"}],"wp:term":[{"taxonomy":"product_brand","embeddable":true,"href":"https:\/\/iselamendez.mx\/farmacia\/wp-json\/wp\/v2\/product_brand?post=8533"},{"taxonomy":"product_cat","embeddable":true,"href":"https:\/\/iselamendez.mx\/farmacia\/wp-json\/wp\/v2\/product_cat?post=8533"},{"taxonomy":"product_tag","embeddable":true,"href":"https:\/\/iselamendez.mx\/farmacia\/wp-json\/wp\/v2\/product_tag?post=8533"}],"curies":[{"name":"wp","href":"https:\/\/api.w.org\/{rel}","templated":true}]}}