{"id":8788,"date":"2020-12-17T12:24:14","date_gmt":"2020-12-17T18:24:14","guid":{"rendered":"https:\/\/iselamendez.mx\/farmacia\/?post_type=product&#038;p=8788"},"modified":"2026-04-22T23:59:20","modified_gmt":"2026-04-23T05:59:20","slug":"is-clinical-warming-honey-cleanser","status":"publish","type":"product","link":"https:\/\/iselamendez.mx\/farmacia\/tienda\/funcion\/limpieza\/exfoliacion\/is-clinical-warming-honey-cleanser\/","title":{"rendered":"IS Clinical Warming Honey Cleanser"},"content":{"rendered":"<p>IS CLINICAL WARMING HONEY CLEANSER Es un\u00a0 tratamiento limpiador rico y lujoso con la miel cruda m\u00e1s pura, la jalea real y el prop\u00f3leo imparte una experiencia sensorial extraordinaria, al mismo tiempo que limpia y exfolia suavemente la piel de manera eficaz. Deja la piel ultra hidratada, al tiempo que ayuda a refinar y equilibrar los tipos de piel problem\u00e1ticos.<\/p>\n<h5>\u00bfC\u00f3mo act\u00faa?<\/h5>\n<p>IS CLINICAL WARMING HONEY CLEANSER ha sido especialmente formulado con enzimas de papaya y extractos de t\u00e9 verde para exfoliar y nutrir a\u00fan m\u00e1s, ayudando a dejar la piel con un aspecto y una sensaci\u00f3n aterciopelada.<\/p>\n<pre class=\"texto-producto\">Limpia profundamente \/ Da la apariencia de poros m\u00e1s peque\u00f1os \/ Ayuda a proteger la piel de los agresores ambientales \/ Excelente para pieles propensas a imperfecciones \/ Gel de miel rico y lujoso \/ Libre de parabeno<\/pre>\n<section class=\"elementor-section elementor-inner-section elementor-element elementor-element-addf6c1 elementor-section-boxed elementor-section-height-default elementor-section-height-default\" data-id=\"addf6c1\" data-element_type=\"section\">\n<div class=\"elementor-container elementor-column-gap-default\">\n<div class=\"elementor-row\">\n<div class=\"elementor-column elementor-col-50 elementor-inner-column elementor-element elementor-element-c883c42\" data-id=\"c883c42\" data-element_type=\"column\">\n<div class=\"elementor-column-wrap elementor-element-populated\">\n<div class=\"elementor-widget-wrap\">\n<div class=\"elementor-element elementor-element-6b65c32 elementor-widget elementor-widget-text-editor\" data-id=\"6b65c32\" data-element_type=\"widget\" data-widget_type=\"text-editor.default\">\n<div class=\"elementor-widget-container\">\n<div class=\"elementor-text-editor elementor-clearfix\">\n<div>\n<h5>Contiene:<\/h5>\n<div><strong>Enzimas de la papaya:<\/strong> Disuelve las c\u00e9lulas muertas de la piel para una exfoliaci\u00f3n suave pero potente<\/div>\n<\/div>\n<\/div>\n<\/div>\n<\/div>\n<\/div>\n<\/div>\n<\/div>\n<div class=\"elementor-column elementor-col-50 elementor-inner-column elementor-element elementor-element-19fb221\" data-id=\"19fb221\" data-element_type=\"column\">\n<div class=\"elementor-column-wrap elementor-element-populated\">\n<div class=\"elementor-widget-wrap\">\n<div class=\"elementor-element elementor-element-d95d617 elementor-widget elementor-widget-text-editor\" data-id=\"d95d617\" data-element_type=\"widget\" data-widget_type=\"text-editor.default\">\n<div class=\"elementor-widget-container\">\n<div class=\"elementor-text-editor elementor-clearfix\">\n<div>\n<div><strong>Extracto de t\u00e9 verde japon\u00e9s<\/strong>: Potente antioxidante que ayuda a mantener una piel sana<\/div>\n<\/div>\n<\/div>\n<\/div>\n<\/div>\n<\/div>\n<\/div>\n<\/div>\n<\/div>\n<\/div>\n<\/section>\n<section class=\"elementor-section elementor-inner-section elementor-element elementor-element-f9ce7e3 elementor-section-boxed elementor-section-height-default elementor-section-height-default\" data-id=\"f9ce7e3\" data-element_type=\"section\">\n<div class=\"elementor-container elementor-column-gap-default\">\n<div class=\"elementor-row\">\n<div class=\"elementor-column elementor-col-50 elementor-inner-column elementor-element elementor-element-e32e53c\" data-id=\"e32e53c\" data-element_type=\"column\">\n<div class=\"elementor-column-wrap elementor-element-populated\">\n<div class=\"elementor-widget-wrap\">\n<div class=\"elementor-element elementor-element-3230445 elementor-widget elementor-widget-text-editor\" data-id=\"3230445\" data-element_type=\"widget\" data-widget_type=\"text-editor.default\">\n<div class=\"elementor-widget-container\">\n<div class=\"elementor-text-editor elementor-clearfix\">\n<div class=\"title\">\n<div class=\"ingredient\">\n<div class=\"ingredient-info\">\n<div class=\"title\">\n<div class=\"title\"><strong>Miel:<\/strong> Repleto de amino\u00e1cidos, vitaminas y poderosos antioxidantes para ayudar a mejorar notablemente la piel propensa a las imperfecciones.<\/div>\n<\/div>\n<\/div>\n<\/div>\n<div class=\"ingredient\"><strong>Glicerina:<\/strong> Nutriente vital para ayudar a proteger la barrera de la piel.<\/div>\n<\/div>\n<h5>Modo de uso:<\/h5>\n<div>\n<p>Con la piel humedecida Aplique una peque\u00f1a cantidad de WARMING HONEY CLEANSER en las manos y las yemas de los dedos dando un ligero masaje y evitando el \u00e1rea de los ojos.<\/p>\n<h6>Para tomar en cuanta <strong>Al ser termoactivo<\/strong>, tus sentidos se despertar\u00e1n y sentir\u00e1s que\u00a0<strong>la sensaci\u00f3n de calor aumenta con el tiempo.<\/strong>\u00a0Despu\u00e9s de 3-5 minutos enjuaga bien con agua tibia.<\/h6>\n<\/div>\n<\/div>\n<\/div>\n<\/div>\n<\/div>\n<\/div>\n<\/div>\n<\/div>\n<\/div>\n<\/section>\n","protected":false},"excerpt":{"rendered":"<p>Salud es Belleza<\/p>\n","protected":false},"featured_media":53212,"comment_status":"open","ping_status":"closed","template":"","meta":[],"product_brand":[435],"product_cat":[109,87,157,138,114,291,113,79,71],"product_tag":[],"class_list":{"0":"post-8788","1":"product","2":"type-product","3":"status-publish","4":"has-post-thumbnail","6":"product_brand-is-clinical","7":"product_cat-exfoliacion","8":"product_cat-gel","9":"product_cat-hidratacion","10":"product_cat-is-clinical","11":"product_cat-limpieza","12":"product_cat-limpieza-facial","13":"product_cat-piel-sensible","14":"product_cat-rostro","15":"product_cat-tratamiento","17":"first","18":"instock","19":"shipping-taxable","20":"purchasable","21":"product-type-simple"},"aioseo_notices":[],"_links":{"self":[{"href":"https:\/\/iselamendez.mx\/farmacia\/wp-json\/wp\/v2\/product\/8788","targetHints":{"allow":["GET"]}}],"collection":[{"href":"https:\/\/iselamendez.mx\/farmacia\/wp-json\/wp\/v2\/product"}],"about":[{"href":"https:\/\/iselamendez.mx\/farmacia\/wp-json\/wp\/v2\/types\/product"}],"replies":[{"embeddable":true,"href":"https:\/\/iselamendez.mx\/farmacia\/wp-json\/wp\/v2\/comments?post=8788"}],"wp:featuredmedia":[{"embeddable":true,"href":"https:\/\/iselamendez.mx\/farmacia\/wp-json\/wp\/v2\/media\/53212"}],"wp:attachment":[{"href":"https:\/\/iselamendez.mx\/farmacia\/wp-json\/wp\/v2\/media?parent=8788"}],"wp:term":[{"taxonomy":"product_brand","embeddable":true,"href":"https:\/\/iselamendez.mx\/farmacia\/wp-json\/wp\/v2\/product_brand?post=8788"},{"taxonomy":"product_cat","embeddable":true,"href":"https:\/\/iselamendez.mx\/farmacia\/wp-json\/wp\/v2\/product_cat?post=8788"},{"taxonomy":"product_tag","embeddable":true,"href":"https:\/\/iselamendez.mx\/farmacia\/wp-json\/wp\/v2\/product_tag?post=8788"}],"curies":[{"name":"wp","href":"https:\/\/api.w.org\/{rel}","templated":true}]}}