{"id":8837,"date":"2020-12-23T13:06:44","date_gmt":"2020-12-23T19:06:44","guid":{"rendered":"https:\/\/iselamendez.mx\/farmacia\/?post_type=product&#038;p=8837"},"modified":"2026-04-23T00:00:44","modified_gmt":"2026-04-23T06:00:44","slug":"svr-spirial-roll-on-48h-50ml","status":"publish","type":"product","link":"https:\/\/iselamendez.mx\/farmacia\/tienda\/funcion\/tratamiento\/seboreguladores\/desodorante\/svr-spirial-roll-on-48h-50ml\/","title":{"rendered":"SVR Spirial Roll-On Anti-Transpirant 50ml"},"content":{"rendered":"<h5>SVR Spirial Roll on 48h 50ml<\/h5>\n<h5>Desodorante antitranspirante intenso que protege hasta por 48 h. Todo tipo de pieles, incluso las m\u00e1s sensibles. Transpiraci\u00f3n normal a excesiva. Adolescentes, adultos. Axilas.<\/h5>\n<div class=\"product__content\">\n<div class=\"product__tab expanded\" data-drawer-container=\"\">\n<div class=\"product__tab-content\" data-drawer-content=\"\">\n<h5><\/h5>\n<h5>\u00bfC\u00f3mo act\u00faa?<\/h5>\n<p>Desodorante, antitranspirante intenso, eficacia 48 h, incluso en situaciones extremas (deporte, estr\u00e9s&#8230;). Se trata de un producto de alta tolerancia formulado con alta concentraci\u00f3n de agentes reguladores del sudor que controla la transpiraci\u00f3n, absorbe la humedad y combate los malos olores. Su textura no pegajosa se seca r\u00e1pidamente y deja una piel suave sin marcas blancas. Sin perfume.<\/p>\n<p>Estricta carta de formulaci\u00f3n adaptada a las pieles sensibles.<\/p>\n<p><strong>Clorhidrato de aluminio<\/strong>: La forma m\u00e1s tolerada de sales de aluminio para regular la transpiraci\u00f3n de forma duradera y absorber la humedad.<\/p>\n<p><strong>Microesferas absorbentes<\/strong>: Absorben la humedad.<\/p>\n<p><strong>Citrato de trietilo<\/strong>: Antioxidante para inhibir la formaci\u00f3n de malos olores.<\/p>\n<p><strong>Alanto\u00edna<\/strong>: Calma las pieles sensibles.<\/p>\n<h5><\/h5>\n<h5>Modo de uso:<\/h5>\n<p>Sobre la piel limpia coloca suavemente<strong> Spirial Roll on <\/strong>\u00a0la cantidad que crea necesaria; no es necesario aplicar varias veces.<\/p>\n<p>\u00a1Echa un vistazo a nuestra l\u00ednea Antitranspirante de <a href=\"https:\/\/iselamendez.mx\/farmacia\/?s=Spiria\">SPIRIAL<\/a>!<\/p>\n<\/div>\n<p>Tienda en l\u00ednea <a href=\"https:\/\/iselamendez.mx\/\">Isela M\u00e9ndez<\/a> tenemos los mejores productos de <strong>SVR<\/strong>\u00a0consulta algunos de nuestros dermat\u00f3logos para una mejor autoevaluaci\u00f3n.<\/p>\n<p>&nbsp;<\/p>\n<\/div>\n<\/div>\n","protected":false},"excerpt":{"rendered":"<p>Salud es belleza<\/p>\n","protected":false},"featured_media":42782,"comment_status":"open","ping_status":"closed","template":"","meta":[],"product_brand":[474],"product_cat":[172,103,486,155,32,71],"product_tag":[368],"class_list":{"0":"post-8837","1":"product","2":"type-product","3":"status-publish","4":"has-post-thumbnail","6":"product_brand-svr","7":"product_cat-axilas","8":"product_cat-desodorante","9":"product_cat-promociones-2026","10":"product_cat-seboreguladores","11":"product_cat-svr","12":"product_cat-tratamiento","13":"product_tag-svr","15":"first","16":"instock","17":"shipping-taxable","18":"purchasable","19":"product-type-simple"},"aioseo_notices":[],"_links":{"self":[{"href":"https:\/\/iselamendez.mx\/farmacia\/wp-json\/wp\/v2\/product\/8837","targetHints":{"allow":["GET"]}}],"collection":[{"href":"https:\/\/iselamendez.mx\/farmacia\/wp-json\/wp\/v2\/product"}],"about":[{"href":"https:\/\/iselamendez.mx\/farmacia\/wp-json\/wp\/v2\/types\/product"}],"replies":[{"embeddable":true,"href":"https:\/\/iselamendez.mx\/farmacia\/wp-json\/wp\/v2\/comments?post=8837"}],"wp:featuredmedia":[{"embeddable":true,"href":"https:\/\/iselamendez.mx\/farmacia\/wp-json\/wp\/v2\/media\/42782"}],"wp:attachment":[{"href":"https:\/\/iselamendez.mx\/farmacia\/wp-json\/wp\/v2\/media?parent=8837"}],"wp:term":[{"taxonomy":"product_brand","embeddable":true,"href":"https:\/\/iselamendez.mx\/farmacia\/wp-json\/wp\/v2\/product_brand?post=8837"},{"taxonomy":"product_cat","embeddable":true,"href":"https:\/\/iselamendez.mx\/farmacia\/wp-json\/wp\/v2\/product_cat?post=8837"},{"taxonomy":"product_tag","embeddable":true,"href":"https:\/\/iselamendez.mx\/farmacia\/wp-json\/wp\/v2\/product_tag?post=8837"}],"curies":[{"name":"wp","href":"https:\/\/api.w.org\/{rel}","templated":true}]}}