{"id":8843,"date":"2020-12-23T13:40:15","date_gmt":"2020-12-23T19:40:15","guid":{"rendered":"https:\/\/iselamendez.mx\/farmacia\/?post_type=product&#038;p=8843"},"modified":"2026-04-22T15:17:11","modified_gmt":"2026-04-22T21:17:11","slug":"svr-spirial-spray-vegetal-75ml","status":"publish","type":"product","link":"https:\/\/iselamendez.mx\/farmacia\/tienda\/funcion\/tratamiento\/seboreguladores\/desodorante\/svr-spirial-spray-vegetal-75ml\/","title":{"rendered":"SVR Spirial Spray Vegetal 75ml"},"content":{"rendered":"<div class=\"product__main\">\n<div class=\"product__sidebar product__sidebar--is-sticky\">\n<div class=\"inner-wrapper-sticky\">\n<h5 class=\"product__actions\">SVR Spirial Spray Vegetal 75ml<\/h5>\n<h5 class=\"product__actions\">Desodorante antitranspirante 48 h para pieles sensibles, incluso en pieles reci\u00e9n depiladas o afeitadas. <span style=\"text-align: center;\">Desodorante antitranspirante 48 h sin sales de aluminio.<\/span><\/h5>\n<\/div>\n<\/div>\n<\/div>\n<div class=\"product__content\">\n<div class=\"product__tab expanded\" data-drawer-container=\"\">\n<p>&nbsp;<\/p>\n<div class=\"product__tab-content\" data-drawer-content=\"\">\n<h5>\u00bfC\u00f3mo act\u00faa?<\/h5>\n<p>Su bola se desliza f\u00e1cilmente para una aplicaci\u00f3n r\u00e1pida que proporciona suavidad y confort. Desodorante formulado con un complejo de ingredientes activos de origen vegetal que absorbe la humedad y combate los malos olores con una tolerancia \u00f3ptima.<\/p>\n<p>&nbsp;<\/p>\n<p><strong>Extracto de cola de caballo: <\/strong>Rica en silicio, regula la transpiraci\u00f3n al cerrar los poros.<\/p>\n<p><strong>Extracto de bamb\u00fa: <\/strong>Absorbe el sudor y el sebo a la vez que deja la piel con un tacto suave y sedoso.<\/p>\n<p><strong>Extracto de salvia: <\/strong>Desodoriza gracias a sus propiedades antibacterianas, antis\u00e9pticas y antif\u00fangicas.<\/p>\n<h5><\/h5>\n<h5>Modo de uso:<\/h5>\n<p>Aplicar a diario sobre la piel limpia y seca. Evitar el contacto con los ojos. No inhalar. En caso de depilaci\u00f3n o afeitado de las axilas, esperar 48 horas antes de volver a aplicar el producto.<\/p>\n<p>Tienda en l\u00ednea <a href=\"https:\/\/iselamendez.mx\/\">Isela M\u00e9ndez<\/a> tenemos los mejores productos de <strong>SVR<\/strong>\u00a0consulta algunos de nuestros dermat\u00f3logos para una mejor autoevaluaci\u00f3n.<\/p>\n<p>&nbsp;<\/p>\n<\/div>\n<\/div>\n<\/div>\n","protected":false},"excerpt":{"rendered":"<p>Salud belleza<\/p>\n","protected":false},"featured_media":60384,"comment_status":"open","ping_status":"closed","template":"","meta":[],"product_brand":[474],"product_cat":[67,172,103,486,155,105,32,71],"product_tag":[368],"class_list":{"0":"post-8843","1":"product","2":"type-product","3":"status-publish","4":"has-post-thumbnail","6":"product_brand-svr","7":"product_cat-atomizador","8":"product_cat-axilas","9":"product_cat-desodorante","10":"product_cat-promociones-2026","11":"product_cat-seboreguladores","12":"product_cat-spray","13":"product_cat-svr","14":"product_cat-tratamiento","15":"product_tag-svr","17":"first","18":"outofstock","19":"shipping-taxable","20":"purchasable","21":"product-type-simple"},"aioseo_notices":[],"_links":{"self":[{"href":"https:\/\/iselamendez.mx\/farmacia\/wp-json\/wp\/v2\/product\/8843","targetHints":{"allow":["GET"]}}],"collection":[{"href":"https:\/\/iselamendez.mx\/farmacia\/wp-json\/wp\/v2\/product"}],"about":[{"href":"https:\/\/iselamendez.mx\/farmacia\/wp-json\/wp\/v2\/types\/product"}],"replies":[{"embeddable":true,"href":"https:\/\/iselamendez.mx\/farmacia\/wp-json\/wp\/v2\/comments?post=8843"}],"wp:featuredmedia":[{"embeddable":true,"href":"https:\/\/iselamendez.mx\/farmacia\/wp-json\/wp\/v2\/media\/60384"}],"wp:attachment":[{"href":"https:\/\/iselamendez.mx\/farmacia\/wp-json\/wp\/v2\/media?parent=8843"}],"wp:term":[{"taxonomy":"product_brand","embeddable":true,"href":"https:\/\/iselamendez.mx\/farmacia\/wp-json\/wp\/v2\/product_brand?post=8843"},{"taxonomy":"product_cat","embeddable":true,"href":"https:\/\/iselamendez.mx\/farmacia\/wp-json\/wp\/v2\/product_cat?post=8843"},{"taxonomy":"product_tag","embeddable":true,"href":"https:\/\/iselamendez.mx\/farmacia\/wp-json\/wp\/v2\/product_tag?post=8843"}],"curies":[{"name":"wp","href":"https:\/\/api.w.org\/{rel}","templated":true}]}}