{"id":8990,"date":"2021-01-07T12:38:54","date_gmt":"2021-01-07T18:38:54","guid":{"rendered":"https:\/\/iselamendez.mx\/farmacia\/?post_type=product&#038;p=8990"},"modified":"2026-04-22T15:17:12","modified_gmt":"2026-04-22T21:17:12","slug":"is-clinical-genexc-serum-30ml","status":"publish","type":"product","link":"https:\/\/iselamendez.mx\/farmacia\/tienda\/marcas\/is-clinical\/is-clinical-genexc-serum-30ml\/","title":{"rendered":"IS Clinical Genexc Serum 30ml"},"content":{"rendered":"<h5>IS Clinical Genexc Serum 30ml<\/h5>\n<h5>Protector, Regenerador y antiedad<\/h5>\n<p>&nbsp;<\/p>\n<p style=\"text-align: center;\"><strong>Protector:<\/strong><\/p>\n<p style=\"text-align: center;\">Ofrece seguridad a largo plazo<\/p>\n<p>&nbsp;<\/p>\n<p style=\"text-align: center;\"><strong>Regenerador:<\/strong><\/p>\n<p style=\"text-align: center;\">Promueve la apariencia mejorada de la firmeza y elasticidad de la piel<\/p>\n<p>&nbsp;<\/p>\n<p style=\"text-align: center;\"><strong>Antiedad:<\/strong><\/p>\n<p style=\"text-align: center;\">Cl\u00ednicamente probado para ayudar a revitalizar la piel a una apariencia m\u00e1s joven<\/p>\n<p>&nbsp;<\/p>\n<h5>\u00bfC\u00f3mo act\u00faa?<\/h5>\n<p>Ayuda a proteger, revitalizar y mejorar la base de una piel saludable al tiempo que respaldan la protecci\u00f3n multinivel y las mejoras visibles a largo plazo.\u00a0 Contiene 20% de nuestra exclusiva vitamina C (\u00e1cido L-asc\u00f3rbico); que est\u00e1 formulado con una poderosa combinaci\u00f3n de enzimas de origen bot\u00e1nico, antioxidantes Este serum est\u00e1 a la vanguardia, proporciona los beneficios m\u00e1s avanzados cient\u00edficamente; mejorando la apariencia de l\u00edneas finas y arrugas y unificando la tez, dando como resultado una apariencia m\u00e1s juvenil y brillante.<\/p>\n<p>&nbsp;<\/p>\n<h5>Beneficios:<\/h5>\n<ul>\n<li>Ayuda a prevenir los signos del envejecimiento.<\/li>\n<li>Mejora la apariencia de la elasticidad y firmeza de la piel.<\/li>\n<li>Protecci\u00f3n antioxidante superior<\/li>\n<li>Ayuda a mejorar la salud general y la integridad de la piel.<\/li>\n<li>Hidrataci\u00f3n de la piel<\/li>\n<li>Iluminador<\/li>\n<\/ul>\n<p>&nbsp;<\/p>\n<h5>Modo de uso:<\/h5>\n<p>Aplica 3-4 gotas de <strong>GENEX<\/strong> en la palma de la mano. Usando las yemas de los dedos, aplique y extienda uniformemente sobre la cara y el cuello.<\/p>\n<p>&nbsp;<\/p>\n<p>&nbsp;<\/p>\n","protected":false},"excerpt":{"rendered":"<p>Salud es belleza<\/p>\n","protected":false},"featured_media":17645,"comment_status":"open","ping_status":"closed","template":"","meta":[],"product_brand":[435],"product_cat":[203,138,79,69],"product_tag":[],"class_list":{"0":"post-8990","1":"product","2":"type-product","3":"status-publish","4":"has-post-thumbnail","6":"product_brand-is-clinical","7":"product_cat-antioxidante","8":"product_cat-is-clinical","9":"product_cat-rostro","10":"product_cat-suero","12":"first","13":"outofstock","14":"shipping-taxable","15":"purchasable","16":"product-type-simple"},"aioseo_notices":[],"_links":{"self":[{"href":"https:\/\/iselamendez.mx\/farmacia\/wp-json\/wp\/v2\/product\/8990","targetHints":{"allow":["GET"]}}],"collection":[{"href":"https:\/\/iselamendez.mx\/farmacia\/wp-json\/wp\/v2\/product"}],"about":[{"href":"https:\/\/iselamendez.mx\/farmacia\/wp-json\/wp\/v2\/types\/product"}],"replies":[{"embeddable":true,"href":"https:\/\/iselamendez.mx\/farmacia\/wp-json\/wp\/v2\/comments?post=8990"}],"wp:featuredmedia":[{"embeddable":true,"href":"https:\/\/iselamendez.mx\/farmacia\/wp-json\/wp\/v2\/media\/17645"}],"wp:attachment":[{"href":"https:\/\/iselamendez.mx\/farmacia\/wp-json\/wp\/v2\/media?parent=8990"}],"wp:term":[{"taxonomy":"product_brand","embeddable":true,"href":"https:\/\/iselamendez.mx\/farmacia\/wp-json\/wp\/v2\/product_brand?post=8990"},{"taxonomy":"product_cat","embeddable":true,"href":"https:\/\/iselamendez.mx\/farmacia\/wp-json\/wp\/v2\/product_cat?post=8990"},{"taxonomy":"product_tag","embeddable":true,"href":"https:\/\/iselamendez.mx\/farmacia\/wp-json\/wp\/v2\/product_tag?post=8990"}],"curies":[{"name":"wp","href":"https:\/\/api.w.org\/{rel}","templated":true}]}}