{"id":9011,"date":"2021-01-07T14:33:54","date_gmt":"2021-01-07T20:33:54","guid":{"rendered":"https:\/\/iselamendez.mx\/farmacia\/?post_type=product&#038;p=9011"},"modified":"2026-04-22T15:17:12","modified_gmt":"2026-04-22T21:17:12","slug":"is-clinical-youth-serum-30ml","status":"publish","type":"product","link":"https:\/\/iselamendez.mx\/farmacia\/tienda\/funcion\/tratamiento\/anti-edad\/is-clinical-youth-serum-30ml\/","title":{"rendered":"IS Clinical Youth Serum 30ml"},"content":{"rendered":"<section class=\"elementor-section elementor-top-section elementor-element elementor-element-6fc4bd9 elementor-section-full_width product-description elementor-section-height-default elementor-section-height-default\" data-id=\"6fc4bd9\" data-element_type=\"section\">\n<div class=\"elementor-container elementor-column-gap-default\">\n<div class=\"elementor-row\">\n<div class=\"elementor-column elementor-col-33 elementor-top-column elementor-element elementor-element-e89bb35\" data-id=\"e89bb35\" data-element_type=\"column\">\n<div class=\"elementor-column-wrap elementor-element-populated\">\n<div class=\"elementor-widget-wrap\">\n<div class=\"elementor-element elementor-element-e554004 product-description-text elementor-widget elementor-widget-text-editor\" data-id=\"e554004\" data-element_type=\"widget\" data-widget_type=\"text-editor.default\">\n<div class=\"elementor-widget-container\">\n<div class=\"elementor-text-editor elementor-clearfix\">\n<p class=\"texto-producto\">IS Clinical Youth Serum 30ml es una f\u00f3rmula extraordinariamente rica y lujosa que desaf\u00eda el envejecimiento que ayuda a reducir la apariencia de l\u00edneas finas y arrugas; es as\u00ed que proporciona una poderosa hidrataci\u00f3n a la piel.<\/p>\n<h5>\u00bfC\u00f3mo act\u00faa?<\/h5>\n<p class=\"texto-producto\">Los resultados inmediatos provienen de tecnolog\u00edas avanzadas que apoyan las estructuras saludables de la piel y disminuyen instant\u00e1neamente la apariencia de l\u00edneas finas para una tez visiblemente firme. Mientras tanto, el factor de crecimiento bioid\u00e9ntic, combinada con una poderosa mezcla de antioxidantes, brinda apoyo contra los agresores ambientales. El resultado es una tez m\u00e1s joven, radiante y <strong>resistente.<\/strong><\/p>\n<\/div>\n<\/div>\n<\/div>\n<\/div>\n<\/div>\n<\/div>\n<\/div>\n<\/div>\n<\/section>\n<section class=\"elementor-section elementor-inner-section elementor-element elementor-element-f9ce7e3 elementor-section-boxed elementor-section-height-default elementor-section-height-default\" data-id=\"f9ce7e3\" data-element_type=\"section\">\n<div class=\"elementor-container elementor-column-gap-default\">\n<div class=\"elementor-row\">\n<div class=\"elementor-column elementor-col-50 elementor-inner-column elementor-element elementor-element-e32e53c\" data-id=\"e32e53c\" data-element_type=\"column\">\n<div class=\"elementor-column-wrap elementor-element-populated\">\n<div class=\"elementor-widget-wrap\">\n<div class=\"elementor-element elementor-element-2914f23 elementor-widget elementor-widget-text-editor\" data-id=\"2914f23\" data-element_type=\"widget\" data-widget_type=\"text-editor.default\">\n<div class=\"elementor-widget-container\">\n<div class=\"elementor-text-editor elementor-clearfix\">\n<div>\n<section class=\"elementor-section elementor-inner-section elementor-element elementor-element-addf6c1 elementor-section-boxed elementor-section-height-default elementor-section-height-default\" data-id=\"addf6c1\" data-element_type=\"section\">\n<div class=\"elementor-container elementor-column-gap-default\">\n<div class=\"elementor-row\">\n<div class=\"elementor-column elementor-col-50 elementor-inner-column elementor-element elementor-element-c883c42\" data-id=\"c883c42\" data-element_type=\"column\">\n<div class=\"elementor-column-wrap elementor-element-populated\">\n<div class=\"elementor-widget-wrap\">\n<div class=\"elementor-element elementor-element-6b65c32 elementor-widget elementor-widget-text-editor\" data-id=\"6b65c32\" data-element_type=\"widget\" data-widget_type=\"text-editor.default\">\n<div class=\"elementor-widget-container\">\n<div class=\"elementor-text-editor elementor-clearfix\">\n<div>\n<div>Es as\u00ed que tiene una <strong>Mezcla de vitamina A, C y E; <\/strong>una potente combinaci\u00f3n de vitaminas y antioxidantes, encapsulada en un liposoma para una mejor absorci\u00f3n<\/div>\n<\/div>\n<\/div>\n<\/div>\n<\/div>\n<\/div>\n<\/div>\n<\/div>\n<div class=\"elementor-column elementor-col-50 elementor-inner-column elementor-element elementor-element-19fb221\" data-id=\"19fb221\" data-element_type=\"column\">\n<div class=\"elementor-column-wrap elementor-element-populated\">\n<div class=\"elementor-widget-wrap\">\n<div class=\"elementor-element elementor-element-d95d617 elementor-widget elementor-widget-text-editor\" data-id=\"d95d617\" data-element_type=\"widget\" data-widget_type=\"text-editor.default\">\n<div class=\"elementor-widget-container\">\n<div class=\"elementor-text-editor elementor-clearfix\">\n<div>\n<div>As\u00ed como <strong>Extremozymes\u00ae que es\u00a0<\/strong> Una combinaci\u00f3n patentada de enzimas cl\u00ednicamente probadas que ayudan a proteger la piel de los agresores ambientales.<\/div>\n<\/div>\n<\/div>\n<\/div>\n<\/div>\n<\/div>\n<\/div>\n<\/div>\n<\/div>\n<\/div>\n<\/section>\n<section class=\"elementor-section elementor-inner-section elementor-element elementor-element-f9ce7e3 elementor-section-boxed elementor-section-height-default elementor-section-height-default\" data-id=\"f9ce7e3\" data-element_type=\"section\">\n<div class=\"elementor-container elementor-column-gap-default\">\n<div class=\"elementor-row\">\n<div class=\"elementor-column elementor-col-50 elementor-inner-column elementor-element elementor-element-e32e53c\" data-id=\"e32e53c\" data-element_type=\"column\">\n<div class=\"elementor-column-wrap elementor-element-populated\">\n<div class=\"elementor-widget-wrap\">\n<div class=\"elementor-element elementor-element-3230445 elementor-widget elementor-widget-text-editor\" data-id=\"3230445\" data-element_type=\"widget\" data-widget_type=\"text-editor.default\">\n<div class=\"elementor-widget-container\">\n<div class=\"elementor-text-editor elementor-clearfix\">\n<div class=\"title\">\n<div class=\"ingredient\">\n<div class=\"ingredient-info\">\n<div class=\"title\">\n<div class=\"title\">Y por ultimo tiene el<strong> Factor de crecimiento de trip\u00e9ptidos de cobre Probado<\/strong> cl\u00ednicamente para ayudar a disminuir la apariencia de envejecimiento prematuro y ayudar a reducir visiblemente las arrugas con el tiempo.<\/div>\n<\/div>\n<\/div>\n<\/div>\n<div class=\"ingredient\"><\/div>\n<\/div>\n<\/div>\n<\/div>\n<\/div>\n<\/div>\n<\/div>\n<\/div>\n<div class=\"elementor-column elementor-col-50 elementor-inner-column elementor-element elementor-element-3d3147d\" data-id=\"3d3147d\" data-element_type=\"column\">\n<div class=\"elementor-column-wrap elementor-element-populated\">\n<div class=\"elementor-widget-wrap\">\n<div class=\"elementor-element elementor-element-a595315 elementor-widget elementor-widget-text-editor\" data-id=\"a595315\" data-element_type=\"widget\" data-widget_type=\"text-editor.default\">\n<div class=\"elementor-widget-container\">\n<div class=\"elementor-text-editor elementor-clearfix\">\n<div class=\"title\">\n<div class=\"ingredient\">\n<div class=\"ingredient-info\">\n<div class=\"title\">\n<div class=\"title\"><strong>Centella asi\u00e1tica <\/strong>Potente antioxidante con propiedades nutritivas que ayuda a disminuir la apariencia del envejecimiento prematuro<\/div>\n<\/div>\n<\/div>\n<\/div>\n<\/div>\n<\/div>\n<\/div>\n<\/div>\n<\/div>\n<\/div>\n<\/div>\n<\/div>\n<\/div>\n<\/section>\n<\/div>\n<\/div>\n<\/div>\n<\/div>\n<\/div>\n<\/div>\n<\/div>\n<\/div>\n<\/div>\n<\/section>\n<h5>Modo de uso<\/h5>\n<p>Aplique <a href=\"https:\/\/iselamendez.mx\/farmacia\/?s=is+clinical\">IS Clinical<\/a> Youth Serum 30ml\u00a0 con la yema de los dedos y apl\u00edquelo uniformemente por todo el rostro y el cuello. No es necesario enjuagar.<\/p>\n<p>El producto puede producir temporalmente una ligera sensaci\u00f3n de hormigueo.<\/p>\n","protected":false},"excerpt":{"rendered":"<p>Salud es Belleza<\/p>\n","protected":false},"featured_media":9012,"comment_status":"open","ping_status":"closed","template":"","meta":[],"product_brand":[435],"product_cat":[152,138,79,69,71],"product_tag":[],"class_list":{"0":"post-9011","1":"product","2":"type-product","3":"status-publish","4":"has-post-thumbnail","6":"product_brand-is-clinical","7":"product_cat-anti-edad","8":"product_cat-is-clinical","9":"product_cat-rostro","10":"product_cat-suero","11":"product_cat-tratamiento","13":"first","14":"outofstock","15":"shipping-taxable","16":"purchasable","17":"product-type-simple"},"aioseo_notices":[],"_links":{"self":[{"href":"https:\/\/iselamendez.mx\/farmacia\/wp-json\/wp\/v2\/product\/9011","targetHints":{"allow":["GET"]}}],"collection":[{"href":"https:\/\/iselamendez.mx\/farmacia\/wp-json\/wp\/v2\/product"}],"about":[{"href":"https:\/\/iselamendez.mx\/farmacia\/wp-json\/wp\/v2\/types\/product"}],"replies":[{"embeddable":true,"href":"https:\/\/iselamendez.mx\/farmacia\/wp-json\/wp\/v2\/comments?post=9011"}],"wp:featuredmedia":[{"embeddable":true,"href":"https:\/\/iselamendez.mx\/farmacia\/wp-json\/wp\/v2\/media\/9012"}],"wp:attachment":[{"href":"https:\/\/iselamendez.mx\/farmacia\/wp-json\/wp\/v2\/media?parent=9011"}],"wp:term":[{"taxonomy":"product_brand","embeddable":true,"href":"https:\/\/iselamendez.mx\/farmacia\/wp-json\/wp\/v2\/product_brand?post=9011"},{"taxonomy":"product_cat","embeddable":true,"href":"https:\/\/iselamendez.mx\/farmacia\/wp-json\/wp\/v2\/product_cat?post=9011"},{"taxonomy":"product_tag","embeddable":true,"href":"https:\/\/iselamendez.mx\/farmacia\/wp-json\/wp\/v2\/product_tag?post=9011"}],"curies":[{"name":"wp","href":"https:\/\/api.w.org\/{rel}","templated":true}]}}