{"id":9133,"date":"2021-01-13T16:50:40","date_gmt":"2021-01-13T22:50:40","guid":{"rendered":"https:\/\/iselamendez.mx\/farmacia\/?post_type=product&#038;p=9133"},"modified":"2026-04-01T03:20:10","modified_gmt":"2026-04-01T09:20:10","slug":"epiology-cleanser-110-ml","status":"publish","type":"product","link":"https:\/\/iselamendez.mx\/farmacia\/tienda\/funcion\/tratamiento\/acne\/epiology-cleanser-110-ml\/","title":{"rendered":"Epiology Cleanser 110 ml"},"content":{"rendered":"<p>Epiology Cleanser 110 ml La espuma limpiadora Anti-Acn\u00e9 epiology Pre-Wash contiene Clorhexidina una sustancia desinfectante que ayudar\u00e1 a remover las impurezas de la piel con tendencia acn\u00e9tica.<\/p>\n<div class=\"icon-box featured-box icon-box-left text-left\">\n<div class=\"icon-box-img\">\n<div class=\"icon\">\n<h5 class=\"icon-inner\">\u00bfC\u00f3mo act\u00faa?<\/h5>\n<\/div>\n<\/div>\n<\/div>\n<div class=\"icon-box featured-box icon-box-left text-left\">\n<div class=\"icon-box-text last-reset\">\n<p>Gracias al efecto de la Clorhexidina elimina bacterias que pueden provocar nuevos brotes. Es as\u00ed que; este limpiador est\u00e1 dise\u00f1ado para ser usada como seboregulador y limpiador para uso previo a la crema. Ayuda en la prevenci\u00f3n de brote e imperfecciones limpiando delicadamente piel y controlando el exceso de grasa.<\/p>\n<p>Por ultimo, Contiene hidratantes libres de aceite y tiene un pH balanceado.<\/p>\n<p>Es el sistema de limpieza y protecci\u00f3n anti-imperfecciones que limpia la piel, previene brotes, reduce notablemente las lesiones y provoca una sensaci\u00f3n de bienestar desde la primera aplicaci\u00f3n.<\/p>\n<p>El ingrediente activo de epiology se llama IDP\u00ae, un ingrediente 100% natural proveniente de la leche de vaca.<\/p>\n<p>Las Prote\u00ednas de Defensa Inmune o por sus siglas en ingl\u00e9s IDP\u00ae son producidas por la naturaleza como escudo de defensa contra las infecciones. El IDP\u00ae protege nuestra piel de la misma manera que las enzimas de nuestro organismo.<\/p>\n<h5>Modo de uso:<\/h5>\n<p>Su uso es para preparar y limpiar la piel. Para aplicar Epiology Cleanser 110 ml con el rostro h\u00famedo, aplicar la espuma limpiadora, masajear y enjuagar.<\/p>\n<div class=\"woocommerce-tabs wc-tabs-wrapper\">\n<div id=\"tab-description\" class=\"woocommerce-Tabs-panel woocommerce-Tabs-panel--description panel entry-content wc-tab\" role=\"tabpanel\" aria-labelledby=\"tab-title-description\">\n<div class=\"icon-box featured-box icon-box-left text-left\">\n<div class=\"icon-box-text last-reset\">\n<div class=\"icon-box featured-box icon-box-left text-left\">\n<p>MIREN LA F\u00c1CIL RUTINA EN TRES PASOS<\/p>\n<p>Paso uno<a href=\"https:\/\/iselamendez.mx\/farmacia\/tienda\/marcas\/epiology\/epiology-cleanser-110-ml\/\"><strong>\u00a0Cleanser Foam<\/strong><\/a>\u00a0| Paso dos\u00a0<a href=\"https:\/\/iselamendez.mx\/farmacia\/tienda\/marcas\/epiology\/epiology-cream-28g\/\"><strong>Cream<\/strong><\/a>\u00a0| Paso tres\u00a0<strong><a href=\"https:\/\/iselamendez.mx\/farmacia\/?post_type=product&amp;p=9141&amp;preview=true\">Spot Gel brotes Localizados<\/a>.<\/strong><\/p>\n<\/div>\n<\/div>\n<\/div>\n<\/div>\n<\/div>\n<\/div>\n<\/div>\n","protected":false},"excerpt":{"rendered":"<p>Salud es Belleza<\/p>\n","protected":false},"featured_media":9134,"comment_status":"open","ping_status":"closed","template":"","meta":[],"product_brand":[417],"product_cat":[101,177,114,291,153,79,155,71],"product_tag":[],"class_list":{"0":"post-9133","1":"product","2":"type-product","3":"status-publish","4":"has-post-thumbnail","6":"product_brand-epiology","7":"product_cat-crema-espumosa","8":"product_cat-epiology","9":"product_cat-limpieza","10":"product_cat-limpieza-facial","11":"product_cat-acne","12":"product_cat-rostro","13":"product_cat-seboreguladores","14":"product_cat-tratamiento","16":"first","17":"outofstock","18":"shipping-taxable","19":"purchasable","20":"product-type-simple"},"aioseo_notices":[],"_links":{"self":[{"href":"https:\/\/iselamendez.mx\/farmacia\/wp-json\/wp\/v2\/product\/9133","targetHints":{"allow":["GET"]}}],"collection":[{"href":"https:\/\/iselamendez.mx\/farmacia\/wp-json\/wp\/v2\/product"}],"about":[{"href":"https:\/\/iselamendez.mx\/farmacia\/wp-json\/wp\/v2\/types\/product"}],"replies":[{"embeddable":true,"href":"https:\/\/iselamendez.mx\/farmacia\/wp-json\/wp\/v2\/comments?post=9133"}],"wp:featuredmedia":[{"embeddable":true,"href":"https:\/\/iselamendez.mx\/farmacia\/wp-json\/wp\/v2\/media\/9134"}],"wp:attachment":[{"href":"https:\/\/iselamendez.mx\/farmacia\/wp-json\/wp\/v2\/media?parent=9133"}],"wp:term":[{"taxonomy":"product_brand","embeddable":true,"href":"https:\/\/iselamendez.mx\/farmacia\/wp-json\/wp\/v2\/product_brand?post=9133"},{"taxonomy":"product_cat","embeddable":true,"href":"https:\/\/iselamendez.mx\/farmacia\/wp-json\/wp\/v2\/product_cat?post=9133"},{"taxonomy":"product_tag","embeddable":true,"href":"https:\/\/iselamendez.mx\/farmacia\/wp-json\/wp\/v2\/product_tag?post=9133"}],"curies":[{"name":"wp","href":"https:\/\/api.w.org\/{rel}","templated":true}]}}