{"id":9193,"date":"2021-01-18T18:39:40","date_gmt":"2021-01-19T00:39:40","guid":{"rendered":"https:\/\/iselamendez.mx\/farmacia\/?post_type=product&#038;p=9193"},"modified":"2026-04-02T18:06:38","modified_gmt":"2026-04-03T00:06:38","slug":"svr-topialyse-barriere-crema","status":"publish","type":"product","link":"https:\/\/iselamendez.mx\/farmacia\/tienda\/funcion\/tratamiento\/piel-sensible\/svr-topialyse-barriere-crema\/","title":{"rendered":"SVR Topialyse Barriere Crema 50ml"},"content":{"rendered":"<p>SVR Topialyse Barriere Crema esta f\u00f3rmula de triple acci\u00f3n y alta tolerancia que repara, restaura y protege las zonas reactivas e irritadas.<\/p>\n<pre style=\"text-align: center;\">Crema\u00a0 reparadora para piel con estr\u00e9s, agresi\u00f3n , ara\u00f1azos irritaci\u00f3n\u00a0 etc...<\/pre>\n<h5>\u00bfC\u00f3mo act\u00faa?<\/h5>\n<p>en ocasiones la piel seca es por factores como el clima fr\u00edo o caliente, la baja humedad en el aire y la inmersi\u00f3n en agua caliente. Para las pieles sensibles es m\u00e1s dif\u00edcil encontrar una crema que cubra todo lo que necesita la piel.<\/p>\n<p>Esta crema tiene una <strong>Acci\u00f3n anti-picor; gracias al <\/strong>Omegas 3, 6, 9 que\u00a0 restauran, reestructuran y refuerzan la funci\u00f3n barrera.As\u00ed mismo el p\u00e9ptido regula los mecanismos naturales de defensa.<\/p>\n<p>por ultimo el \u00e1cido Glicirric\u00ednico, reduce las sensaciones de picor.<\/p>\n<p>&nbsp;<\/p>\n<p><b>Por otro lado tambi\u00e9n cuenta con una Acci\u00f3n reparadora de\u00a0 \u00c1cido hialur\u00f3nico de alto peso molecular; que tiene un e<\/b>fecto barrera protectora Complejo de aceite de Crambe + fitosteroles: protecci\u00f3n sin efecto oclusivo.<\/p>\n<p>Esta crema es apta para pieles secas con tendencia at\u00f3pica y para zonas reactivas, irritadas y localizadas: manos, cara, cuerpo; incluso en Ni\u00f1os y adultos.<\/p>\n<p>Todo ello en una textura nutritiva con acabado invisible, no graso y no pegajoso y resistente al agua.<\/p>\n<h5>Modo de uso<\/h5>\n<p>SVR Topialyse Barriere Crema Crema de d\u00eda o de noche, para uso diario en \u00e1rea\u00a0 localizadas irritadas.<\/p>\n<p>\u00a1Mira la l\u00ednea<a href=\"https:\/\/iselamendez.mx\/farmacia\/?s=TOPIALYSE\"> Topialyse<\/a> para completar tu rutina!<\/p>\n<p>&nbsp;<\/p>\n<p>&nbsp;<\/p>\n","protected":false},"excerpt":{"rendered":"<p>Salud es Belleza<\/p>\n","protected":false},"featured_media":60369,"comment_status":"open","ping_status":"closed","template":"","meta":[],"product_brand":[474],"product_cat":[81,80,104,110,113,486,79,32,71],"product_tag":[368],"class_list":{"0":"post-9193","1":"product","2":"type-product","3":"status-publish","4":"has-post-thumbnail","6":"product_brand-svr","7":"product_cat-cuello-y-escote","8":"product_cat-cuerpo","9":"product_cat-fluido","10":"product_cat-manos","11":"product_cat-piel-sensible","12":"product_cat-promociones-2026","13":"product_cat-rostro","14":"product_cat-svr","15":"product_cat-tratamiento","16":"product_tag-svr","18":"first","19":"outofstock","20":"shipping-taxable","21":"purchasable","22":"product-type-simple"},"aioseo_notices":[],"_links":{"self":[{"href":"https:\/\/iselamendez.mx\/farmacia\/wp-json\/wp\/v2\/product\/9193","targetHints":{"allow":["GET"]}}],"collection":[{"href":"https:\/\/iselamendez.mx\/farmacia\/wp-json\/wp\/v2\/product"}],"about":[{"href":"https:\/\/iselamendez.mx\/farmacia\/wp-json\/wp\/v2\/types\/product"}],"replies":[{"embeddable":true,"href":"https:\/\/iselamendez.mx\/farmacia\/wp-json\/wp\/v2\/comments?post=9193"}],"wp:featuredmedia":[{"embeddable":true,"href":"https:\/\/iselamendez.mx\/farmacia\/wp-json\/wp\/v2\/media\/60369"}],"wp:attachment":[{"href":"https:\/\/iselamendez.mx\/farmacia\/wp-json\/wp\/v2\/media?parent=9193"}],"wp:term":[{"taxonomy":"product_brand","embeddable":true,"href":"https:\/\/iselamendez.mx\/farmacia\/wp-json\/wp\/v2\/product_brand?post=9193"},{"taxonomy":"product_cat","embeddable":true,"href":"https:\/\/iselamendez.mx\/farmacia\/wp-json\/wp\/v2\/product_cat?post=9193"},{"taxonomy":"product_tag","embeddable":true,"href":"https:\/\/iselamendez.mx\/farmacia\/wp-json\/wp\/v2\/product_tag?post=9193"}],"curies":[{"name":"wp","href":"https:\/\/api.w.org\/{rel}","templated":true}]}}