{"id":9259,"date":"2021-01-21T14:03:57","date_gmt":"2021-01-21T20:03:57","guid":{"rendered":"https:\/\/iselamendez.mx\/farmacia\/?post_type=product&#038;p=9259"},"modified":"2026-04-21T23:04:02","modified_gmt":"2026-04-22T05:04:02","slug":"svr-sensifine-masque-50ml","status":"publish","type":"product","link":"https:\/\/iselamendez.mx\/farmacia\/tienda\/funcion\/tratamiento\/piel-sensible\/svr-sensifine-masque-50ml\/","title":{"rendered":"SVR Sensifine Masque 50ml"},"content":{"rendered":"<h5>SVR Sensifine Masque 50ml<\/h5>\n<h5>Mascarilla, para pieles sensibles<\/h5>\n<p>&nbsp;<\/p>\n<p>Es para los amantes de las mascarillas, con su efecto Hidratante que calma al extremo la piel amar\u00e1s usarla despu\u00e9s de un d\u00eda agotador.<\/p>\n<h5>\u00bfC\u00f3mo act\u00faa?<\/h5>\n<p>Los que sufrimos de una piel hipersensible e intolerante, el buscar la salud de nuestra piel es todo un desaf\u00edo, con Masque tienes ese alivio causado por irritaciones extremas que tuvo tu piel; ya que contiene activos intensamente calmantes que le dar\u00e1n un respiro a tu piel, apagando al instante esa sensaci\u00f3n de ardor e incomodidad.<\/p>\n<p id=\"tw-target-text\" class=\"tw-data-text tw-text-large XcVN5d tw-ta\" dir=\"ltr\" data-placeholder=\"Traducci\u00f3n\"><span lang=\"es\">Para pieles sensibles, intolerantes y polial\u00e9rgicas. Una crema hidratante de acci\u00f3n r\u00e1pida que calma la piel en crisis gracias a su f\u00f3rmula m\u00ednima concentrada en activos calmantes y nutritivos. <\/span><\/p>\n<p class=\"tw-data-text tw-text-large XcVN5d tw-ta\" dir=\"ltr\" data-placeholder=\"Traducci\u00f3n\"><span lang=\"es\">La textura de la crema en gel se convierte en un aceite reconfortante al contacto con la piel para proporcionar un alivio intenso. Calmada e hidratada, incluso la piel m\u00e1s sensible vuelve a sentirse c\u00f3moda.<\/span><\/p>\n<p id=\"tw-target-text\" class=\"tw-data-text tw-text-large XcVN5d tw-ta\" dir=\"ltr\" data-placeholder=\"Traducci\u00f3n\"><span lang=\"es\">Una f\u00f3rmula m\u00ednima con 13 ingredientes. <\/span><span lang=\"es\">Son los esenciales necesarios para combinar la eficacia con una tolerancia \u00f3ptima. <\/span><\/p>\n<h5 data-placeholder=\"Traducci\u00f3n\"><\/h5>\n<h5>Modo de uso:<\/h5>\n<p>Al dormir, en el rostro limpio y seca, pon una capa ligera y dejar\u00e1s actuar toda la noche<\/p>\n<p id=\"tw-target-text\" class=\"tw-data-text tw-text-large XcVN5d tw-ta\" dir=\"ltr\" data-placeholder=\"Traducci\u00f3n\"><span lang=\"es\">Mascarilla, pondr\u00e1s una capara gruesa ya sea por la ma\u00f1ana y\/o noche, deja actuar por 5 min y retiraras el exceso si es necesario. <\/span><\/p>\n<p>Tienda en l\u00ednea <a href=\"https:\/\/iselamendez.mx\/\">Isela M\u00e9ndez<\/a> tenemos los mejores productos de <strong>SVR<\/strong>\u00a0consulta algunos de nuestros dermat\u00f3logos para una mejor valoraci\u00f3n<\/p>\n<p>&nbsp;<\/p>\n","protected":false},"excerpt":{"rendered":"<p>Salud es belleza<\/p>\n","protected":false},"featured_media":17411,"comment_status":"open","ping_status":"closed","template":"","meta":[],"product_brand":[474],"product_cat":[107,113,486,79,32],"product_tag":[368],"class_list":{"0":"post-9259","1":"product","2":"type-product","3":"status-publish","4":"has-post-thumbnail","6":"product_brand-svr","7":"product_cat-mascarilla","8":"product_cat-piel-sensible","9":"product_cat-promociones-2026","10":"product_cat-rostro","11":"product_cat-svr","12":"product_tag-svr","14":"first","15":"outofstock","16":"shipping-taxable","17":"purchasable","18":"product-type-simple"},"aioseo_notices":[],"_links":{"self":[{"href":"https:\/\/iselamendez.mx\/farmacia\/wp-json\/wp\/v2\/product\/9259","targetHints":{"allow":["GET"]}}],"collection":[{"href":"https:\/\/iselamendez.mx\/farmacia\/wp-json\/wp\/v2\/product"}],"about":[{"href":"https:\/\/iselamendez.mx\/farmacia\/wp-json\/wp\/v2\/types\/product"}],"replies":[{"embeddable":true,"href":"https:\/\/iselamendez.mx\/farmacia\/wp-json\/wp\/v2\/comments?post=9259"}],"wp:featuredmedia":[{"embeddable":true,"href":"https:\/\/iselamendez.mx\/farmacia\/wp-json\/wp\/v2\/media\/17411"}],"wp:attachment":[{"href":"https:\/\/iselamendez.mx\/farmacia\/wp-json\/wp\/v2\/media?parent=9259"}],"wp:term":[{"taxonomy":"product_brand","embeddable":true,"href":"https:\/\/iselamendez.mx\/farmacia\/wp-json\/wp\/v2\/product_brand?post=9259"},{"taxonomy":"product_cat","embeddable":true,"href":"https:\/\/iselamendez.mx\/farmacia\/wp-json\/wp\/v2\/product_cat?post=9259"},{"taxonomy":"product_tag","embeddable":true,"href":"https:\/\/iselamendez.mx\/farmacia\/wp-json\/wp\/v2\/product_tag?post=9259"}],"curies":[{"name":"wp","href":"https:\/\/api.w.org\/{rel}","templated":true}]}}