{"id":9260,"date":"2021-01-21T11:21:46","date_gmt":"2021-01-21T17:21:46","guid":{"rendered":"https:\/\/iselamendez.mx\/farmacia\/?post_type=product&#038;p=9260"},"modified":"2026-04-01T03:20:12","modified_gmt":"2026-04-01T09:20:12","slug":"noon-lacto-ceramide-15","status":"publish","type":"product","link":"https:\/\/iselamendez.mx\/farmacia\/tienda\/funcion\/tratamiento\/anti-edad\/noon-lacto-ceramide-15\/","title":{"rendered":"NOON Lacto Ceramide -15 50g"},"content":{"rendered":"<p>NOON Lacto Ceramide -15 50g<\/p>\n<p>Tratamiento intensivo de rejuvenecimiento rico en \u00c1cido l\u00e1ctico y Ceramidas tipo 2,3,6.<\/p>\n<pre style=\"text-align: center;\">Para pieles sensibles y mixtas con acn\u00e9, envejecimiento, decoloraci\u00f3n, deshidrataci\u00f3n, enrojecimiento e irritaci\u00f3n.<\/pre>\n<h5>\u00bfC\u00f3mo act\u00faa?<\/h5>\n<p>La piel es el \u00f3rgano m\u00e1s grande del cuerpo humano y representa hasta una sexta parte del peso de nuestro cuerpo. En este contexto, la piel act\u00faa como una barrera entre el cuerpo humano y su entorno, cumpliendo con \u00e9xito una gran cantidad de tareas esenciales para mantener la salud humana en general.<\/p>\n<p>Es particularmente activo para un tratamiento antienvejecimiento, ya que se basa en una combinaci\u00f3n ganadora de 15% de \u00e1cido l\u00e1ctico y tipos de ceramida 2,3,6.<\/p>\n<p>Contiene la combinaci\u00f3n efectiva de AHA y DermShieldTM, permite el uso de la crema con todo tipo de piel, a lo largo de las estaciones y sin causar irritaci\u00f3n o sensaci\u00f3n de sequedad.<\/p>\n<p>Es as\u00ed que <b>el \u00e1cido l\u00e1ctico<\/b>\u00a0estimula y rejuvenece la piel, proporcionando una mejora significativa en la textura de la piel y el nivel de humedad.<\/p>\n<p>Reduce a\u00fan m\u00e1s las imperfecciones y aumenta la densidad y la elasticidad de la piel.\u00a0<b>Ceramidas 2,3,6<\/b>\u00a0constituyen una copia perfecta de los l\u00edpidos que se encuentran en la capa superior de la piel.<\/p>\n<p>&nbsp;<\/p>\n<h5>Modo de uso:<\/h5>\n<p>Aplique una capa delgada de NOON Lacto Ceramide -15 en la cara y el cuello hasta dos veces al d\u00eda, o seg\u00fan las instrucciones de su especialista en cuidado de la piel. Durante el d\u00eda.<\/p>\n<p>Se recomienda utilizar un <a href=\"https:\/\/iselamendez.mx\/farmacia\/categoria-producto\/funcion\/protector-solar\/\">Protector Solar<\/a> despu\u00e9s.<\/p>\n","protected":false},"excerpt":{"rendered":"<p>Salud es Belleza<\/p>\n","protected":false},"featured_media":24154,"comment_status":"open","ping_status":"closed","template":"","meta":[],"product_brand":[452],"product_cat":[152,161,179,79,71],"product_tag":[],"class_list":{"0":"post-9260","1":"product","2":"type-product","3":"status-publish","4":"has-post-thumbnail","6":"product_brand-noon","7":"product_cat-anti-edad","8":"product_cat-crema-facial-tipo-de-producto","9":"product_cat-noon","10":"product_cat-rostro","11":"product_cat-tratamiento","13":"first","14":"instock","15":"shipping-taxable","16":"purchasable","17":"product-type-simple"},"aioseo_notices":[],"_links":{"self":[{"href":"https:\/\/iselamendez.mx\/farmacia\/wp-json\/wp\/v2\/product\/9260","targetHints":{"allow":["GET"]}}],"collection":[{"href":"https:\/\/iselamendez.mx\/farmacia\/wp-json\/wp\/v2\/product"}],"about":[{"href":"https:\/\/iselamendez.mx\/farmacia\/wp-json\/wp\/v2\/types\/product"}],"replies":[{"embeddable":true,"href":"https:\/\/iselamendez.mx\/farmacia\/wp-json\/wp\/v2\/comments?post=9260"}],"wp:featuredmedia":[{"embeddable":true,"href":"https:\/\/iselamendez.mx\/farmacia\/wp-json\/wp\/v2\/media\/24154"}],"wp:attachment":[{"href":"https:\/\/iselamendez.mx\/farmacia\/wp-json\/wp\/v2\/media?parent=9260"}],"wp:term":[{"taxonomy":"product_brand","embeddable":true,"href":"https:\/\/iselamendez.mx\/farmacia\/wp-json\/wp\/v2\/product_brand?post=9260"},{"taxonomy":"product_cat","embeddable":true,"href":"https:\/\/iselamendez.mx\/farmacia\/wp-json\/wp\/v2\/product_cat?post=9260"},{"taxonomy":"product_tag","embeddable":true,"href":"https:\/\/iselamendez.mx\/farmacia\/wp-json\/wp\/v2\/product_tag?post=9260"}],"curies":[{"name":"wp","href":"https:\/\/api.w.org\/{rel}","templated":true}]}}