{"id":9264,"date":"2021-01-21T13:58:13","date_gmt":"2021-01-21T19:58:13","guid":{"rendered":"https:\/\/iselamendez.mx\/farmacia\/?post_type=product&#038;p=9264"},"modified":"2026-04-01T03:20:12","modified_gmt":"2026-04-01T09:20:12","slug":"svr-topialyse-mains-crema","status":"publish","type":"product","link":"https:\/\/iselamendez.mx\/farmacia\/tienda\/funcion\/tratamiento\/hidratacion\/svr-topialyse-mains-crema\/","title":{"rendered":"SVR Topialyse Mains Crema 50ml"},"content":{"rendered":"<p>SVR Topialyse Mains Crema es para manos que presentan tendencia ultra secas y estropeadas.<\/p>\n<p>&nbsp;<\/p>\n<p>Si notas que tus manos se est\u00e1n agrietando o estropeando, debes recurrir a una crema hidratante de manos, que te deje la piel tersa y firme, protegi\u00e9ndola de factores externos que puedan afectar a la sequedad y que empeoren su estado.<\/p>\n<h5>\u00bfC\u00f3mo act\u00faa?<\/h5>\n<p>Esta crema est\u00e1 especialmente formulada para nutrir y reparar las manos m\u00e1s secas y estropeadas. Su f\u00f3rmula ultra concentrada en fase grasa y manteca de karit\u00e9 nutre intensamente y proporciona confort inmediato.<\/p>\n<p>No m\u00e1s l\u00e1grimas ni picor de ojos por alergias primaverales o debido a los agentes irritantes diarios. Ya que es una l\u00ednea de productos espec\u00edficos para zonas extra-fr\u00e1giles.<\/p>\n<p>Sus f\u00f3rmulas de alta tolerancia han sido aprobadas y prescritas por los dermat\u00f3logos para calmar, hidratar y proteger.<\/p>\n<p>Est\u00e1 conformada por una <em>Fase grasa enriquecid<\/em>a con omega 3, 6 y 9 que es la encargada de reestructuran y restauran la barrera cut\u00e1nea.<br \/>\nPor ultimo; Manteca de karit\u00e9 es lo que nutre y calma intensamente la piel.<\/p>\n<h5>Modo de uso:<\/h5>\n<p>Aplica SVR Topialyse Mains\u00a0 sobre las manos limpias y repite las veces que sean necesario.<\/p>\n<p>Checa nuestra l\u00ednea <a href=\"https:\/\/iselamendez.mx\/farmacia\/?s=topialyse\">Topialyse<\/a> para una rutina completa.<\/p>\n","protected":false},"excerpt":{"rendered":"<p>Salud es Belleza<\/p>\n","protected":false},"featured_media":60378,"comment_status":"open","ping_status":"closed","template":"","meta":[],"product_brand":[474],"product_cat":[157,110,113,486,32,71],"product_tag":[368],"class_list":{"0":"post-9264","1":"product","2":"type-product","3":"status-publish","4":"has-post-thumbnail","6":"product_brand-svr","7":"product_cat-hidratacion","8":"product_cat-manos","9":"product_cat-piel-sensible","10":"product_cat-promociones-2026","11":"product_cat-svr","12":"product_cat-tratamiento","13":"product_tag-svr","15":"first","16":"instock","17":"shipping-taxable","18":"purchasable","19":"product-type-simple"},"aioseo_notices":[],"_links":{"self":[{"href":"https:\/\/iselamendez.mx\/farmacia\/wp-json\/wp\/v2\/product\/9264","targetHints":{"allow":["GET"]}}],"collection":[{"href":"https:\/\/iselamendez.mx\/farmacia\/wp-json\/wp\/v2\/product"}],"about":[{"href":"https:\/\/iselamendez.mx\/farmacia\/wp-json\/wp\/v2\/types\/product"}],"replies":[{"embeddable":true,"href":"https:\/\/iselamendez.mx\/farmacia\/wp-json\/wp\/v2\/comments?post=9264"}],"wp:featuredmedia":[{"embeddable":true,"href":"https:\/\/iselamendez.mx\/farmacia\/wp-json\/wp\/v2\/media\/60378"}],"wp:attachment":[{"href":"https:\/\/iselamendez.mx\/farmacia\/wp-json\/wp\/v2\/media?parent=9264"}],"wp:term":[{"taxonomy":"product_brand","embeddable":true,"href":"https:\/\/iselamendez.mx\/farmacia\/wp-json\/wp\/v2\/product_brand?post=9264"},{"taxonomy":"product_cat","embeddable":true,"href":"https:\/\/iselamendez.mx\/farmacia\/wp-json\/wp\/v2\/product_cat?post=9264"},{"taxonomy":"product_tag","embeddable":true,"href":"https:\/\/iselamendez.mx\/farmacia\/wp-json\/wp\/v2\/product_tag?post=9264"}],"curies":[{"name":"wp","href":"https:\/\/api.w.org\/{rel}","templated":true}]}}