{"id":9281,"date":"2021-01-21T17:26:41","date_gmt":"2021-01-21T23:26:41","guid":{"rendered":"https:\/\/iselamendez.mx\/farmacia\/?post_type=product&#038;p=9281"},"modified":"2026-04-01T03:20:12","modified_gmt":"2026-04-01T09:20:12","slug":"noon-azelaic-forte-25","status":"publish","type":"product","link":"https:\/\/iselamendez.mx\/farmacia\/tienda\/funcion\/tratamiento\/piel-sensible\/noon-azelaic-forte-25\/","title":{"rendered":"NOON Azelaic Forte 25"},"content":{"rendered":"<p>NOON Azelaic Forte 25 e<\/p>\n<p>Tratamiento para pieles que presentan Ros\u00e1cea muy grave. ayudando a aliviar y mitigar los granitos y protuberancias.<\/p>\n<p>&nbsp;<\/p>\n<h5>\u00bfC\u00f3mo act\u00faa?<\/h5>\n<p>Tratamiento para piel irregular con p\u00e1pulas (Protuberancia blanda y peque\u00f1a en la piel.); Enrojecimiento asociado (p\u00e1pulas rosa-rojas\/erupci\u00f3n roja) y blanqueamiento (melanoderma); Ayudando a s\u00ed a reducir la decoloraci\u00f3n si causar irritaci\u00f3n..<br \/>\nEs decir que este tratamiento contiene 25% de \u00c1cido Azelaico, proporciona tratamiento para la piel irregular con p\u00e1pulas y enrojecimiento asociado (p\u00e1pulas rosa-rojas\/erupci\u00f3n roja), ayudando a reducir la decoloraci\u00f3n.<\/p>\n<p>Esta crema es tan amigable con la piel que no genera ninguna irritaci\u00f3n.<\/p>\n<p>\u00bfQu\u00e9 es el \u00c1cido Azelaico? se usa para eliminar las protuberancias, las lesiones y la tumefacci\u00f3n, todos s\u00edntomas provocados por la ros\u00e1cea (una enfermedad que afecta a la piel y que causa enrojecimiento, rubor y espinillas en la cara). La crema de \u00e1cido azelaico se usa para tratar las espinillas y hinchaz\u00f3n causado por el acn\u00e9. El \u00e1cido azelaico pertenece a una clase de medicamentos llamados \u00e1cidos dicarbox\u00edlicos. Funciona al tratar la ros\u00e1cea por reducir hinchaz\u00f3n y enrojecimiento de la piel. Funciona al matar las bacterias que infectan los poros y al disminuir la producci\u00f3n de queratina, una sustancia natural que puede conducir al desarrollo de acn\u00e9.<\/p>\n<h5>Modo de uso<\/h5>\n<p>Sobre la piel<a href=\"https:\/\/iselamendez.mx\/farmacia\/categoria-producto\/funcion\/limpieza\/\"> limpia<\/a> Aplique NOON Azelaic Forte 25 en una capa delgada en la cara hasta dos veces al d\u00eda, o seg\u00fan las instrucciones de su especialista en cuidado de la piel.<\/p>\n<p>&nbsp;<\/p>\n","protected":false},"excerpt":{"rendered":"<p>Salud es Belleza<\/p>\n","protected":false},"featured_media":10114,"comment_status":"open","ping_status":"closed","template":"","meta":[],"product_brand":[452],"product_cat":[161,179,113,153,79,71],"product_tag":[],"class_list":{"0":"post-9281","1":"product","2":"type-product","3":"status-publish","4":"has-post-thumbnail","6":"product_brand-noon","7":"product_cat-crema-facial-tipo-de-producto","8":"product_cat-noon","9":"product_cat-piel-sensible","10":"product_cat-acne","11":"product_cat-rostro","12":"product_cat-tratamiento","14":"first","15":"outofstock","16":"shipping-taxable","17":"purchasable","18":"product-type-simple"},"aioseo_notices":[],"_links":{"self":[{"href":"https:\/\/iselamendez.mx\/farmacia\/wp-json\/wp\/v2\/product\/9281","targetHints":{"allow":["GET"]}}],"collection":[{"href":"https:\/\/iselamendez.mx\/farmacia\/wp-json\/wp\/v2\/product"}],"about":[{"href":"https:\/\/iselamendez.mx\/farmacia\/wp-json\/wp\/v2\/types\/product"}],"replies":[{"embeddable":true,"href":"https:\/\/iselamendez.mx\/farmacia\/wp-json\/wp\/v2\/comments?post=9281"}],"wp:featuredmedia":[{"embeddable":true,"href":"https:\/\/iselamendez.mx\/farmacia\/wp-json\/wp\/v2\/media\/10114"}],"wp:attachment":[{"href":"https:\/\/iselamendez.mx\/farmacia\/wp-json\/wp\/v2\/media?parent=9281"}],"wp:term":[{"taxonomy":"product_brand","embeddable":true,"href":"https:\/\/iselamendez.mx\/farmacia\/wp-json\/wp\/v2\/product_brand?post=9281"},{"taxonomy":"product_cat","embeddable":true,"href":"https:\/\/iselamendez.mx\/farmacia\/wp-json\/wp\/v2\/product_cat?post=9281"},{"taxonomy":"product_tag","embeddable":true,"href":"https:\/\/iselamendez.mx\/farmacia\/wp-json\/wp\/v2\/product_tag?post=9281"}],"curies":[{"name":"wp","href":"https:\/\/api.w.org\/{rel}","templated":true}]}}