{"id":9286,"date":"2021-01-22T10:46:22","date_gmt":"2021-01-22T16:46:22","guid":{"rendered":"https:\/\/iselamendez.mx\/farmacia\/?post_type=product&#038;p=9286"},"modified":"2026-04-01T03:20:13","modified_gmt":"2026-04-01T09:20:13","slug":"noon-double-fight-50g","status":"publish","type":"product","link":"https:\/\/iselamendez.mx\/farmacia\/tienda\/funcion\/tratamiento\/despigmentantes\/noon-double-fight-50g\/","title":{"rendered":"NOON Double Fight 50g"},"content":{"rendered":"<p>NOON Double Fight es esta crema con doble acci\u00f3n que trata\u00a0 las pieles que tienen una pigmentaci\u00f3n causada por las marcas de acn\u00e9.<\/p>\n<p>&nbsp;<\/p>\n<h5>\u00bfC\u00f3mo act\u00faa?<\/h5>\n<p>Esta crema contiene una combinaci\u00f3n de Acido lactico 10% + acido salisilico 2% y acido azelaico 20% Esta combinaci\u00f3n mejora la calidad de la piel problem\u00e1tica y trata intensamente la piel que sufre de granos, puntos negros y piel con inflamaci\u00f3n cr\u00f3nica (acn\u00e9, seborrea), al tiempo que reduce significativamente el exceso de bacterias. Double Fight tambi\u00e9n trata la pigmentaci\u00f3n post-acn\u00e9.<\/p>\n<p><strong>Los ingredientes activos utilizados en Double Fight son:<\/strong><\/p>\n<ul>\n<li><strong>Tubo A: 10% de \u00e1cido l\u00e1ctico y 2% de \u00e1cido salic\u00edlico:<\/strong>\u00a0\u2013ingredientes que tienen un efecto exfoliante y contribuyen a suavizar la piel y a una r\u00e1pida cicatrizaci\u00f3n de las imperfecciones. El \u00e1cido salic\u00edlico 100% natural, utilizado en Double Fight, tiene poderosas propiedades antimicrobianas y antiinflamatorias que son ideales para purificar y calmar la piel problem\u00e1tica.<br \/>\n*<\/li>\n<li><strong>Tubo B: \u00e1cido azelaico al 20%:\u00a0<\/strong>\u2013 El \u00e1cido azelaico es conocido por matar bacterias, trata las marcas marrones y reduce la concentraci\u00f3n de la hormona responsable de la secreci\u00f3n de aceite de la piel. Tambi\u00e9n act\u00faa como un buen agente exfoliante que ayuda al rejuvenecimiento de la piel. \u00a1El uso de \u00e1cido azelaico no permite que las bacterias involucradas en el desarrollo de las espinillas desarrollen resistencia! Despu\u00e9s de largos per\u00edodos de uso efectivo, su eficacia incluso supera las preparaciones antibi\u00f3ticas.<br \/>\n*<\/li>\n<li><strong>Tube B: Alpha Arbutina al 5%: \u2013\u00c2\u00a0<\/strong>El alpha arbutina trata las marcas de color marr\u00f3n-p\u00farpura que quedan despu\u00e9s de las espinillas en la piel oscura y previene el desarrollo de marcas marrones en la curaci\u00f3n de espinillas.<\/li>\n<\/ul>\n<p>&nbsp;<\/p>\n<p><strong>Nota:<\/strong>\u00a0El \u00e9xito del tratamiento requiere perseverancia. Cuanto m\u00e1s tiempo se use el producto, m\u00e1s eficiente ser\u00e1. Cuando se usa regularmente, la piel se equilibra y se vuelve m\u00e1s lisa, las espinillas sanan m\u00e1s r\u00e1pido y con el tiempo estallan menos espinillas.<\/p>\n<p><b>Instrucciones de uso:<\/b><br \/>\nAplique una capa delgada de Hidrogel Intensivo (A) y luego una capa delgada de Azelaic 20 (B) sobre la piel hasta dos veces al d\u00eda, o seg\u00fan las instrucciones de un especialista en cuidado de la piel.<\/p>\n<p>Durante el d\u00eda, se recomienda aplicar tambi\u00e9n el <a href=\"https:\/\/iselamendez.mx\/farmacia\/categoria-producto\/funcion\/protector-solar\/\">protector solar.<\/a><\/p>\n<p>&nbsp;<\/p>\n","protected":false},"excerpt":{"rendered":"<p>Salud es Belleza<\/p>\n","protected":false},"featured_media":9287,"comment_status":"open","ping_status":"closed","template":"","meta":[],"product_brand":[452],"product_cat":[161,154,179,153,79,71],"product_tag":[],"class_list":{"0":"post-9286","1":"product","2":"type-product","3":"status-publish","4":"has-post-thumbnail","6":"product_brand-noon","7":"product_cat-crema-facial-tipo-de-producto","8":"product_cat-despigmentantes","9":"product_cat-noon","10":"product_cat-acne","11":"product_cat-rostro","12":"product_cat-tratamiento","14":"first","15":"instock","16":"shipping-taxable","17":"purchasable","18":"product-type-simple"},"aioseo_notices":[],"_links":{"self":[{"href":"https:\/\/iselamendez.mx\/farmacia\/wp-json\/wp\/v2\/product\/9286","targetHints":{"allow":["GET"]}}],"collection":[{"href":"https:\/\/iselamendez.mx\/farmacia\/wp-json\/wp\/v2\/product"}],"about":[{"href":"https:\/\/iselamendez.mx\/farmacia\/wp-json\/wp\/v2\/types\/product"}],"replies":[{"embeddable":true,"href":"https:\/\/iselamendez.mx\/farmacia\/wp-json\/wp\/v2\/comments?post=9286"}],"wp:featuredmedia":[{"embeddable":true,"href":"https:\/\/iselamendez.mx\/farmacia\/wp-json\/wp\/v2\/media\/9287"}],"wp:attachment":[{"href":"https:\/\/iselamendez.mx\/farmacia\/wp-json\/wp\/v2\/media?parent=9286"}],"wp:term":[{"taxonomy":"product_brand","embeddable":true,"href":"https:\/\/iselamendez.mx\/farmacia\/wp-json\/wp\/v2\/product_brand?post=9286"},{"taxonomy":"product_cat","embeddable":true,"href":"https:\/\/iselamendez.mx\/farmacia\/wp-json\/wp\/v2\/product_cat?post=9286"},{"taxonomy":"product_tag","embeddable":true,"href":"https:\/\/iselamendez.mx\/farmacia\/wp-json\/wp\/v2\/product_tag?post=9286"}],"curies":[{"name":"wp","href":"https:\/\/api.w.org\/{rel}","templated":true}]}}