{"id":9616,"date":"2021-02-25T13:55:33","date_gmt":"2021-02-25T19:55:33","guid":{"rendered":"https:\/\/iselamendez.mx\/farmacia\/?post_type=product&#038;p=9616"},"modified":"2026-04-01T03:20:14","modified_gmt":"2026-04-01T09:20:14","slug":"svr-clairial-creme-spf50","status":"publish","type":"product","link":"https:\/\/iselamendez.mx\/farmacia\/tienda\/funcion\/tratamiento\/despigmentantes\/svr-clairial-creme-spf50\/","title":{"rendered":"SVR Clairial Creme SPF50+ 40ml"},"content":{"rendered":"<h5>SVR Clairial Creme SPF50+ 40ml<\/h5>\n<h5>Combina una protecci\u00f3n solar muy alta (UVA, UVB, luz visible) y un complejo despigmentante lumiwhite para corregir y prevenir todo tipo de manchas.<\/h5>\n<h5><\/h5>\n<h5>\u00bfC\u00f3mo act\u00faa?<\/h5>\n<p>Las pieles que presentan manchitas en la piel necesitan un bloqueador que las proteja para no da\u00f1ar su piel, con esta crema 2 en uno; protecci\u00f3n solar muy alta combinada con un despigmentante que ayuda a atenuar las manchas y evitando su reaparici\u00f3n.<\/p>\n<p>Mientras m\u00e1s lo usas m\u00e1s eliminas las manchas alojadas en la piel.<\/p>\n<p>Este protector solar es para todas las pieles sensibles. Para todos los tipos de manchas relacionadas con el sol, envejecimiento, embarazo, imperfecciones, tez irregular.<\/p>\n<p>El 60% de las manchas de pigmentaci\u00f3n est\u00e1n relacionadas con el sol. Pero para ser m\u00e1s precisos, estas manchas est\u00e1n relacionadas principalmente con la UVA y la luz visible, ambas presentes incluso cuando el tiempo no es bueno.<\/p>\n<p>&nbsp;<\/p>\n<h5>Modo de uso:<\/h5>\n<p>Aplica <strong>Creme SPF50+<\/strong> por la ma\u00f1ana en las zonas expuestas: rostro, escote, manos.<br \/>\nRecuerda aplicar en cantidades suficientes y homog\u00e9neas antes de cada exposici\u00f3n al sol. Renovar la aplicaci\u00f3n con frecuencia.<\/p>\n<p>Si deseas una acci\u00f3n antimanchas m\u00e1s fuerte te recomendamos utilizar el SVR Clairial Suero y SVR Clairial Night Peel.<\/p>\n<p>Echa un vistazo a la l\u00ednea completa de\u00a0<a href=\"https:\/\/iselamendez.mx\/farmacia\/?s=CLAIRIAL\">\u00a1SVR Clairial\u00a0 y obt\u00e9n una rutina completa!<\/a><\/p>\n<p>&nbsp;<\/p>\n<p>&nbsp;<\/p>\n<p>&nbsp;<\/p>\n","protected":false},"excerpt":{"rendered":"<p>Salud es belleza<\/p>\n<p>&nbsp;<\/p>\n","protected":false},"featured_media":9617,"comment_status":"open","ping_status":"closed","template":"","meta":[],"product_brand":[474],"product_cat":[81,154,110,486,83,79,590,32],"product_tag":[368],"class_list":{"0":"post-9616","1":"product","2":"type-product","3":"status-publish","4":"has-post-thumbnail","6":"product_brand-svr","7":"product_cat-cuello-y-escote","8":"product_cat-despigmentantes","9":"product_cat-manos","10":"product_cat-promociones-2026","11":"product_cat-protector-solar","12":"product_cat-rostro","13":"product_cat-semana-santa","14":"product_cat-svr","15":"product_tag-svr","17":"first","18":"instock","19":"shipping-taxable","20":"purchasable","21":"product-type-simple"},"aioseo_notices":[],"_links":{"self":[{"href":"https:\/\/iselamendez.mx\/farmacia\/wp-json\/wp\/v2\/product\/9616","targetHints":{"allow":["GET"]}}],"collection":[{"href":"https:\/\/iselamendez.mx\/farmacia\/wp-json\/wp\/v2\/product"}],"about":[{"href":"https:\/\/iselamendez.mx\/farmacia\/wp-json\/wp\/v2\/types\/product"}],"replies":[{"embeddable":true,"href":"https:\/\/iselamendez.mx\/farmacia\/wp-json\/wp\/v2\/comments?post=9616"}],"wp:featuredmedia":[{"embeddable":true,"href":"https:\/\/iselamendez.mx\/farmacia\/wp-json\/wp\/v2\/media\/9617"}],"wp:attachment":[{"href":"https:\/\/iselamendez.mx\/farmacia\/wp-json\/wp\/v2\/media?parent=9616"}],"wp:term":[{"taxonomy":"product_brand","embeddable":true,"href":"https:\/\/iselamendez.mx\/farmacia\/wp-json\/wp\/v2\/product_brand?post=9616"},{"taxonomy":"product_cat","embeddable":true,"href":"https:\/\/iselamendez.mx\/farmacia\/wp-json\/wp\/v2\/product_cat?post=9616"},{"taxonomy":"product_tag","embeddable":true,"href":"https:\/\/iselamendez.mx\/farmacia\/wp-json\/wp\/v2\/product_tag?post=9616"}],"curies":[{"name":"wp","href":"https:\/\/api.w.org\/{rel}","templated":true}]}}