{"id":9809,"date":"2021-03-18T17:16:53","date_gmt":"2021-03-18T23:16:53","guid":{"rendered":"https:\/\/iselamendez.mx\/farmacia\/?post_type=product&#038;p=9809"},"modified":"2026-05-04T09:04:39","modified_gmt":"2026-05-04T15:04:39","slug":"svr-ampoule-refresh-%e2%98%bc","status":"publish","type":"product","link":"https:\/\/iselamendez.mx\/farmacia\/tienda\/funcion\/tratamiento\/ojeras\/svr-ampoule-refresh-%e2%98%bc\/","title":{"rendered":"SVR Ampoule Refresh 15ml"},"content":{"rendered":"<div class=\"product__main\">\n<div class=\"product__sidebar product__sidebar--is-sticky\">\n<div class=\"inner-wrapper-sticky\">\n<div class=\"product__actions\"><a href=\"https:\/\/es.labo-svr.com\/products\/ampoule-refresh\">SVR Ampoule Refresh \u263c 15ml<\/a><\/div>\n<\/div>\n<\/div>\n<\/div>\n<h5>S\u00e9rum para despertar, tonificar y suavizar el contorno de tus ojos en tu d\u00eda a d\u00eda.<\/h5>\n<div class=\"product__content\">\n<div class=\"product__tab expanded\" data-drawer-container=\"\">\n<p>&nbsp;<\/p>\n<h5>\u00bfC\u00f3mo act\u00faa?<\/h5>\n<p>Este s\u00e9rum de d\u00eda ultra-fresco despierta, tonifica y suaviza el contorno de los ojos. Enriquecido con cafe\u00edna, estimula la piel del contorno de ojos, favorece la microcirculaci\u00f3n y descongestiona la piel para actuar en las ojeras y bolsas de debajo de los ojos. Formulado con p\u00e9ptidos y \u00e1cido hialur\u00f3nico, el \u00e1rea ocular se alisa, reafirma e hidrata, lista para todo el d\u00eda. Adem\u00e1s, \u00a1viene con un innovador aplicador! Una pipeta met\u00e1lica dise\u00f1ada para masajear el producto directamente en esta \u00e1rea para un efecto refrescante instant\u00e1neo, maximizando la acci\u00f3n para eliminar bolsas y ojeras. No m\u00e1s sombras e hinchazones por la ma\u00f1ana: los ojos quedan frescos, despiertos y alisados.<\/p>\n<p>&nbsp;<\/p>\n<\/div>\n<\/div>\n<h5>Modo de uso:<\/h5>\n<p>Por la ma\u00f1ana, extrae una peque\u00f1a cantidad de s\u00e9rum en la pipeta y apl\u00edcatelo sobre la piel no irritada alrededor de los ojos y luego masajea con la punta de metal. Puedes terminar el masaje con las yemas de los dedos hasta que el s\u00e9rum se absorba por completo. No aplicar directamente sobre del ojo mismo<\/p>\n<p>&nbsp;<\/p>\n<p>Para un delicioso descanso\u00a0 <a href=\"https:\/\/iselamendez.mx\/farmacia\/tienda\/marcas\/svr\/svr-ampoule-relax-%e2%98%be\/\">SVR Ampoule Relax \u263e<\/a><\/p>\n","protected":false},"excerpt":{"rendered":"<p>Salud es belleza<\/p>\n","protected":false},"featured_media":16376,"comment_status":"open","ping_status":"closed","template":"","meta":[],"product_brand":[474],"product_cat":[159,78,486,69,32,71],"product_tag":[368],"class_list":{"0":"post-9809","1":"product","2":"type-product","3":"status-publish","4":"has-post-thumbnail","6":"product_brand-svr","7":"product_cat-ojeras","8":"product_cat-ojos","9":"product_cat-promociones-2026","10":"product_cat-suero","11":"product_cat-svr","12":"product_cat-tratamiento","13":"product_tag-svr","15":"first","16":"outofstock","17":"sale","18":"shipping-taxable","19":"purchasable","20":"product-type-simple"},"aioseo_notices":[],"_links":{"self":[{"href":"https:\/\/iselamendez.mx\/farmacia\/wp-json\/wp\/v2\/product\/9809","targetHints":{"allow":["GET"]}}],"collection":[{"href":"https:\/\/iselamendez.mx\/farmacia\/wp-json\/wp\/v2\/product"}],"about":[{"href":"https:\/\/iselamendez.mx\/farmacia\/wp-json\/wp\/v2\/types\/product"}],"replies":[{"embeddable":true,"href":"https:\/\/iselamendez.mx\/farmacia\/wp-json\/wp\/v2\/comments?post=9809"}],"wp:featuredmedia":[{"embeddable":true,"href":"https:\/\/iselamendez.mx\/farmacia\/wp-json\/wp\/v2\/media\/16376"}],"wp:attachment":[{"href":"https:\/\/iselamendez.mx\/farmacia\/wp-json\/wp\/v2\/media?parent=9809"}],"wp:term":[{"taxonomy":"product_brand","embeddable":true,"href":"https:\/\/iselamendez.mx\/farmacia\/wp-json\/wp\/v2\/product_brand?post=9809"},{"taxonomy":"product_cat","embeddable":true,"href":"https:\/\/iselamendez.mx\/farmacia\/wp-json\/wp\/v2\/product_cat?post=9809"},{"taxonomy":"product_tag","embeddable":true,"href":"https:\/\/iselamendez.mx\/farmacia\/wp-json\/wp\/v2\/product_tag?post=9809"}],"curies":[{"name":"wp","href":"https:\/\/api.w.org\/{rel}","templated":true}]}}