{"id":9983,"date":"2021-04-01T13:32:10","date_gmt":"2021-04-01T19:32:10","guid":{"rendered":"https:\/\/iselamendez.mx\/farmacia\/?post_type=product&#038;p=9983"},"modified":"2026-04-15T10:39:00","modified_gmt":"2026-04-15T16:39:00","slug":"ds-laboratories-spectral-dnc","status":"publish","type":"product","link":"https:\/\/iselamendez.mx\/farmacia\/tienda\/funcion\/tratamiento\/crecimiento-capilar\/ds-laboratories-spectral-dnc\/","title":{"rendered":"DS Laboratories Spectral.DNC Serum 60ml"},"content":{"rendered":"<p><a href=\"https:\/\/dslaboratories.com.mx\/products\/spectral-dnc-tratamiento-intensivo-contra-alopecia-androgenetica\">DS Laboratories Spectral.DNC 60ml<\/a><\/p>\n<h5 class=\"product__title-under\">TRATAMIENTO INTENSIVO CONTRA LA ALOPECIA ANDROGEN\u00c9TICA<\/h5>\n<h5><\/h5>\n<h5>\u00bfC\u00f3mo act\u00faa?<\/h5>\n<p>Es un tratamiento intensivo que estimula y regenera el crecimiento del cabello en hombres y mujeres, l\u00edder mundial en regeneraci\u00f3n capilar.<\/p>\n<p>Su f\u00f3rmula avanzada responde a todos los factores conocidos de la ca\u00edda del cabello. A diferencia de otros productos en el mercado, est\u00e1 formulado con sulfato de minoxidil al 5%, el cual es soluble en agua y, por lo tanto, no requiere de una alta concentraci\u00f3n de propilenglicol o alcohol, sustancias que provocan irritaci\u00f3n en la piel cabelluda y dejan una sensaci\u00f3n oleosa en el cabello.<\/p>\n<p>Los ingredientes activos est\u00e1n encapsulados, lo cual facilita su absorci\u00f3n, aumenta el transporte activo de ingredientes en la piel y estimula la regeneraci\u00f3n capilar durante m\u00e1s de 12 horas.<\/p>\n<p>Su presentaci\u00f3n en loci\u00f3n permite una f\u00e1cil aplicaci\u00f3n, estimulando al fol\u00edculo piloso y dejando el cabello suave y manejable.<\/p>\n<p>&nbsp;<\/p>\n<h5>Beneficios:<\/h5>\n<ul>\n<li>Aumenta la densidad y estimula el crecimiento del cabello<\/li>\n<li>Preserva la flexibilidad y elasticidad de los fol\u00edculos<\/li>\n<li>Engrosa el cabello y estimula la microcirculaci\u00f3n<\/li>\n<li>Estimula la apertura de canales de iones<\/li>\n<li>Antioxidante y antiinflamatorio<\/li>\n<\/ul>\n<p>&nbsp;<\/p>\n<div class=\"product-info__info-title\">\n<h5>\u00bfQui\u00e9n lo necesita?<\/h5>\n<\/div>\n<div class=\"product-info__who-content\">\n<ul>\n<li>Hombres que presenten una ca\u00edda de cabello moderada<\/li>\n<li>Mujeres que presenten una ca\u00edda de cabello avanzada<\/li>\n<li>Pacientes a los que se les ha realizado un trasplante capilar y quieren proteger los fol\u00edculos trasplantados y favorecer el crecimiento del cabello<\/li>\n<\/ul>\n<p>&nbsp;<\/p>\n<\/div>\n<h4 style=\"text-align: center;\">El uso continuo y la constancia son necesarios para obtener \u00f3ptimos resultados<\/h4>\n<div class=\"product-info__info-title\">\n<h5>Modo de uso:<\/h5>\n<\/div>\n<div class=\"product-info__instructions-content\">Aplica 6 atomizaciones de <a href=\"https:\/\/dslaboratories.com.mx\/products\/spectral-dnc-tratamiento-intensivo-contra-alopecia-androgenetica\">Spectral.DNC<\/a> 2 veces al d\u00eda, directamente en el \u00e1rea afectada por la p\u00e9rdida de cabello. No enjuagues. <strong>Utiliza durante un periodo de 3 meses<\/strong> antes de evaluar resultados.<\/div>\n<div><\/div>\n<div class=\"product-info__instructions-content\">Para obtener mejores resultados, utiliza:<\/div>\n<ul>\n<li class=\"product-info__instructions-content\">Revita Shampoo,<\/li>\n<li class=\"product-info__instructions-content\">Revita Acondicionador,<\/li>\n<li class=\"product-info__instructions-content\">Spectral.F7<\/li>\n<li class=\"product-info__instructions-content\">Revita Tabletas<\/li>\n<\/ul>\n<p>&nbsp;<\/p>\n<p>&nbsp;<\/p>\n","protected":false},"excerpt":{"rendered":"<p>Salud es belleza<\/p>\n<p>&nbsp;<\/p>\n","protected":false},"featured_media":41246,"comment_status":"open","ping_status":"closed","template":"","meta":[],"product_brand":[412],"product_cat":[112,151,115,105,71],"product_tag":[348],"class_list":{"0":"post-9983","1":"product","2":"type-product","3":"status-publish","4":"has-post-thumbnail","6":"product_brand-ds-laboratories","7":"product_cat-cabeza","8":"product_cat-crecimiento-capilar","9":"product_cat-ds-laboratories","10":"product_cat-spray","11":"product_cat-tratamiento","12":"product_tag-ds-laboratories","14":"first","15":"instock","16":"shipping-taxable","17":"purchasable","18":"product-type-simple"},"aioseo_notices":[],"_links":{"self":[{"href":"https:\/\/iselamendez.mx\/farmacia\/wp-json\/wp\/v2\/product\/9983","targetHints":{"allow":["GET"]}}],"collection":[{"href":"https:\/\/iselamendez.mx\/farmacia\/wp-json\/wp\/v2\/product"}],"about":[{"href":"https:\/\/iselamendez.mx\/farmacia\/wp-json\/wp\/v2\/types\/product"}],"replies":[{"embeddable":true,"href":"https:\/\/iselamendez.mx\/farmacia\/wp-json\/wp\/v2\/comments?post=9983"}],"wp:featuredmedia":[{"embeddable":true,"href":"https:\/\/iselamendez.mx\/farmacia\/wp-json\/wp\/v2\/media\/41246"}],"wp:attachment":[{"href":"https:\/\/iselamendez.mx\/farmacia\/wp-json\/wp\/v2\/media?parent=9983"}],"wp:term":[{"taxonomy":"product_brand","embeddable":true,"href":"https:\/\/iselamendez.mx\/farmacia\/wp-json\/wp\/v2\/product_brand?post=9983"},{"taxonomy":"product_cat","embeddable":true,"href":"https:\/\/iselamendez.mx\/farmacia\/wp-json\/wp\/v2\/product_cat?post=9983"},{"taxonomy":"product_tag","embeddable":true,"href":"https:\/\/iselamendez.mx\/farmacia\/wp-json\/wp\/v2\/product_tag?post=9983"}],"curies":[{"name":"wp","href":"https:\/\/api.w.org\/{rel}","templated":true}]}}